{"id":5042,"date":"2024-11-21T18:58:13","date_gmt":"2024-11-21T18:58:13","guid":{"rendered":"https:\/\/durathermcanada.ca\/ressources-techniques\/liens-interessants\/"},"modified":"2025-07-24T13:58:13","modified_gmt":"2025-07-24T13:58:13","slug":"liens-interessants","status":"publish","type":"page","link":"https:\/\/durathermcanada.ca\/fr\/ressources\/liens\/","title":{"rendered":"Liens int\u00e9ressants"},"content":{"rendered":"[vc_row type=\u00a0\u00bbfull_width_background\u00a0\u00bb full_screen_row_position=\u00a0\u00bbmiddle\u00a0\u00bb column_margin=\u00a0\u00bbdefault\u00a0\u00bb column_direction=\u00a0\u00bbdefault\u00a0\u00bb column_direction_tablet=\u00a0\u00bbdefault\u00a0\u00bb column_direction_phone=\u00a0\u00bbdefault\u00a0\u00bb scene_position=\u00a0\u00bbcenter\u00a0\u00bb text_color=\u00a0\u00bbdark\u00a0\u00bb text_align=\u00a0\u00bbleft\u00a0\u00bb row_border_radius=\u00a0\u00bbnone\u00a0\u00bb row_border_radius_applies=\u00a0\u00bbbg\u00a0\u00bb overflow=\u00a0\u00bbvisible\u00a0\u00bb overlay_strength=\u00a0\u00bb0.3&Prime; gradient_direction=\u00a0\u00bbleft_to_right\u00a0\u00bb shape_divider_position=\u00a0\u00bbbottom\u00a0\u00bb bg_image_animation=\u00a0\u00bbnone\u00a0\u00bb gradient_type=\u00a0\u00bbdefault\u00a0\u00bb shape_type=\u00a0\u00bb\u00a0\u00bb][vc_column top_padding_desktop=\u00a0\u00bb40px\u00a0\u00bb right_padding_desktop=\u00a0\u00bb20px\u00a0\u00bb column_element_direction_desktop=\u00a0\u00bbdefault\u00a0\u00bb column_element_spacing=\u00a0\u00bbdefault\u00a0\u00bb desktop_text_alignment=\u00a0\u00bbdefault\u00a0\u00bb tablet_text_alignment=\u00a0\u00bbdefault\u00a0\u00bb phone_text_alignment=\u00a0\u00bbdefault\u00a0\u00bb background_color_opacity=\u00a0\u00bb1&Prime; background_hover_color_opacity=\u00a0\u00bb1&Prime; column_backdrop_filter=\u00a0\u00bbnone\u00a0\u00bb column_shadow=\u00a0\u00bbnone\u00a0\u00bb column_border_radius=\u00a0\u00bbnone\u00a0\u00bb column_link_target=\u00a0\u00bb_self\u00a0\u00bb column_position=\u00a0\u00bbdefault\u00a0\u00bb gradient_direction=\u00a0\u00bbleft_to_right\u00a0\u00bb overlay_strength=\u00a0\u00bb0.3&Prime; width=\u00a0\u00bb2\/3&Prime; tablet_width_inherit=\u00a0\u00bbdefault\u00a0\u00bb animation_type=\u00a0\u00bbdefault\u00a0\u00bb bg_image_animation=\u00a0\u00bbnone\u00a0\u00bb border_type=\u00a0\u00bbsimple\u00a0\u00bb column_border_width=\u00a0\u00bbnone\u00a0\u00bb column_border_style=\u00a0\u00bbsolid\u00a0\u00bb column_padding_type=\u00a0\u00bbadvanced\u00a0\u00bb gradient_type=\u00a0\u00bbdefault\u00a0\u00bb][dura_custom_title text_tag=\u00a0\u00bbh1&Prime; alignment=\u00a0\u00bbjustify-content: flex-start;\u00a0\u00bb text_align=\u00a0\u00bbtext-align: left;\u00a0\u00bb]Liens int\u00e9ressants reli\u00e9s \u00e0 l&rsquo;industrie[\/dura_custom_title][vc_column_text css=\u00a0\u00bb.vc_custom_1732269996963{margin-top: 30px !important;}\u00a0\u00bb]\n<div class=\"mb-4\">\n<h2 class=\"h5 text-capitalize\">Extrusion<br \/>\n<a class=\"font-weight-normal\" href=\"http:\/\/www.milacron.com\/\" target=\"_blank\" rel=\"noopener\">Milacron<\/a> | <a class=\"font-weight-normal\" href=\"https:\/\/www.kraussmaffei.com\/\" target=\"_blank\" rel=\"noopener\">KraussMaffei<\/a><\/h2>\n<\/div>\n<div class=\"mb-4\">\n<h2 class=\"h5 text-capitalize\">Syst\u00e8mes portables \u00e0 l&rsquo;huile chauff\u00e9e \u00e9lectriquement<br \/>\n<a class=\"font-weight-normal\" href=\"http:\/\/www.mokon.com\/\" target=\"_blank\" rel=\"noopener\">Mokon<\/a> | <a class=\"font-weight-normal\" href=\"http:\/\/www.sterlco.com\/\" target=\"_blank\" rel=\"noopener\">Sterling<\/a> | <a class=\"font-weight-normal\" href=\"http:\/\/www.aecinternet.com\/\" target=\"_blank\" rel=\"noopener\">AEC<\/a> | <a class=\"font-weight-normal\" href=\"http:\/\/www.deltat.com\/\" target=\"_blank\" rel=\"noopener\">Delta T<\/a> | <a class=\"font-weight-normal\" href=\"http:\/\/www.regloplasusa.com\/\" target=\"_blank\" rel=\"noopener\">Regloplas<\/a> | <a class=\"font-weight-normal\" href=\"http:\/\/www.thermalcare.com\/\" target=\"_blank\" rel=\"noopener\">Thermal Care<\/a><\/h2>\n<\/div>\n<div class=\"mb-4\">\n<h2 class=\"h5 text-capitalize\">Chauffage au gaz\/syst\u00e8mes \u00e0 l&rsquo;huile chauff\u00e9e \u00e9lectriquement<br \/>\n<a class=\"font-weight-normal\" href=\"http:\/\/www.fulton.com\/\" target=\"_blank\" rel=\"noopener\">Fulton<\/a> | <a class=\"font-weight-normal\" href=\"http:\/\/www.heat-inc.com\/\" target=\"_blank\" rel=\"noopener\">Heat Exchange And Transfer, Inc.<\/a> | <a class=\"font-weight-normal\" href=\"http:\/\/www.gaumer.com\/\" target=\"_blank\" rel=\"noopener\">Gaumer Process<\/a> | <a class=\"font-weight-normal\" href=\"https:\/\/www.heatec.com\/\" target=\"_blank\" rel=\"noopener\">Heatec<\/a> | <a class=\"font-weight-normal\" href=\"http:\/\/www.americanhydrotherm.com\/\" target=\"_blank\" rel=\"noopener\">American Hydrotherm<\/a> | <a class=\"font-weight-normal\" href=\"http:\/\/www.first-thermal.com\/\" target=\"_blank\" rel=\"noopener\">First Thermal Heaters<\/a> | <a class=\"font-weight-normal\" href=\"http:\/\/www.tfsheat.com\/\" target=\"_blank\" rel=\"noopener\">Thermal Fluid Systems, Inc.<\/a><\/h2>\n<\/div>\n<div class=\"mb-4\"><\/div>\n[\/vc_column_text][\/vc_column][vc_column top_padding_desktop=\u00a0\u00bb40px\u00a0\u00bb constrain_group_100=\u00a0\u00bbyes\u00a0\u00bb bottom_padding_desktop=\u00a0\u00bb40px\u00a0\u00bb left_padding_desktop=\u00a0\u00bb20px\u00a0\u00bb constrain_group_101=\u00a0\u00bbyes\u00a0\u00bb right_padding_desktop=\u00a0\u00bb20px\u00a0\u00bb constrain_group_1=\u00a0\u00bbyes\u00a0\u00bb constrain_group_2=\u00a0\u00bbyes\u00a0\u00bb column_element_direction_desktop=\u00a0\u00bbdefault\u00a0\u00bb column_element_spacing=\u00a0\u00bbdefault\u00a0\u00bb desktop_text_alignment=\u00a0\u00bbdefault\u00a0\u00bb tablet_text_alignment=\u00a0\u00bbdefault\u00a0\u00bb phone_text_alignment=\u00a0\u00bbdefault\u00a0\u00bb background_color=\u00a0\u00bb#efeff2&Prime; background_color_opacity=\u00a0\u00bb1&Prime; background_hover_color_opacity=\u00a0\u00bb1&Prime; column_backdrop_filter=\u00a0\u00bbnone\u00a0\u00bb column_shadow=\u00a0\u00bbnone\u00a0\u00bb column_border_radius=\u00a0\u00bbnone\u00a0\u00bb column_link_target=\u00a0\u00bb_self\u00a0\u00bb column_position=\u00a0\u00bbdefault\u00a0\u00bb gradient_direction=\u00a0\u00bbleft_to_right\u00a0\u00bb overlay_strength=\u00a0\u00bb0.3&Prime; width=\u00a0\u00bb1\/3&Prime; tablet_width_inherit=\u00a0\u00bbdefault\u00a0\u00bb animation_type=\u00a0\u00bbdefault\u00a0\u00bb bg_image_animation=\u00a0\u00bbnone\u00a0\u00bb border_type=\u00a0\u00bbsimple\u00a0\u00bb column_border_width=\u00a0\u00bbnone\u00a0\u00bb column_border_style=\u00a0\u00bbsolid\u00a0\u00bb column_padding_type=\u00a0\u00bbadvanced\u00a0\u00bb gradient_type=\u00a0\u00bbdefault\u00a0\u00bb][dura_blog_posts title=\u00a0\u00bbCentre d&rsquo;apprentissage\u00a0\u00bb excerpt_length=\u00a0\u00bb10&Prime;][\/vc_column][\/vc_row]\n","protected":false},"excerpt":{"rendered":"<p>[vc_row type=\u00a0\u00bbfull_width_background\u00a0\u00bb full_screen_row_position=\u00a0\u00bbmiddle\u00a0\u00bb column_margin=\u00a0\u00bbdefault\u00a0\u00bb column_direction=\u00a0\u00bbdefault\u00a0\u00bb column_direction_tablet=\u00a0\u00bbdefault\u00a0\u00bb column_direction_phone=\u00a0\u00bbdefault\u00a0\u00bb scene_position=\u00a0\u00bbcenter\u00a0\u00bb text_color=\u00a0\u00bbdark\u00a0\u00bb text_align=\u00a0\u00bbleft\u00a0\u00bb row_border_radius=\u00a0\u00bbnone\u00a0\u00bb row_border_radius_applies=\u00a0\u00bbbg\u00a0\u00bb overflow=\u00a0\u00bbvisible\u00a0\u00bb overlay_strength=\u00a0\u00bb0.3&Prime; gradient_direction=\u00a0\u00bbleft_to_right\u00a0\u00bb shape_divider_position=\u00a0\u00bbbottom\u00a0\u00bb bg_image_animation=\u00a0\u00bbnone\u00a0\u00bb gradient_type=\u00a0\u00bbdefault\u00a0\u00bb shape_type=\u00a0\u00bb\u00a0\u00bb][vc_column top_padding_desktop=\u00a0\u00bb40px\u00a0\u00bb right_padding_desktop=\u00a0\u00bb20px\u00a0\u00bb column_element_direction_desktop=\u00a0\u00bbdefault\u00a0\u00bb column_element_spacing=\u00a0\u00bbdefault\u00a0\u00bb desktop_text_alignment=\u00a0\u00bbdefault\u00a0\u00bb tablet_text_alignment=\u00a0\u00bbdefault\u00a0\u00bb phone_text_alignment=\u00a0\u00bbdefault\u00a0\u00bb background_color_opacity=\u00a0\u00bb1&Prime; background_hover_color_opacity=\u00a0\u00bb1&Prime; column_backdrop_filter=\u00a0\u00bbnone\u00a0\u00bb column_shadow=\u00a0\u00bbnone\u00a0\u00bb&#8230;<\/p>\n","protected":false},"author":1,"featured_media":0,"parent":5018,"menu_order":0,"comment_status":"closed","ping_status":"closed","template":"","meta":{"_acf_changed":false,"footnotes":""},"class_list":["post-5042","page","type-page","status-publish"],"acf":[],"yoast_head":"<!-- This site is optimized with the Yoast SEO plugin v27.4 - https:\/\/yoast.com\/product\/yoast-seo-wordpress\/ -->\n<title>Liens int\u00e9ressants et ressources | Fluides de transfert de chaleur Duratherm<\/title>\n<meta name=\"description\" content=\"Duratherm fournit une liste de liens et de ressources de l&#039;industrie pour les applications de transfert de chaleur. Appelez 1-800-446-4910 pour obtenir des informations \u00e0 propos de nos produits\" \/>\n<meta name=\"robots\" content=\"index, follow, max-snippet:-1, max-image-preview:large, max-video-preview:-1\" \/>\n<link rel=\"canonical\" href=\"https:\/\/durathermcanada.ca\/fr\/ressources\/liens\/\" \/>\n<meta property=\"og:locale\" content=\"fr_CA\" \/>\n<meta property=\"og:type\" content=\"article\" \/>\n<meta property=\"og:title\" content=\"Liens int\u00e9ressants et ressources | Fluides de transfert de chaleur Duratherm\" \/>\n<meta property=\"og:description\" content=\"Duratherm fournit une liste de liens et de ressources de l&#039;industrie pour les applications de transfert de chaleur. Appelez 1-800-446-4910 pour obtenir des informations \u00e0 propos de nos produits\" \/>\n<meta property=\"og:url\" content=\"https:\/\/durathermcanada.ca\/fr\/ressources\/liens\/\" \/>\n<meta property=\"og:site_name\" content=\"Duratherm Fluids Canada\" \/>\n<meta property=\"article:modified_time\" content=\"2025-07-24T13:58:13+00:00\" \/>\n<meta name=\"twitter:card\" content=\"summary_large_image\" \/>\n<meta name=\"twitter:label1\" content=\"Estimation du temps de lecture\" \/>\n\t<meta name=\"twitter:data1\" content=\"2 minutes\" \/>\n<script type=\"application\/ld+json\" class=\"yoast-schema-graph\">{\"@context\":\"https:\\\/\\\/schema.org\",\"@graph\":[{\"@type\":\"WebPage\",\"@id\":\"https:\\\/\\\/durathermcanada.ca\\\/fr\\\/ressources\\\/liens\\\/\",\"url\":\"https:\\\/\\\/durathermcanada.ca\\\/fr\\\/ressources\\\/liens\\\/\",\"name\":\"Liens int\u00e9ressants et ressources | Fluides de transfert de chaleur Duratherm\",\"isPartOf\":{\"@id\":\"https:\\\/\\\/durathermcanada.ca\\\/fr\\\/#website\"},\"datePublished\":\"2024-11-21T18:58:13+00:00\",\"dateModified\":\"2025-07-24T13:58:13+00:00\",\"description\":\"Duratherm fournit une liste de liens et de ressources de l'industrie pour les applications de transfert de chaleur. Appelez 1-800-446-4910 pour obtenir des informations \u00e0 propos de nos produits\",\"breadcrumb\":{\"@id\":\"https:\\\/\\\/durathermcanada.ca\\\/fr\\\/ressources\\\/liens\\\/#breadcrumb\"},\"inLanguage\":\"fr-CA\",\"potentialAction\":[{\"@type\":\"ReadAction\",\"target\":[\"https:\\\/\\\/durathermcanada.ca\\\/fr\\\/ressources\\\/liens\\\/\"]}]},{\"@type\":\"BreadcrumbList\",\"@id\":\"https:\\\/\\\/durathermcanada.ca\\\/fr\\\/ressources\\\/liens\\\/#breadcrumb\",\"itemListElement\":[{\"@type\":\"ListItem\",\"position\":1,\"name\":\"Home\",\"item\":\"https:\\\/\\\/durathermcanada.ca\\\/fr\\\/\"},{\"@type\":\"ListItem\",\"position\":2,\"name\":\"Ressources techniques\",\"item\":\"https:\\\/\\\/durathermcanada.ca\\\/fr\\\/ressources\\\/\"},{\"@type\":\"ListItem\",\"position\":3,\"name\":\"Liens int\u00e9ressants\"}]},{\"@type\":\"WebSite\",\"@id\":\"https:\\\/\\\/durathermcanada.ca\\\/fr\\\/#website\",\"url\":\"https:\\\/\\\/durathermcanada.ca\\\/fr\\\/\",\"name\":\"Duratherm Fluids\",\"description\":\"\",\"publisher\":{\"@id\":\"https:\\\/\\\/durathermcanada.ca\\\/fr\\\/#organization\"},\"potentialAction\":[{\"@type\":\"SearchAction\",\"target\":{\"@type\":\"EntryPoint\",\"urlTemplate\":\"https:\\\/\\\/durathermcanada.ca\\\/fr\\\/?s={search_term_string}\"},\"query-input\":{\"@type\":\"PropertyValueSpecification\",\"valueRequired\":true,\"valueName\":\"search_term_string\"}}],\"inLanguage\":\"fr-CA\"},{\"@type\":\"Organization\",\"@id\":\"https:\\\/\\\/durathermcanada.ca\\\/fr\\\/#organization\",\"name\":\"Duratherm Heat Transfer Fluids\",\"url\":\"https:\\\/\\\/durathermcanada.ca\\\/fr\\\/\",\"logo\":{\"@type\":\"ImageObject\",\"inLanguage\":\"fr-CA\",\"@id\":\"https:\\\/\\\/durathermcanada.ca\\\/fr\\\/#\\\/schema\\\/logo\\\/image\\\/\",\"url\":\"https:\\\/\\\/durathermcanada.ca\\\/wp-content\\\/uploads\\\/2022\\\/04\\\/duratherm-logo-big.svg\",\"contentUrl\":\"https:\\\/\\\/durathermcanada.ca\\\/wp-content\\\/uploads\\\/2022\\\/04\\\/duratherm-logo-big.svg\",\"width\":410,\"height\":75,\"caption\":\"Duratherm Heat Transfer Fluids\"},\"image\":{\"@id\":\"https:\\\/\\\/durathermcanada.ca\\\/fr\\\/#\\\/schema\\\/logo\\\/image\\\/\"}}]}<\/script>\n<!-- \/ Yoast SEO plugin. -->","yoast_head_json":{"title":"Liens int\u00e9ressants et ressources | Fluides de transfert de chaleur Duratherm","description":"Duratherm fournit une liste de liens et de ressources de l'industrie pour les applications de transfert de chaleur. Appelez 1-800-446-4910 pour obtenir des informations \u00e0 propos de nos produits","robots":{"index":"index","follow":"follow","max-snippet":"max-snippet:-1","max-image-preview":"max-image-preview:large","max-video-preview":"max-video-preview:-1"},"canonical":"https:\/\/durathermcanada.ca\/fr\/ressources\/liens\/","og_locale":"fr_CA","og_type":"article","og_title":"Liens int\u00e9ressants et ressources | Fluides de transfert de chaleur Duratherm","og_description":"Duratherm fournit une liste de liens et de ressources de l'industrie pour les applications de transfert de chaleur. Appelez 1-800-446-4910 pour obtenir des informations \u00e0 propos de nos produits","og_url":"https:\/\/durathermcanada.ca\/fr\/ressources\/liens\/","og_site_name":"Duratherm Fluids Canada","article_modified_time":"2025-07-24T13:58:13+00:00","twitter_card":"summary_large_image","twitter_misc":{"Estimation du temps de lecture":"2 minutes"},"schema":{"@context":"https:\/\/schema.org","@graph":[{"@type":"WebPage","@id":"https:\/\/durathermcanada.ca\/fr\/ressources\/liens\/","url":"https:\/\/durathermcanada.ca\/fr\/ressources\/liens\/","name":"Liens int\u00e9ressants et ressources | Fluides de transfert de chaleur Duratherm","isPartOf":{"@id":"https:\/\/durathermcanada.ca\/fr\/#website"},"datePublished":"2024-11-21T18:58:13+00:00","dateModified":"2025-07-24T13:58:13+00:00","description":"Duratherm fournit une liste de liens et de ressources de l'industrie pour les applications de transfert de chaleur. Appelez 1-800-446-4910 pour obtenir des informations \u00e0 propos de nos produits","breadcrumb":{"@id":"https:\/\/durathermcanada.ca\/fr\/ressources\/liens\/#breadcrumb"},"inLanguage":"fr-CA","potentialAction":[{"@type":"ReadAction","target":["https:\/\/durathermcanada.ca\/fr\/ressources\/liens\/"]}]},{"@type":"BreadcrumbList","@id":"https:\/\/durathermcanada.ca\/fr\/ressources\/liens\/#breadcrumb","itemListElement":[{"@type":"ListItem","position":1,"name":"Home","item":"https:\/\/durathermcanada.ca\/fr\/"},{"@type":"ListItem","position":2,"name":"Ressources techniques","item":"https:\/\/durathermcanada.ca\/fr\/ressources\/"},{"@type":"ListItem","position":3,"name":"Liens int\u00e9ressants"}]},{"@type":"WebSite","@id":"https:\/\/durathermcanada.ca\/fr\/#website","url":"https:\/\/durathermcanada.ca\/fr\/","name":"Duratherm Fluids","description":"","publisher":{"@id":"https:\/\/durathermcanada.ca\/fr\/#organization"},"potentialAction":[{"@type":"SearchAction","target":{"@type":"EntryPoint","urlTemplate":"https:\/\/durathermcanada.ca\/fr\/?s={search_term_string}"},"query-input":{"@type":"PropertyValueSpecification","valueRequired":true,"valueName":"search_term_string"}}],"inLanguage":"fr-CA"},{"@type":"Organization","@id":"https:\/\/durathermcanada.ca\/fr\/#organization","name":"Duratherm Heat Transfer Fluids","url":"https:\/\/durathermcanada.ca\/fr\/","logo":{"@type":"ImageObject","inLanguage":"fr-CA","@id":"https:\/\/durathermcanada.ca\/fr\/#\/schema\/logo\/image\/","url":"https:\/\/durathermcanada.ca\/wp-content\/uploads\/2022\/04\/duratherm-logo-big.svg","contentUrl":"https:\/\/durathermcanada.ca\/wp-content\/uploads\/2022\/04\/duratherm-logo-big.svg","width":410,"height":75,"caption":"Duratherm Heat Transfer Fluids"},"image":{"@id":"https:\/\/durathermcanada.ca\/fr\/#\/schema\/logo\/image\/"}}]}},"_links":{"self":[{"href":"https:\/\/durathermcanada.ca\/fr\/wp-json\/wp\/v2\/pages\/5042","targetHints":{"allow":["GET"]}}],"collection":[{"href":"https:\/\/durathermcanada.ca\/fr\/wp-json\/wp\/v2\/pages"}],"about":[{"href":"https:\/\/durathermcanada.ca\/fr\/wp-json\/wp\/v2\/types\/page"}],"author":[{"embeddable":true,"href":"https:\/\/durathermcanada.ca\/fr\/wp-json\/wp\/v2\/users\/1"}],"replies":[{"embeddable":true,"href":"https:\/\/durathermcanada.ca\/fr\/wp-json\/wp\/v2\/comments?post=5042"}],"version-history":[{"count":3,"href":"https:\/\/durathermcanada.ca\/fr\/wp-json\/wp\/v2\/pages\/5042\/revisions"}],"predecessor-version":[{"id":5255,"href":"https:\/\/durathermcanada.ca\/fr\/wp-json\/wp\/v2\/pages\/5042\/revisions\/5255"}],"up":[{"embeddable":true,"href":"https:\/\/durathermcanada.ca\/fr\/wp-json\/wp\/v2\/pages\/5018"}],"wp:attachment":[{"href":"https:\/\/durathermcanada.ca\/fr\/wp-json\/wp\/v2\/media?parent=5042"}],"curies":[{"name":"wp","href":"https:\/\/api.w.org\/{rel}","templated":true}]}}