{"id":5033,"date":"2022-07-29T12:07:48","date_gmt":"2022-07-29T12:07:48","guid":{"rendered":"https:\/\/durathermcanada.ca\/comparaison-avec-la-concurrence\/"},"modified":"2025-07-24T13:33:21","modified_gmt":"2025-07-24T13:33:21","slug":"comparaison-avec-la-concurrence","status":"publish","type":"page","link":"https:\/\/durathermcanada.ca\/fr\/pourquoi\/rapport\/","title":{"rendered":"Comparaison avec la concurrence"},"content":{"rendered":"[vc_row type=\u00a0\u00bbin_container\u00a0\u00bb full_screen_row_position=\u00a0\u00bbmiddle\u00a0\u00bb column_margin=\u00a0\u00bbdefault\u00a0\u00bb column_direction=\u00a0\u00bbdefault\u00a0\u00bb column_direction_tablet=\u00a0\u00bbdefault\u00a0\u00bb column_direction_phone=\u00a0\u00bbdefault\u00a0\u00bb scene_position=\u00a0\u00bbcenter\u00a0\u00bb text_color=\u00a0\u00bbdark\u00a0\u00bb text_align=\u00a0\u00bbleft\u00a0\u00bb row_border_radius=\u00a0\u00bbnone\u00a0\u00bb row_border_radius_applies=\u00a0\u00bbbg\u00a0\u00bb overflow=\u00a0\u00bbvisible\u00a0\u00bb overlay_strength=\u00a0\u00bb0.3&Prime; gradient_direction=\u00a0\u00bbleft_to_right\u00a0\u00bb shape_divider_position=\u00a0\u00bbbottom\u00a0\u00bb bg_image_animation=\u00a0\u00bbnone\u00a0\u00bb][vc_column column_padding=\u00a0\u00bbno-extra-padding\u00a0\u00bb column_padding_tablet=\u00a0\u00bbinherit\u00a0\u00bb column_padding_phone=\u00a0\u00bbinherit\u00a0\u00bb column_padding_position=\u00a0\u00bball\u00a0\u00bb column_element_direction_desktop=\u00a0\u00bbdefault\u00a0\u00bb column_element_spacing=\u00a0\u00bbdefault\u00a0\u00bb desktop_text_alignment=\u00a0\u00bbdefault\u00a0\u00bb tablet_text_alignment=\u00a0\u00bbdefault\u00a0\u00bb phone_text_alignment=\u00a0\u00bbdefault\u00a0\u00bb background_color_opacity=\u00a0\u00bb1&Prime; background_hover_color_opacity=\u00a0\u00bb1&Prime; column_backdrop_filter=\u00a0\u00bbnone\u00a0\u00bb column_shadow=\u00a0\u00bbnone\u00a0\u00bb column_border_radius=\u00a0\u00bbnone\u00a0\u00bb column_link_target=\u00a0\u00bb_self\u00a0\u00bb column_position=\u00a0\u00bbdefault\u00a0\u00bb gradient_direction=\u00a0\u00bbleft_to_right\u00a0\u00bb overlay_strength=\u00a0\u00bb0.3&Prime; width=\u00a0\u00bb2\/3&Prime; tablet_width_inherit=\u00a0\u00bbdefault\u00a0\u00bb animation_type=\u00a0\u00bbdefault\u00a0\u00bb bg_image_animation=\u00a0\u00bbnone\u00a0\u00bb border_type=\u00a0\u00bbsimple\u00a0\u00bb column_border_width=\u00a0\u00bbnone\u00a0\u00bb column_border_style=\u00a0\u00bbsolid\u00a0\u00bb][dura_custom_title text_tag=\u00a0\u00bbh1&Prime; alignment=\u00a0\u00bbjustify-content: flex-start;\u00a0\u00bb text_align=\u00a0\u00bbtext-align: left;\u00a0\u00bb text_color=\u00a0\u00bb#58595b\u00a0\u00bb font_weight=\u00a0\u00bb500&Prime; font_size=\u00a0\u00bb30&Prime;]Comparaison avec la concurrence[\/dura_custom_title][vc_column_text css=\u00a0\u00bb.vc_custom_1752186523541{margin-top: 15px !important;}\u00a0\u00bb]<strong>Nos fluides d\u00e9passent tous les concurrents en termes de long\u00e9vit\u00e9, y compris ceux dont le prix est nettement plus \u00e9lev\u00e9 ! <\/strong><\/p>\n<p>Notre syst\u00e8me d&rsquo;additifs exclusif assure une protection et une long\u00e9vit\u00e9 exceptionnelles. Ce tableau d\u00e9montre la r\u00e9sistance exceptionnelle de <a href=\"\/\">Duratherm<\/a> \u00e0 l&rsquo;oxydation, le principal facteur contribuant \u00e0 l&rsquo;accumulation de boues et \u00e0 la d\u00e9t\u00e9rioration des fluides.[\/vc_column_text][\/vc_column][vc_column column_padding=\u00a0\u00bbno-extra-padding\u00a0\u00bb column_padding_tablet=\u00a0\u00bbinherit\u00a0\u00bb column_padding_phone=\u00a0\u00bbinherit\u00a0\u00bb column_padding_position=\u00a0\u00bball\u00a0\u00bb column_element_direction_desktop=\u00a0\u00bbdefault\u00a0\u00bb column_element_spacing=\u00a0\u00bbdefault\u00a0\u00bb desktop_text_alignment=\u00a0\u00bbdefault\u00a0\u00bb tablet_text_alignment=\u00a0\u00bbdefault\u00a0\u00bb phone_text_alignment=\u00a0\u00bbdefault\u00a0\u00bb background_color_opacity=\u00a0\u00bb1&Prime; background_hover_color_opacity=\u00a0\u00bb1&Prime; column_backdrop_filter=\u00a0\u00bbnone\u00a0\u00bb column_shadow=\u00a0\u00bbnone\u00a0\u00bb column_border_radius=\u00a0\u00bbnone\u00a0\u00bb column_link_target=\u00a0\u00bb_self\u00a0\u00bb column_position=\u00a0\u00bbdefault\u00a0\u00bb gradient_direction=\u00a0\u00bbleft_to_right\u00a0\u00bb overlay_strength=\u00a0\u00bb0.3&Prime; width=\u00a0\u00bb1\/3&Prime; tablet_width_inherit=\u00a0\u00bbdefault\u00a0\u00bb animation_type=\u00a0\u00bbdefault\u00a0\u00bb bg_image_animation=\u00a0\u00bbnone\u00a0\u00bb border_type=\u00a0\u00bbsimple\u00a0\u00bb column_border_width=\u00a0\u00bbnone\u00a0\u00bb column_border_style=\u00a0\u00bbsolid\u00a0\u00bb][\/vc_column][\/vc_row][vc_row type=\u00a0\u00bbin_container\u00a0\u00bb full_screen_row_position=\u00a0\u00bbmiddle\u00a0\u00bb column_margin=\u00a0\u00bbdefault\u00a0\u00bb column_direction=\u00a0\u00bbdefault\u00a0\u00bb column_direction_tablet=\u00a0\u00bbdefault\u00a0\u00bb column_direction_phone=\u00a0\u00bbdefault\u00a0\u00bb scene_position=\u00a0\u00bbcenter\u00a0\u00bb bottom_margin=\u00a0\u00bb50px\u00a0\u00bb text_color=\u00a0\u00bbdark\u00a0\u00bb text_align=\u00a0\u00bbleft\u00a0\u00bb row_border_radius=\u00a0\u00bbnone\u00a0\u00bb row_border_radius_applies=\u00a0\u00bbbg\u00a0\u00bb overflow=\u00a0\u00bbvisible\u00a0\u00bb advanced_gradient_angle=\u00a0\u00bb0&Prime; overlay_strength=\u00a0\u00bb0.3&Prime; gradient_direction=\u00a0\u00bbleft_to_right\u00a0\u00bb shape_divider_position=\u00a0\u00bbbottom\u00a0\u00bb bg_image_animation=\u00a0\u00bbnone\u00a0\u00bb gradient_type=\u00a0\u00bbdefault\u00a0\u00bb shape_type=\u00a0\u00bb\u00a0\u00bb][vc_column column_padding=\u00a0\u00bbno-extra-padding\u00a0\u00bb column_padding_tablet=\u00a0\u00bbinherit\u00a0\u00bb column_padding_phone=\u00a0\u00bbinherit\u00a0\u00bb column_padding_position=\u00a0\u00bball\u00a0\u00bb column_element_direction_desktop=\u00a0\u00bbdefault\u00a0\u00bb column_element_spacing=\u00a0\u00bbdefault\u00a0\u00bb desktop_text_alignment=\u00a0\u00bbdefault\u00a0\u00bb tablet_text_alignment=\u00a0\u00bbdefault\u00a0\u00bb phone_text_alignment=\u00a0\u00bbdefault\u00a0\u00bb background_color_opacity=\u00a0\u00bb1&Prime; background_hover_color_opacity=\u00a0\u00bb1&Prime; column_backdrop_filter=\u00a0\u00bbnone\u00a0\u00bb column_shadow=\u00a0\u00bbnone\u00a0\u00bb column_border_radius=\u00a0\u00bbnone\u00a0\u00bb column_link_target=\u00a0\u00bb_self\u00a0\u00bb column_position=\u00a0\u00bbdefault\u00a0\u00bb gradient_direction=\u00a0\u00bbleft_to_right\u00a0\u00bb overlay_strength=\u00a0\u00bb0.3&Prime; width=\u00a0\u00bb2\/3&Prime; tablet_width_inherit=\u00a0\u00bbdefault\u00a0\u00bb animation_type=\u00a0\u00bbdefault\u00a0\u00bb bg_image_animation=\u00a0\u00bbnone\u00a0\u00bb border_type=\u00a0\u00bbsimple\u00a0\u00bb column_border_width=\u00a0\u00bbnone\u00a0\u00bb column_border_style=\u00a0\u00bbsolid\u00a0\u00bb][vc_raw_html]PGRpdiBpZD0icG9pbnRlciI+CiAgPGgzPlBhcmZvaXMsIGlsIGVzdCBwcsOpZsOpcmFibGUgZCdlbiBhdm9pciBtb2lucyAhPC9oMz4KICA8cD5VbiBUQU4gcGx1cyBmYWlibGUgZXQgbW9pbnMgZGUgY2hhbmdlbWVudHMgZGUgdmlzY29zaXTDqSBzaWduaWZpZW50IHVuIHNlcnZpY2UgcGx1cyBsb25nLCBkZXMgcGVyZm9ybWFuY2VzIHBsdXMgw6lsZXbDqWVzIGV0IHBhcyBkZSBib3VlICE8L3A+CjwvZGl2Pgo8ZGl2IGNsYXNzPSJjaGFydC1jb250YWluZXIgY29tcGFyZS1jaGFydCIgaWQ9ImNoYXJ0LWNvbnRhaW5lciI+CiAgPGRpdiBjbGFzcz0iY2hhcnQiPgogICAgPGRpdiBjbGFzcz0iY2hhcnQtbGluZXMiPgogICAgICA8ZGl2IGNsYXNzPSJjaGFydC1ncm91cCI+CiAgICAgICAgPHA+PHN0cm9uZz4KICBEdXJhdGhlcm0gNDUwLDxicj4gNjAwLCA2MzAgSEYgJmFtcDsgTFQ8L3N0cm9uZz4KICAgICAgICA8L3A+CiAgICAgICAgPGRpdj4KICAgICAgICAgIDxkaXYgY2xhc3M9ImFuaW1hdGVkLXByb2dyZXNzIHByb2dyZXNzLXJlZCI+CiAgICAgICAgICAgIDxzcGFuIGRhdGEtcHJvZ3Jlc3M9IjYiIGRhdGEtbnVtYmVyPSIwLjEiPjwvc3Bhbj4KICAgICAgICAgICAgPGRpdiBjbGFzcz0ibnVtYmVyLXRleHQiPjAuMTwvZGl2PgogICAgICAgICAgPC9kaXY+CiAgICAgICAgICA8ZGl2IGNsYXNzPSJhbmltYXRlZC1wcm9ncmVzcyBwcm9ncmVzcy1vcmFuZ2UiPgogICAgICAgICAgICA8c3BhbiBkYXRhLXByb2dyZXNzPSIwIiBkYXRhLW51bWJlcj0iMCI+PC9zcGFuPgogICAgICAgICAgICA8ZGl2IGNsYXNzPSJudW1iZXItdGV4dCI+MCU8L2Rpdj4KICAgICAgICAgIDwvZGl2PgogICAgICAgIDwvZGl2PgogICAgICA8L2Rpdj4gIAogICAgICA8ZGl2IGNsYXNzPSJjaGFydC1ncm91cCI+CiAgICAgICAgPHA+CiAgICAgICAgICA8c3Ryb25nPkR1cmF0aGVybSBHPC9zdHJvbmc+CiAgICAgICAgPC9wPgogICAgICAgIDxkaXY+CiAgICAgICAgICA8ZGl2IGNsYXNzPSJhbmltYXRlZC1wcm9ncmVzcyBwcm9ncmVzcy1yZWQiPgogICAgICAgICAgICA8c3BhbiBkYXRhLXByb2dyZXNzPSI2IiBkYXRhLW51bWJlcj0iMC4xIj48L3NwYW4+CiAgICAgICAgICAgIDxkaXYgY2xhc3M9Im51bWJlci10ZXh0Ij4wLjE8L2Rpdj4KICAgICAgICAgIDwvZGl2PgogICAgICAgICAgPGRpdiBjbGFzcz0iYW5pbWF0ZWQtcHJvZ3Jlc3MgcHJvZ3Jlc3Mtb3JhbmdlIj4KICAgICAgICAgICAgPHNwYW4gZGF0YS1wcm9ncmVzcz0iMCIgZGF0YS1udW1iZXI9IjAiPjwvc3Bhbj4KICAgICAgICAgICAgPGRpdiBjbGFzcz0ibnVtYmVyLXRleHQiPjAlPC9kaXY+CiAgICAgICAgICA8L2Rpdj4KICAgICAgICA8L2Rpdj4KICAgICAgPC9kaXY+ICAKICAgICAgPGRpdiBjbGFzcz0iY2hhcnQtZ3JvdXAiPgogICAgICAgIDxwPgogIE1vbWFy4oSiPGJyPklTTyA0NiBTWU4KICAgICAgICA8L3A+CiAgICAgICAgPGRpdj4KICAgICAgICAgIDxkaXYgY2xhc3M9ImFuaW1hdGVkLXByb2dyZXNzIHByb2dyZXNzLXJlZCI+CiAgICAgICAgICAgIDxzcGFuIGRhdGEtcHJvZ3Jlc3M9IjIyIiBkYXRhLW51bWJlcj0iMC4zIj48L3NwYW4+CiAgICAgICAgICAgIDxkaXYgY2xhc3M9Im51bWJlci10ZXh0Ij4wLjM8L2Rpdj4KICAgICAgICAgIDwvZGl2PgogICAgICAgICAgPGRpdiBjbGFzcz0iYW5pbWF0ZWQtcHJvZ3Jlc3MgcHJvZ3Jlc3Mtb3JhbmdlIj4KICAgICAgICAgICAgPHNwYW4gZGF0YS1wcm9ncmVzcz0iMjUiIGRhdGEtbnVtYmVyPSIxMiI+PC9zcGFuPgogICAgICAgICAgICA8ZGl2IGNsYXNzPSJudW1iZXItdGV4dCI+MTIlPC9kaXY+CiAgICAgICAgICA8L2Rpdj4KICAgICAgICA8L2Rpdj4KICAgICAgPC9kaXY+ICAKICAgICAgPGRpdiBjbGFzcz0iY2hhcnQtZ3JvdXAiPgogICAgICAgIDxwPgogIENhbGZsb+KEojxicj5BRgogICAgICAgIDwvcD4KICAgICAgICA8ZGl2PgogICAgICAgICAgPGRpdiBjbGFzcz0iYW5pbWF0ZWQtcHJvZ3Jlc3MgcHJvZ3Jlc3MtcmVkIj4KICAgICAgICAgICAgPHNwYW4gZGF0YS1wcm9ncmVzcz0iMjciIGRhdGEtbnVtYmVyPSIwLjQiPjwvc3Bhbj4KICAgICAgICAgICAgPGRpdiBjbGFzcz0ibnVtYmVyLXRleHQiPjAuNDwvZGl2PgogICAgICAgICAgPC9kaXY+CiAgICAgICAgICA8ZGl2IGNsYXNzPSJhbmltYXRlZC1wcm9ncmVzcyBwcm9ncmVzcy1vcmFuZ2UiPgogICAgICAgICAgICA8c3BhbiBkYXRhLXByb2dyZXNzPSIyMCIgZGF0YS1udW1iZXI9IjgiPjwvc3Bhbj4KICAgICAgICAgICAgPGRpdiBjbGFzcz0ibnVtYmVyLXRleHQiPjglPC9kaXY+CiAgICAgICAgICA8L2Rpdj4KICAgICAgICA8L2Rpdj4KICAgICAgPC9kaXY+IAogICAgICA8ZGl2IGNsYXNzPSJjaGFydC1ncm91cCI+CiAgICAgICAgPHA+CiAgUGFyYXRoZXJtPGJyPk9Swq4KICAgICAgICA8L3A+CiAgICAgICAgPGRpdj4KICAgICAgICAgIDxkaXYgY2xhc3M9ImFuaW1hdGVkLXByb2dyZXNzIHByb2dyZXNzLXJlZCI+CiAgICAgICAgICAgIDxzcGFuIGRhdGEtcHJvZ3Jlc3M9IjI3IiBkYXRhLW51bWJlcj0iMC40Ij48L3NwYW4+CiAgICAgICAgICAgIDxkaXYgY2xhc3M9Im51bWJlci10ZXh0Ij4wLjQ8L2Rpdj4KICAgICAgICAgIDwvZGl2PgogICAgICAgICAgPGRpdiBjbGFzcz0iYW5pbWF0ZWQtcHJvZ3Jlc3MgcHJvZ3Jlc3Mtb3JhbmdlIj4KICAgICAgICAgICAgPHNwYW4gZGF0YS1wcm9ncmVzcz0iMjIiIGRhdGEtbnVtYmVyPSIxMCI+PC9zcGFuPgogICAgICAgICAgICA8ZGl2IGNsYXNzPSJudW1iZXItdGV4dCI+MTAlPC9kaXY+CiAgICAgICAgICA8L2Rpdj4KICAgICAgICA8L2Rpdj4KICAgICAgPC9kaXY+ICAgCiAgICAgIDxkaXYgY2xhc3M9ImNoYXJ0LWdyb3VwIj4KICAgICAgICA8cD4KICBNdWx0aXRoZXJtPGJyPk9HScKuCiAgICAgICAgPC9wPgogICAgICAgIDxkaXY+CiAgICAgICAgICA8ZGl2IGNsYXNzPSJhbmltYXRlZC1wcm9ncmVzcyBwcm9ncmVzcy1yZWQiPgogICAgICAgICAgICA8c3BhbiBkYXRhLXByb2dyZXNzPSIzMiIgZGF0YS1udW1iZXI9IjAuNSI+PC9zcGFuPgogICAgICAgICAgICA8ZGl2IGNsYXNzPSJudW1iZXItdGV4dCI+MC41PC9kaXY+CiAgICAgICAgICA8L2Rpdj4KICAgICAgICAgIDxkaXYgY2xhc3M9ImFuaW1hdGVkLXByb2dyZXNzIHByb2dyZXNzLW9yYW5nZSI+CiAgICAgICAgICAgIDxzcGFuIGRhdGEtcHJvZ3Jlc3M9IjMwIiBkYXRhLW51bWJlcj0iMTYiPjwvc3Bhbj4KICAgICAgICAgICAgPGRpdiBjbGFzcz0ibnVtYmVyLXRleHQiPjE2JTwvZGl2PgogICAgICAgICAgPC9kaXY+CiAgICAgICAgPC9kaXY+CiAgICAgIDwvZGl2PiAKICAgICAgPGRpdiBjbGFzcz0iY2hhcnQtZ3JvdXAiPgogICAgICAgIDxwPgogIE1vYmlsdGhlcm08YnI+NjAzwq4KICAgICAgICA8L3A+CiAgICAgICAgPGRpdj4KICAgICAgICAgIDxkaXYgY2xhc3M9ImFuaW1hdGVkLXByb2dyZXNzIHByb2dyZXNzLXJlZCI+CiAgICAgICAgICAgIDxzcGFuIGRhdGEtcHJvZ3Jlc3M9IjM0IiBkYXRhLW51bWJlcj0iMC42Ij48L3NwYW4+CiAgICAgICAgICAgIDxkaXYgY2xhc3M9Im51bWJlci10ZXh0Ij4wLjY8L2Rpdj4KICAgICAgICAgIDwvZGl2PgogICAgICAgICAgPGRpdiBjbGFzcz0iYW5pbWF0ZWQtcHJvZ3Jlc3MgcHJvZ3Jlc3Mtb3JhbmdlIj4KICAgICAgICAgICAgPHNwYW4gZGF0YS1wcm9ncmVzcz0iMjkiIGRhdGEtbnVtYmVyPSIxNCI+PC9zcGFuPgogICAgICAgICAgICA8ZGl2IGNsYXNzPSJudW1iZXItdGV4dCI+MTQlPC9kaXY+CiAgICAgICAgICA8L2Rpdj4KICAgICAgICA8L2Rpdj4KICAgICAgPC9kaXY+ICAKICAgICAgPGRpdiBjbGFzcz0iY2hhcnQtZ3JvdXAiPgogICAgICAgIDxwPgogIFVjb27ihKI8YnI+NTAwCiAgICAgICAgPC9wPgogICAgICAgIDxkaXY+CiAgICAgICAgICA8ZGl2IGNsYXNzPSJhbmltYXRlZC1wcm9ncmVzcyBwcm9ncmVzcy1yZWQiPgogICAgICAgICAgICA8c3BhbiBkYXRhLXByb2dyZXNzPSI0NSIgZGF0YS1udW1iZXI9IjEuMSI+PC9zcGFuPgogICAgICAgICAgICA8ZGl2IGNsYXNzPSJudW1iZXItdGV4dCI+MS4xPC9kaXY+CiAgICAgICAgICA8L2Rpdj4KICAgICAgICAgIDxkaXYgY2xhc3M9ImFuaW1hdGVkLXByb2dyZXNzIHByb2dyZXNzLW9yYW5nZSI+CiAgICAgICAgICAgIDxzcGFuIGRhdGEtcHJvZ3Jlc3M9IjIwIiBkYXRhLW51bWJlcj0iOCI+PC9zcGFuPgogICAgICAgICAgICA8ZGl2IGNsYXNzPSJudW1iZXItdGV4dCI+OCU8L2Rpdj4KICAgICAgICAgIDwvZGl2PgogICAgICAgIDwvZGl2PgogICAgICA8L2Rpdj4gCiAgICAgIDxkaXYgY2xhc3M9ImNoYXJ0LWdyb3VwIj4KICAgICAgICA8cD4KICBQYXJhdGhlcm08YnI+TkbCrgogICAgICAgIDwvcD4KICAgICAgICA8ZGl2PgogICAgICAgICAgPGRpdiBjbGFzcz0iYW5pbWF0ZWQtcHJvZ3Jlc3MgcHJvZ3Jlc3MtcmVkIj4KICAgICAgICAgICAgPHNwYW4gZGF0YS1wcm9ncmVzcz0iNTAiIGRhdGEtbnVtYmVyPSIxLjMiPjwvc3Bhbj4KICAgICAgICAgICAgPGRpdiBjbGFzcz0ibnVtYmVyLXRleHQiPjEuMzwvZGl2PgogICAgICAgICAgPC9kaXY+CiAgICAgICAgICA8ZGl2IGNsYXNzPSJhbmltYXRlZC1wcm9ncmVzcyBwcm9ncmVzcy1vcmFuZ2UiPgogICAgICAgICAgICA8c3BhbiBkYXRhLXByb2dyZXNzPSI0NyIgZGF0YS1udW1iZXI9IjQwIj48L3NwYW4+CiAgICAgICAgICAgIDxkaXYgY2xhc3M9Im51bWJlci10ZXh0Ij40MCU8L2Rpdj4KICAgICAgICAgIDwvZGl2PgogICAgICAgIDwvZGl2PgogICAgICA8L2Rpdj4gCiAgICA8L2Rpdj4KICA8L2Rpdj4KPC9kaXY+Cgo8ZGl2IGNsYXNzPSJsZWdlbmQiPgogIDxkaXYgY2xhc3M9InJlZCI+PC9kaXY+CiAgPHA+QXVnbWVudGF0aW9uIGR1IFRBTiAobGltaXRlIGRlIGNvbmRhbW5hdGlvbiA9IDEsMCk8L3A+CiAgPGRpdiBjbGFzcz0ib3JhbmdlIj48L2Rpdj4KICA8cD5DaGFuZ2VtZW50IGRlIHZpc2Nvc2l0w6k8L3A+CjwvZGl2Pg==[\/vc_raw_html][\/vc_column][vc_column column_padding=\u00a0\u00bbpadding-4-percent\u00a0\u00bb column_padding_tablet=\u00a0\u00bbinherit\u00a0\u00bb column_padding_phone=\u00a0\u00bbinherit\u00a0\u00bb column_padding_position=\u00a0\u00bbleft\u00a0\u00bb column_element_direction_desktop=\u00a0\u00bbdefault\u00a0\u00bb column_element_spacing=\u00a0\u00bbdefault\u00a0\u00bb desktop_text_alignment=\u00a0\u00bbdefault\u00a0\u00bb tablet_text_alignment=\u00a0\u00bbdefault\u00a0\u00bb phone_text_alignment=\u00a0\u00bbdefault\u00a0\u00bb background_color_opacity=\u00a0\u00bb1&Prime; background_hover_color_opacity=\u00a0\u00bb1&Prime; column_backdrop_filter=\u00a0\u00bbnone\u00a0\u00bb column_shadow=\u00a0\u00bbnone\u00a0\u00bb column_border_radius=\u00a0\u00bbnone\u00a0\u00bb column_link_target=\u00a0\u00bb_self\u00a0\u00bb column_position=\u00a0\u00bbdefault\u00a0\u00bb gradient_direction=\u00a0\u00bbleft_to_right\u00a0\u00bb overlay_strength=\u00a0\u00bb0.3&Prime; width=\u00a0\u00bb1\/3&Prime; tablet_width_inherit=\u00a0\u00bbdefault\u00a0\u00bb animation_type=\u00a0\u00bbdefault\u00a0\u00bb bg_image_animation=\u00a0\u00bbnone\u00a0\u00bb border_type=\u00a0\u00bbadvanced\u00a0\u00bb border_left_desktop=\u00a0\u00bb1px\u00a0\u00bb column_border_color=\u00a0\u00bb#4c4c4c\u00a0\u00bb column_border_style=\u00a0\u00bbsolid\u00a0\u00bb column_padding_type=\u00a0\u00bbdefault\u00a0\u00bb gradient_type=\u00a0\u00bbdefault\u00a0\u00bb][vc_column_text]\n<h2>\u00c0 propos du test<\/h2>\n<p>Nous avons s\u00e9lectionn\u00e9 six produits concurrents, allant des huiles chaudes bon march\u00e9 aux fluides haut de gamme d&rsquo;Exxon Mobil Corporation\u00ae, Dow Chemical Company\u00ae, Paratherm Corporation\u00ae, Petro-Canada Inc\u00ae, Momar\u00ae et Multitherm LLC\u00ae.[\/vc_column_text][vc_column_text css=\u00a0\u00bb.vc_custom_1749731396040{margin-top: 30px !important;margin-bottom: 30px !important;}\u00a0\u00bb]\n<h2>La m\u00e9thode<\/h2>\n<p>La norme de test IP48 consiste \u00e0 exposer 40 millilitres de fluide \u00e0 204 degr\u00e9s Celsius (400 degr\u00e9s Fahrenheit) pendant une journ\u00e9e enti\u00e8re, tout en soufflant \u00e0 travers les \u00e9chantillons \u00e0 un taux de 15 litres par heure. Ce test indique la r\u00e9sistance d&rsquo;un fluide \u00e0 l&rsquo;oxydation et acc\u00e9l\u00e8re le processus de vieillissement du fluide.[\/vc_column_text][dura_custom_title text_tag=\u00a0\u00bbh2&Prime; alignment=\u00a0\u00bbjustify-content: flex-start;\u00a0\u00bb text_align=\u00a0\u00bbtext-align: left;\u00a0\u00bb text_color=\u00a0\u00bb#58595b\u00a0\u00bb font_weight=\u00a0\u00bb600&Prime; font_size=\u00a0\u00bb18px\u00a0\u00bb]Fluids Tested[\/dura_custom_title][dura_custom_title text_tag=\u00a0\u00bbspan\u00a0\u00bb alignment=\u00a0\u00bbjustify-content: flex-start;\u00a0\u00bb text_align=\u00a0\u00bbtext-align: left;\u00a0\u00bb text_color=\u00a0\u00bb#58595b\u00a0\u00bb font_size=\u00a0\u00bb12px\u00a0\u00bb line_height=\u00a0\u00bb1.4&Prime;]Calflo AF\u00ae &#8211; lot #044945 Duratherm G &#8211; lot #058448 Duratherm 600 &#8211; lot #058689 Mobiltherm 603\u00ae &#8211; lot #M19K9A3 Multitherm OG1\u00ae &#8211; lot#03\/3318\/115999 Paratherm OR\u00ae &#8211; lot # CN4060031-L12 Paratherm NF\u00ae &#8211; lot #CN4000042-B02 Ucon 500\u00ae &#8211; lot # 335073 #058689[\/dura_custom_title][\/vc_column][\/vc_row]\n","protected":false},"excerpt":{"rendered":"<p>[vc_row type=\u00a0\u00bbin_container\u00a0\u00bb full_screen_row_position=\u00a0\u00bbmiddle\u00a0\u00bb column_margin=\u00a0\u00bbdefault\u00a0\u00bb column_direction=\u00a0\u00bbdefault\u00a0\u00bb column_direction_tablet=\u00a0\u00bbdefault\u00a0\u00bb column_direction_phone=\u00a0\u00bbdefault\u00a0\u00bb scene_position=\u00a0\u00bbcenter\u00a0\u00bb text_color=\u00a0\u00bbdark\u00a0\u00bb text_align=\u00a0\u00bbleft\u00a0\u00bb row_border_radius=\u00a0\u00bbnone\u00a0\u00bb row_border_radius_applies=\u00a0\u00bbbg\u00a0\u00bb overflow=\u00a0\u00bbvisible\u00a0\u00bb overlay_strength=\u00a0\u00bb0.3&Prime; gradient_direction=\u00a0\u00bbleft_to_right\u00a0\u00bb shape_divider_position=\u00a0\u00bbbottom\u00a0\u00bb bg_image_animation=\u00a0\u00bbnone\u00a0\u00bb][vc_column column_padding=\u00a0\u00bbno-extra-padding\u00a0\u00bb column_padding_tablet=\u00a0\u00bbinherit\u00a0\u00bb column_padding_phone=\u00a0\u00bbinherit\u00a0\u00bb column_padding_position=\u00a0\u00bball\u00a0\u00bb column_element_direction_desktop=\u00a0\u00bbdefault\u00a0\u00bb column_element_spacing=\u00a0\u00bbdefault\u00a0\u00bb desktop_text_alignment=\u00a0\u00bbdefault\u00a0\u00bb tablet_text_alignment=\u00a0\u00bbdefault\u00a0\u00bb phone_text_alignment=\u00a0\u00bbdefault\u00a0\u00bb background_color_opacity=\u00a0\u00bb1&Prime; background_hover_color_opacity=\u00a0\u00bb1&Prime; column_backdrop_filter=\u00a0\u00bbnone\u00a0\u00bb column_shadow=\u00a0\u00bbnone\u00a0\u00bb&#8230;<\/p>\n","protected":false},"author":1,"featured_media":0,"parent":5036,"menu_order":0,"comment_status":"closed","ping_status":"closed","template":"","meta":{"_acf_changed":false,"footnotes":""},"class_list":["post-5033","page","type-page","status-publish"],"acf":[],"yoast_head":"<!-- This site is optimized with the Yoast SEO plugin v27.4 - https:\/\/yoast.com\/product\/yoast-seo-wordpress\/ -->\n<title>Comparaison avec la concurrence | Duratherm surpasse les autres<\/title>\n<meta name=\"description\" content=\"Nous avons choisi 6 produits concurrents pour les comparer \u00e0 la norme d&#039;essai internationale IP48 pour le p\u00e9trole. Les fluides thermiques Duratherm durent plus longtemps que tous les autres.\" \/>\n<meta name=\"robots\" content=\"index, follow, max-snippet:-1, max-image-preview:large, max-video-preview:-1\" \/>\n<link rel=\"canonical\" href=\"https:\/\/durathermcanada.ca\/fr\/pourquoi\/rapport\/\" \/>\n<meta property=\"og:locale\" content=\"fr_CA\" \/>\n<meta property=\"og:type\" content=\"article\" \/>\n<meta property=\"og:title\" content=\"Comparaison avec la concurrence | Duratherm surpasse les autres\" \/>\n<meta property=\"og:description\" content=\"Nous avons choisi 6 produits concurrents pour les comparer \u00e0 la norme d&#039;essai internationale IP48 pour le p\u00e9trole. Les fluides thermiques Duratherm durent plus longtemps que tous les autres.\" \/>\n<meta property=\"og:url\" content=\"https:\/\/durathermcanada.ca\/fr\/pourquoi\/rapport\/\" \/>\n<meta property=\"og:site_name\" content=\"Duratherm Fluids Canada\" \/>\n<meta property=\"article:modified_time\" content=\"2025-07-24T13:33:21+00:00\" \/>\n<meta name=\"twitter:card\" content=\"summary_large_image\" \/>\n<meta name=\"twitter:label1\" content=\"Estimation du temps de lecture\" \/>\n\t<meta name=\"twitter:data1\" content=\"8 minutes\" \/>\n<script type=\"application\/ld+json\" class=\"yoast-schema-graph\">{\"@context\":\"https:\\\/\\\/schema.org\",\"@graph\":[{\"@type\":\"WebPage\",\"@id\":\"https:\\\/\\\/durathermcanada.ca\\\/fr\\\/pourquoi\\\/rapport\\\/\",\"url\":\"https:\\\/\\\/durathermcanada.ca\\\/fr\\\/pourquoi\\\/rapport\\\/\",\"name\":\"Comparaison avec la concurrence | Duratherm surpasse les autres\",\"isPartOf\":{\"@id\":\"https:\\\/\\\/durathermcanada.ca\\\/fr\\\/#website\"},\"datePublished\":\"2022-07-29T12:07:48+00:00\",\"dateModified\":\"2025-07-24T13:33:21+00:00\",\"description\":\"Nous avons choisi 6 produits concurrents pour les comparer \u00e0 la norme d'essai internationale IP48 pour le p\u00e9trole. Les fluides thermiques Duratherm durent plus longtemps que tous les autres.\",\"breadcrumb\":{\"@id\":\"https:\\\/\\\/durathermcanada.ca\\\/fr\\\/pourquoi\\\/rapport\\\/#breadcrumb\"},\"inLanguage\":\"fr-CA\",\"potentialAction\":[{\"@type\":\"ReadAction\",\"target\":[\"https:\\\/\\\/durathermcanada.ca\\\/fr\\\/pourquoi\\\/rapport\\\/\"]}]},{\"@type\":\"BreadcrumbList\",\"@id\":\"https:\\\/\\\/durathermcanada.ca\\\/fr\\\/pourquoi\\\/rapport\\\/#breadcrumb\",\"itemListElement\":[{\"@type\":\"ListItem\",\"position\":1,\"name\":\"Home\",\"item\":\"https:\\\/\\\/durathermcanada.ca\\\/fr\\\/\"},{\"@type\":\"ListItem\",\"position\":2,\"name\":\"Pourquoi Duratherm\",\"item\":\"https:\\\/\\\/durathermcanada.ca\\\/fr\\\/why\\\/\"},{\"@type\":\"ListItem\",\"position\":3,\"name\":\"Comparaison avec la concurrence\"}]},{\"@type\":\"WebSite\",\"@id\":\"https:\\\/\\\/durathermcanada.ca\\\/fr\\\/#website\",\"url\":\"https:\\\/\\\/durathermcanada.ca\\\/fr\\\/\",\"name\":\"Duratherm Fluids\",\"description\":\"\",\"publisher\":{\"@id\":\"https:\\\/\\\/durathermcanada.ca\\\/fr\\\/#organization\"},\"potentialAction\":[{\"@type\":\"SearchAction\",\"target\":{\"@type\":\"EntryPoint\",\"urlTemplate\":\"https:\\\/\\\/durathermcanada.ca\\\/fr\\\/?s={search_term_string}\"},\"query-input\":{\"@type\":\"PropertyValueSpecification\",\"valueRequired\":true,\"valueName\":\"search_term_string\"}}],\"inLanguage\":\"fr-CA\"},{\"@type\":\"Organization\",\"@id\":\"https:\\\/\\\/durathermcanada.ca\\\/fr\\\/#organization\",\"name\":\"Duratherm Heat Transfer Fluids\",\"url\":\"https:\\\/\\\/durathermcanada.ca\\\/fr\\\/\",\"logo\":{\"@type\":\"ImageObject\",\"inLanguage\":\"fr-CA\",\"@id\":\"https:\\\/\\\/durathermcanada.ca\\\/fr\\\/#\\\/schema\\\/logo\\\/image\\\/\",\"url\":\"https:\\\/\\\/durathermcanada.ca\\\/wp-content\\\/uploads\\\/2022\\\/04\\\/duratherm-logo-big.svg\",\"contentUrl\":\"https:\\\/\\\/durathermcanada.ca\\\/wp-content\\\/uploads\\\/2022\\\/04\\\/duratherm-logo-big.svg\",\"width\":410,\"height\":75,\"caption\":\"Duratherm Heat Transfer Fluids\"},\"image\":{\"@id\":\"https:\\\/\\\/durathermcanada.ca\\\/fr\\\/#\\\/schema\\\/logo\\\/image\\\/\"}}]}<\/script>\n<!-- \/ Yoast SEO plugin. -->","yoast_head_json":{"title":"Comparaison avec la concurrence | Duratherm surpasse les autres","description":"Nous avons choisi 6 produits concurrents pour les comparer \u00e0 la norme d'essai internationale IP48 pour le p\u00e9trole. Les fluides thermiques Duratherm durent plus longtemps que tous les autres.","robots":{"index":"index","follow":"follow","max-snippet":"max-snippet:-1","max-image-preview":"max-image-preview:large","max-video-preview":"max-video-preview:-1"},"canonical":"https:\/\/durathermcanada.ca\/fr\/pourquoi\/rapport\/","og_locale":"fr_CA","og_type":"article","og_title":"Comparaison avec la concurrence | Duratherm surpasse les autres","og_description":"Nous avons choisi 6 produits concurrents pour les comparer \u00e0 la norme d'essai internationale IP48 pour le p\u00e9trole. Les fluides thermiques Duratherm durent plus longtemps que tous les autres.","og_url":"https:\/\/durathermcanada.ca\/fr\/pourquoi\/rapport\/","og_site_name":"Duratherm Fluids Canada","article_modified_time":"2025-07-24T13:33:21+00:00","twitter_card":"summary_large_image","twitter_misc":{"Estimation du temps de lecture":"8 minutes"},"schema":{"@context":"https:\/\/schema.org","@graph":[{"@type":"WebPage","@id":"https:\/\/durathermcanada.ca\/fr\/pourquoi\/rapport\/","url":"https:\/\/durathermcanada.ca\/fr\/pourquoi\/rapport\/","name":"Comparaison avec la concurrence | Duratherm surpasse les autres","isPartOf":{"@id":"https:\/\/durathermcanada.ca\/fr\/#website"},"datePublished":"2022-07-29T12:07:48+00:00","dateModified":"2025-07-24T13:33:21+00:00","description":"Nous avons choisi 6 produits concurrents pour les comparer \u00e0 la norme d'essai internationale IP48 pour le p\u00e9trole. Les fluides thermiques Duratherm durent plus longtemps que tous les autres.","breadcrumb":{"@id":"https:\/\/durathermcanada.ca\/fr\/pourquoi\/rapport\/#breadcrumb"},"inLanguage":"fr-CA","potentialAction":[{"@type":"ReadAction","target":["https:\/\/durathermcanada.ca\/fr\/pourquoi\/rapport\/"]}]},{"@type":"BreadcrumbList","@id":"https:\/\/durathermcanada.ca\/fr\/pourquoi\/rapport\/#breadcrumb","itemListElement":[{"@type":"ListItem","position":1,"name":"Home","item":"https:\/\/durathermcanada.ca\/fr\/"},{"@type":"ListItem","position":2,"name":"Pourquoi Duratherm","item":"https:\/\/durathermcanada.ca\/fr\/why\/"},{"@type":"ListItem","position":3,"name":"Comparaison avec la concurrence"}]},{"@type":"WebSite","@id":"https:\/\/durathermcanada.ca\/fr\/#website","url":"https:\/\/durathermcanada.ca\/fr\/","name":"Duratherm Fluids","description":"","publisher":{"@id":"https:\/\/durathermcanada.ca\/fr\/#organization"},"potentialAction":[{"@type":"SearchAction","target":{"@type":"EntryPoint","urlTemplate":"https:\/\/durathermcanada.ca\/fr\/?s={search_term_string}"},"query-input":{"@type":"PropertyValueSpecification","valueRequired":true,"valueName":"search_term_string"}}],"inLanguage":"fr-CA"},{"@type":"Organization","@id":"https:\/\/durathermcanada.ca\/fr\/#organization","name":"Duratherm Heat Transfer Fluids","url":"https:\/\/durathermcanada.ca\/fr\/","logo":{"@type":"ImageObject","inLanguage":"fr-CA","@id":"https:\/\/durathermcanada.ca\/fr\/#\/schema\/logo\/image\/","url":"https:\/\/durathermcanada.ca\/wp-content\/uploads\/2022\/04\/duratherm-logo-big.svg","contentUrl":"https:\/\/durathermcanada.ca\/wp-content\/uploads\/2022\/04\/duratherm-logo-big.svg","width":410,"height":75,"caption":"Duratherm Heat Transfer Fluids"},"image":{"@id":"https:\/\/durathermcanada.ca\/fr\/#\/schema\/logo\/image\/"}}]}},"_links":{"self":[{"href":"https:\/\/durathermcanada.ca\/fr\/wp-json\/wp\/v2\/pages\/5033","targetHints":{"allow":["GET"]}}],"collection":[{"href":"https:\/\/durathermcanada.ca\/fr\/wp-json\/wp\/v2\/pages"}],"about":[{"href":"https:\/\/durathermcanada.ca\/fr\/wp-json\/wp\/v2\/types\/page"}],"author":[{"embeddable":true,"href":"https:\/\/durathermcanada.ca\/fr\/wp-json\/wp\/v2\/users\/1"}],"replies":[{"embeddable":true,"href":"https:\/\/durathermcanada.ca\/fr\/wp-json\/wp\/v2\/comments?post=5033"}],"version-history":[{"count":4,"href":"https:\/\/durathermcanada.ca\/fr\/wp-json\/wp\/v2\/pages\/5033\/revisions"}],"predecessor-version":[{"id":5242,"href":"https:\/\/durathermcanada.ca\/fr\/wp-json\/wp\/v2\/pages\/5033\/revisions\/5242"}],"up":[{"embeddable":true,"href":"https:\/\/durathermcanada.ca\/fr\/wp-json\/wp\/v2\/pages\/5036"}],"wp:attachment":[{"href":"https:\/\/durathermcanada.ca\/fr\/wp-json\/wp\/v2\/media?parent=5033"}],"curies":[{"name":"wp","href":"https:\/\/api.w.org\/{rel}","templated":true}]}}