{"id":5018,"date":"2022-07-29T12:51:09","date_gmt":"2022-07-29T12:51:09","guid":{"rendered":"https:\/\/durathermcanada.ca\/ressources-techniques\/"},"modified":"2025-08-18T16:41:02","modified_gmt":"2025-08-18T16:41:02","slug":"ressources-techniques","status":"publish","type":"page","link":"https:\/\/durathermcanada.ca\/fr\/ressources\/","title":{"rendered":"Ressources techniques"},"content":{"rendered":"[vc_row type=\u00a0\u00bbin_container\u00a0\u00bb full_screen_row_position=\u00a0\u00bbmiddle\u00a0\u00bb column_margin=\u00a0\u00bb5px\u00a0\u00bb column_direction=\u00a0\u00bbdefault\u00a0\u00bb column_direction_tablet=\u00a0\u00bbdefault\u00a0\u00bb column_direction_phone=\u00a0\u00bbdefault\u00a0\u00bb scene_position=\u00a0\u00bbcenter\u00a0\u00bb text_color=\u00a0\u00bbdark\u00a0\u00bb text_align=\u00a0\u00bbleft\u00a0\u00bb row_border_radius=\u00a0\u00bbnone\u00a0\u00bb row_border_radius_applies=\u00a0\u00bbbg\u00a0\u00bb overflow=\u00a0\u00bbvisible\u00a0\u00bb advanced_gradient_angle=\u00a0\u00bb0&Prime; overlay_strength=\u00a0\u00bb0.3&Prime; gradient_direction=\u00a0\u00bbleft_to_right\u00a0\u00bb shape_divider_position=\u00a0\u00bbbottom\u00a0\u00bb bg_image_animation=\u00a0\u00bbnone\u00a0\u00bb gradient_type=\u00a0\u00bbdefault\u00a0\u00bb shape_type=\u00a0\u00bb\u00a0\u00bb][vc_column column_padding=\u00a0\u00bbno-extra-padding\u00a0\u00bb column_padding_tablet=\u00a0\u00bbinherit\u00a0\u00bb column_padding_phone=\u00a0\u00bbinherit\u00a0\u00bb column_padding_position=\u00a0\u00bball\u00a0\u00bb bottom_margin=\u00a0\u00bb0&Prime; column_element_direction_desktop=\u00a0\u00bbdefault\u00a0\u00bb column_element_spacing=\u00a0\u00bbdefault\u00a0\u00bb desktop_text_alignment=\u00a0\u00bbdefault\u00a0\u00bb tablet_text_alignment=\u00a0\u00bbdefault\u00a0\u00bb phone_text_alignment=\u00a0\u00bbdefault\u00a0\u00bb background_color_opacity=\u00a0\u00bb1&Prime; background_hover_color_opacity=\u00a0\u00bb1&Prime; column_backdrop_filter=\u00a0\u00bbnone\u00a0\u00bb column_shadow=\u00a0\u00bbnone\u00a0\u00bb column_border_radius=\u00a0\u00bbnone\u00a0\u00bb column_link_target=\u00a0\u00bb_self\u00a0\u00bb column_position=\u00a0\u00bbdefault\u00a0\u00bb advanced_gradient_angle=\u00a0\u00bb0&Prime; gradient_direction=\u00a0\u00bbleft_to_right\u00a0\u00bb overlay_strength=\u00a0\u00bb0.3&Prime; width=\u00a0\u00bb1\/1&Prime; tablet_width_inherit=\u00a0\u00bbdefault\u00a0\u00bb animation_type=\u00a0\u00bbdefault\u00a0\u00bb bg_image_animation=\u00a0\u00bbnone\u00a0\u00bb border_type=\u00a0\u00bbsimple\u00a0\u00bb column_border_width=\u00a0\u00bbnone\u00a0\u00bb column_border_style=\u00a0\u00bbsolid\u00a0\u00bb gradient_type=\u00a0\u00bbdefault\u00a0\u00bb][dura_custom_title text_tag=\u00a0\u00bbh1&Prime; alignment=\u00a0\u00bbjustify-content: flex-start;\u00a0\u00bb text_align=\u00a0\u00bbtext-align: left;\u00a0\u00bb text_color=\u00a0\u00bb#58595b\u00a0\u00bb font_weight=\u00a0\u00bb500&Prime; font_size=\u00a0\u00bb30&Prime;]<a href=\"https:\/\/durathermcanada.ca\/fr\/ressources\/questions-reponses\/\">Vous avez une question<\/a>,\u00a0vous avez besoin de calculer les taux de transfert thermique ou vous souhaitez comprendre tous ces termes techniques ?[\/dura_custom_title][vc_column_text css=\u00a0\u00bb.vc_custom_1659099149154{margin-top: 15px !important;margin-bottom: 40px !important;padding-right: 15% !important;}\u00a0\u00bb]Consultez notre liste de ressources techniques.[\/vc_column_text][\/vc_column][\/vc_row][vc_row type=\u00a0\u00bbin_container\u00a0\u00bb full_screen_row_position=\u00a0\u00bbmiddle\u00a0\u00bb column_margin=\u00a0\u00bbdefault\u00a0\u00bb equal_height=\u00a0\u00bbyes\u00a0\u00bb column_direction=\u00a0\u00bbdefault\u00a0\u00bb column_direction_tablet=\u00a0\u00bbdefault\u00a0\u00bb column_direction_phone=\u00a0\u00bbdefault\u00a0\u00bb scene_position=\u00a0\u00bbcenter\u00a0\u00bb bottom_margin=\u00a0\u00bb50px\u00a0\u00bb text_color=\u00a0\u00bbdark\u00a0\u00bb text_align=\u00a0\u00bbleft\u00a0\u00bb row_border_radius=\u00a0\u00bbnone\u00a0\u00bb row_border_radius_applies=\u00a0\u00bbbg\u00a0\u00bb overflow=\u00a0\u00bbvisible\u00a0\u00bb advanced_gradient_angle=\u00a0\u00bb0&Prime; overlay_strength=\u00a0\u00bb0.3&Prime; gradient_direction=\u00a0\u00bbleft_to_right\u00a0\u00bb shape_divider_position=\u00a0\u00bbbottom\u00a0\u00bb bg_image_animation=\u00a0\u00bbnone\u00a0\u00bb gradient_type=\u00a0\u00bbdefault\u00a0\u00bb shape_type=\u00a0\u00bb\u00a0\u00bb][vc_column column_padding=\u00a0\u00bbpadding-2-percent\u00a0\u00bb column_padding_tablet=\u00a0\u00bbinherit\u00a0\u00bb column_padding_phone=\u00a0\u00bbinherit\u00a0\u00bb column_padding_position=\u00a0\u00bball\u00a0\u00bb column_element_direction_desktop=\u00a0\u00bbdefault\u00a0\u00bb column_element_spacing=\u00a0\u00bbdefault\u00a0\u00bb desktop_text_alignment=\u00a0\u00bbdefault\u00a0\u00bb tablet_text_alignment=\u00a0\u00bbdefault\u00a0\u00bb phone_text_alignment=\u00a0\u00bbdefault\u00a0\u00bb background_color_opacity=\u00a0\u00bb1&Prime; background_hover_color_opacity=\u00a0\u00bb1&Prime; column_backdrop_filter=\u00a0\u00bbnone\u00a0\u00bb column_shadow=\u00a0\u00bbnone\u00a0\u00bb column_border_radius=\u00a0\u00bb10px\u00a0\u00bb column_link_target=\u00a0\u00bb_self\u00a0\u00bb column_position=\u00a0\u00bbdefault\u00a0\u00bb advanced_gradient_angle=\u00a0\u00bb0&Prime; gradient_direction=\u00a0\u00bbleft_to_right\u00a0\u00bb overlay_strength=\u00a0\u00bb0.3&Prime; width=\u00a0\u00bb1\/4&Prime; tablet_width_inherit=\u00a0\u00bbdefault\u00a0\u00bb animation_type=\u00a0\u00bbdefault\u00a0\u00bb bg_image_animation=\u00a0\u00bbnone\u00a0\u00bb border_type=\u00a0\u00bbsimple\u00a0\u00bb column_border_width=\u00a0\u00bb1px\u00a0\u00bb column_border_color=\u00a0\u00bb#707070&Prime; column_border_style=\u00a0\u00bbsolid\u00a0\u00bb gradient_type=\u00a0\u00bbdefault\u00a0\u00bb offset=\u00a0\u00bbvc_col-lg-3 vc_col-md-6&Prime; column_padding_type=\u00a0\u00bbdefault\u00a0\u00bb column_link=\u00a0\u00bb\/fr\/resources\/faq\/\u00a0\u00bb][dura_custom_title image=\u00a0\u00bb3039&Prime; image_placement=\u00a0\u00bbafter\u00a0\u00bb img_vertical_alignment=\u00a0\u00bbalign-items: center;\u00a0\u00bb image_spacing=\u00a0\u00bbjustify-content: space-between; width: 100%;\u00a0\u00bb text_tag=\u00a0\u00bbh2&Prime; alignment=\u00a0\u00bbjustify-content: flex-start;\u00a0\u00bb text_align=\u00a0\u00bbtext-align: left;\u00a0\u00bb text_color=\u00a0\u00bb#58595b\u00a0\u00bb font_weight=\u00a0\u00bb500&Prime; max_width=\u00a0\u00bb50px\u00a0\u00bb font_size=\u00a0\u00bb23px\u00a0\u00bb]Questions et r\u00e9ponses[\/dura_custom_title][vc_raw_html css=\u00a0\u00bb.vc_custom_1659096004685{margin-bottom: 20px !important;}\u00a0\u00bb]PGhyPg==[\/vc_raw_html][vc_column_text css=\u00a0\u00bb.vc_custom_1749732967241{padding-bottom: 50px !important;}\u00a0\u00bb]Le concept de fluides de transfert thermique est-il nouveau pour vous ? Pour r\u00e9pondre aux questions les plus fr\u00e9quentes, nous avons dress\u00e9 une liste de r\u00e9ponses.[\/vc_column_text][dura_custom_title image=\u00a0\u00bb3040&Prime; image_placement=\u00a0\u00bbafter\u00a0\u00bb img_vertical_alignment=\u00a0\u00bbalign-items: center;\u00a0\u00bb image_spacing=\u00a0\u00bbjustify-content: space-between; width: 100%;\u00a0\u00bb text_tag=\u00a0\u00bbspan\u00a0\u00bb alignment=\u00a0\u00bbjustify-content: flex-start;\u00a0\u00bb text_align=\u00a0\u00bbtext-align: left;\u00a0\u00bb text_color=\u00a0\u00bb#58595b\u00a0\u00bb font_weight=\u00a0\u00bb500&Prime; font_size=\u00a0\u00bb17px\u00a0\u00bb extra_class=\u00a0\u00bbread-more-bottom\u00a0\u00bb max_width=\u00a0\u00bb25px\u00a0\u00bb]Lire plus[\/dura_custom_title][\/vc_column][vc_column column_padding=\u00a0\u00bbpadding-2-percent\u00a0\u00bb column_padding_tablet=\u00a0\u00bbinherit\u00a0\u00bb column_padding_phone=\u00a0\u00bbinherit\u00a0\u00bb column_padding_position=\u00a0\u00bball\u00a0\u00bb column_element_direction_desktop=\u00a0\u00bbdefault\u00a0\u00bb column_element_spacing=\u00a0\u00bbdefault\u00a0\u00bb desktop_text_alignment=\u00a0\u00bbdefault\u00a0\u00bb tablet_text_alignment=\u00a0\u00bbdefault\u00a0\u00bb phone_text_alignment=\u00a0\u00bbdefault\u00a0\u00bb background_color_opacity=\u00a0\u00bb1&Prime; background_hover_color_opacity=\u00a0\u00bb1&Prime; column_backdrop_filter=\u00a0\u00bbnone\u00a0\u00bb column_shadow=\u00a0\u00bbnone\u00a0\u00bb column_border_radius=\u00a0\u00bb10px\u00a0\u00bb column_link_target=\u00a0\u00bb_self\u00a0\u00bb column_position=\u00a0\u00bbdefault\u00a0\u00bb advanced_gradient_angle=\u00a0\u00bb0&Prime; gradient_direction=\u00a0\u00bbleft_to_right\u00a0\u00bb overlay_strength=\u00a0\u00bb0.3&Prime; width=\u00a0\u00bb1\/4&Prime; tablet_width_inherit=\u00a0\u00bbdefault\u00a0\u00bb animation_type=\u00a0\u00bbdefault\u00a0\u00bb bg_image_animation=\u00a0\u00bbnone\u00a0\u00bb border_type=\u00a0\u00bbsimple\u00a0\u00bb column_border_width=\u00a0\u00bb1px\u00a0\u00bb column_border_color=\u00a0\u00bb#707070&Prime; column_border_style=\u00a0\u00bbsolid\u00a0\u00bb gradient_type=\u00a0\u00bbdefault\u00a0\u00bb offset=\u00a0\u00bbvc_col-lg-3 vc_col-md-6&Prime; column_padding_type=\u00a0\u00bbdefault\u00a0\u00bb column_link=\u00a0\u00bb\/fr\/resources\/calculators\/\u00a0\u00bb column_link_screen_reader=\u00a0\u00bbCalculateurs de l&rsquo;industrie\u00a0\u00bb][dura_custom_title image=\u00a0\u00bb3037&Prime; image_placement=\u00a0\u00bbafter\u00a0\u00bb img_vertical_alignment=\u00a0\u00bbalign-items: center;\u00a0\u00bb image_spacing=\u00a0\u00bbjustify-content: space-between; width: 100%;\u00a0\u00bb text_tag=\u00a0\u00bbh2&Prime; alignment=\u00a0\u00bbjustify-content: flex-start;\u00a0\u00bb text_align=\u00a0\u00bbtext-align: left;\u00a0\u00bb text_color=\u00a0\u00bb#58595b\u00a0\u00bb font_weight=\u00a0\u00bb500&Prime; max_width=\u00a0\u00bb50px\u00a0\u00bb font_size=\u00a0\u00bb23px\u00a0\u00bb]Calculateurs de l&rsquo;industrie[\/dura_custom_title][vc_raw_html css=\u00a0\u00bb.vc_custom_1659096004685{margin-bottom: 20px !important;}\u00a0\u00bb]PGhyPg==[\/vc_raw_html][vc_column_text css=\u00a0\u00bb.vc_custom_1752187074255{padding-bottom: 50px !important;}\u00a0\u00bb]Une suite de calculateurs pratiques, li\u00e9s \u00e0 l&rsquo;industrie, pour un large \u00e9ventail de besoins courants, y compris le coefficient de transfert de chaleur, le d\u00e9bit et la viscosit\u00e9.[\/vc_column_text][dura_custom_title image=\u00a0\u00bb3040&Prime; image_placement=\u00a0\u00bbafter\u00a0\u00bb img_vertical_alignment=\u00a0\u00bbalign-items: center;\u00a0\u00bb image_spacing=\u00a0\u00bbjustify-content: space-between; width: 100%;\u00a0\u00bb text_tag=\u00a0\u00bbspan\u00a0\u00bb alignment=\u00a0\u00bbjustify-content: flex-start;\u00a0\u00bb text_align=\u00a0\u00bbtext-align: left;\u00a0\u00bb text_color=\u00a0\u00bb#58595b\u00a0\u00bb font_weight=\u00a0\u00bb500&Prime; font_size=\u00a0\u00bb17px\u00a0\u00bb extra_class=\u00a0\u00bbread-more-bottom\u00a0\u00bb max_width=\u00a0\u00bb25px\u00a0\u00bb]Lire plus[\/dura_custom_title][\/vc_column][vc_column column_padding=\u00a0\u00bbpadding-2-percent\u00a0\u00bb column_padding_tablet=\u00a0\u00bbinherit\u00a0\u00bb column_padding_phone=\u00a0\u00bbinherit\u00a0\u00bb column_padding_position=\u00a0\u00bball\u00a0\u00bb top_margin_tablet=\u00a0\u00bb20px\u00a0\u00bb column_element_direction_desktop=\u00a0\u00bbdefault\u00a0\u00bb column_element_spacing=\u00a0\u00bbdefault\u00a0\u00bb desktop_text_alignment=\u00a0\u00bbdefault\u00a0\u00bb tablet_text_alignment=\u00a0\u00bbdefault\u00a0\u00bb phone_text_alignment=\u00a0\u00bbdefault\u00a0\u00bb background_color_opacity=\u00a0\u00bb1&Prime; background_hover_color_opacity=\u00a0\u00bb1&Prime; column_backdrop_filter=\u00a0\u00bbnone\u00a0\u00bb column_shadow=\u00a0\u00bbnone\u00a0\u00bb column_border_radius=\u00a0\u00bb10px\u00a0\u00bb column_link_target=\u00a0\u00bb_self\u00a0\u00bb column_position=\u00a0\u00bbdefault\u00a0\u00bb advanced_gradient_angle=\u00a0\u00bb0&Prime; gradient_direction=\u00a0\u00bbleft_to_right\u00a0\u00bb overlay_strength=\u00a0\u00bb0.3&Prime; width=\u00a0\u00bb1\/4&Prime; tablet_width_inherit=\u00a0\u00bbdefault\u00a0\u00bb animation_type=\u00a0\u00bbdefault\u00a0\u00bb bg_image_animation=\u00a0\u00bbnone\u00a0\u00bb border_type=\u00a0\u00bbsimple\u00a0\u00bb column_border_width=\u00a0\u00bb1px\u00a0\u00bb column_border_color=\u00a0\u00bb#707070&Prime; column_border_style=\u00a0\u00bbsolid\u00a0\u00bb gradient_type=\u00a0\u00bbdefault\u00a0\u00bb offset=\u00a0\u00bbvc_col-lg-3 vc_col-md-6&Prime; column_padding_type=\u00a0\u00bbdefault\u00a0\u00bb column_link=\u00a0\u00bb\/fr\/nouvelles\/\u00a0\u00bb][dura_custom_title image=\u00a0\u00bb96&Prime; image_placement=\u00a0\u00bbafter\u00a0\u00bb img_vertical_alignment=\u00a0\u00bbalign-items: center;\u00a0\u00bb image_spacing=\u00a0\u00bbjustify-content: space-between; width: 100%;\u00a0\u00bb text_tag=\u00a0\u00bbh2&Prime; alignment=\u00a0\u00bbjustify-content: flex-start;\u00a0\u00bb text_align=\u00a0\u00bbtext-align: left;\u00a0\u00bb text_color=\u00a0\u00bb#58595b\u00a0\u00bb font_weight=\u00a0\u00bb500&Prime; max_width=\u00a0\u00bb30px\u00a0\u00bb font_size=\u00a0\u00bb23px\u00a0\u00bb]Conseils et modes d&#8217;emploi[\/dura_custom_title][vc_raw_html css=\u00a0\u00bb.vc_custom_1659096004685{margin-bottom: 20px !important;}\u00a0\u00bb]PGhyPg==[\/vc_raw_html][vc_column_text css=\u00a0\u00bb.vc_custom_1749733040408{padding-bottom: 50px !important;}\u00a0\u00bb]Un moyen simple d&rsquo;obtenir toutes sortes d&rsquo;informations importantes sur les fluides thermiques, sur le bon fonctionnement des syst\u00e8mes, sur la conception des \u00e9quipements, et bien d&rsquo;autres choses encore.[\/vc_column_text][dura_custom_title image=\u00a0\u00bb3040&Prime; image_placement=\u00a0\u00bbafter\u00a0\u00bb img_vertical_alignment=\u00a0\u00bbalign-items: center;\u00a0\u00bb image_spacing=\u00a0\u00bbjustify-content: space-between; width: 100%;\u00a0\u00bb text_tag=\u00a0\u00bbspan\u00a0\u00bb alignment=\u00a0\u00bbjustify-content: flex-start;\u00a0\u00bb text_align=\u00a0\u00bbtext-align: left;\u00a0\u00bb text_color=\u00a0\u00bb#58595b\u00a0\u00bb font_weight=\u00a0\u00bb500&Prime; font_size=\u00a0\u00bb17px\u00a0\u00bb extra_class=\u00a0\u00bbread-more-bottom\u00a0\u00bb max_width=\u00a0\u00bb25px\u00a0\u00bb]Lire plus[\/dura_custom_title][\/vc_column][vc_column column_padding=\u00a0\u00bbpadding-2-percent\u00a0\u00bb column_padding_tablet=\u00a0\u00bbinherit\u00a0\u00bb column_padding_phone=\u00a0\u00bbinherit\u00a0\u00bb column_padding_position=\u00a0\u00bball\u00a0\u00bb top_margin_tablet=\u00a0\u00bb20px\u00a0\u00bb column_element_direction_desktop=\u00a0\u00bbdefault\u00a0\u00bb column_element_spacing=\u00a0\u00bbdefault\u00a0\u00bb desktop_text_alignment=\u00a0\u00bbdefault\u00a0\u00bb tablet_text_alignment=\u00a0\u00bbdefault\u00a0\u00bb phone_text_alignment=\u00a0\u00bbdefault\u00a0\u00bb background_color_opacity=\u00a0\u00bb1&Prime; background_hover_color_opacity=\u00a0\u00bb1&Prime; column_backdrop_filter=\u00a0\u00bbnone\u00a0\u00bb column_shadow=\u00a0\u00bbnone\u00a0\u00bb column_border_radius=\u00a0\u00bb10px\u00a0\u00bb column_link_target=\u00a0\u00bb_self\u00a0\u00bb column_position=\u00a0\u00bbdefault\u00a0\u00bb advanced_gradient_angle=\u00a0\u00bb0&Prime; gradient_direction=\u00a0\u00bbleft_to_right\u00a0\u00bb overlay_strength=\u00a0\u00bb0.3&Prime; width=\u00a0\u00bb1\/4&Prime; tablet_width_inherit=\u00a0\u00bbdefault\u00a0\u00bb animation_type=\u00a0\u00bbdefault\u00a0\u00bb bg_image_animation=\u00a0\u00bbnone\u00a0\u00bb border_type=\u00a0\u00bbsimple\u00a0\u00bb column_border_width=\u00a0\u00bb1px\u00a0\u00bb column_border_color=\u00a0\u00bb#707070&Prime; column_border_style=\u00a0\u00bbsolid\u00a0\u00bb gradient_type=\u00a0\u00bbdefault\u00a0\u00bb offset=\u00a0\u00bbvc_col-lg-3 vc_col-md-6&Prime; column_padding_type=\u00a0\u00bbdefault\u00a0\u00bb column_link=\u00a0\u00bb\/fr\/resources\/faq\/\u00a0\u00bb][dura_custom_title image=\u00a0\u00bb3036&Prime; image_placement=\u00a0\u00bbafter\u00a0\u00bb img_vertical_alignment=\u00a0\u00bbalign-items: center;\u00a0\u00bb image_spacing=\u00a0\u00bbjustify-content: space-between; width: 100%;\u00a0\u00bb text_tag=\u00a0\u00bbh2&Prime; alignment=\u00a0\u00bbjustify-content: flex-start;\u00a0\u00bb text_align=\u00a0\u00bbtext-align: left;\u00a0\u00bb text_color=\u00a0\u00bb#58595b\u00a0\u00bb font_weight=\u00a0\u00bb500&Prime; max_width=\u00a0\u00bb50px\u00a0\u00bb font_size=\u00a0\u00bb23px\u00a0\u00bb]Lexique des termes de l&rsquo;industrie[\/dura_custom_title][vc_raw_html css=\u00a0\u00bb.vc_custom_1659096004685{margin-bottom: 20px !important;}\u00a0\u00bb]PGhyPg==[\/vc_raw_html][vc_column_text css=\u00a0\u00bb.vc_custom_1749733065706{padding-bottom: 50px !important;}\u00a0\u00bb]Vous ne comprenez pas la signification de certains termes utilis\u00e9s dans l&rsquo;industrie ? Ce guide pratique vous permettra de vous familiariser rapidement avec la terminologie courante.[\/vc_column_text][dura_custom_title image=\u00a0\u00bb3040&Prime; image_placement=\u00a0\u00bbafter\u00a0\u00bb img_vertical_alignment=\u00a0\u00bbalign-items: center;\u00a0\u00bb image_spacing=\u00a0\u00bbjustify-content: space-between; width: 100%;\u00a0\u00bb text_tag=\u00a0\u00bbspan\u00a0\u00bb alignment=\u00a0\u00bbjustify-content: flex-start;\u00a0\u00bb text_align=\u00a0\u00bbtext-align: left;\u00a0\u00bb text_color=\u00a0\u00bb#58595b\u00a0\u00bb font_weight=\u00a0\u00bb500&Prime; font_size=\u00a0\u00bb17px\u00a0\u00bb extra_class=\u00a0\u00bbread-more-bottom\u00a0\u00bb max_width=\u00a0\u00bb25px\u00a0\u00bb]Lire plus[\/dura_custom_title][\/vc_column][\/vc_row]\n","protected":false},"excerpt":{"rendered":"<p>[vc_row type=\u00a0\u00bbin_container\u00a0\u00bb full_screen_row_position=\u00a0\u00bbmiddle\u00a0\u00bb column_margin=\u00a0\u00bb5px\u00a0\u00bb column_direction=\u00a0\u00bbdefault\u00a0\u00bb column_direction_tablet=\u00a0\u00bbdefault\u00a0\u00bb column_direction_phone=\u00a0\u00bbdefault\u00a0\u00bb scene_position=\u00a0\u00bbcenter\u00a0\u00bb text_color=\u00a0\u00bbdark\u00a0\u00bb text_align=\u00a0\u00bbleft\u00a0\u00bb row_border_radius=\u00a0\u00bbnone\u00a0\u00bb row_border_radius_applies=\u00a0\u00bbbg\u00a0\u00bb overflow=\u00a0\u00bbvisible\u00a0\u00bb advanced_gradient_angle=\u00a0\u00bb0&Prime; overlay_strength=\u00a0\u00bb0.3&Prime; gradient_direction=\u00a0\u00bbleft_to_right\u00a0\u00bb shape_divider_position=\u00a0\u00bbbottom\u00a0\u00bb bg_image_animation=\u00a0\u00bbnone\u00a0\u00bb gradient_type=\u00a0\u00bbdefault\u00a0\u00bb shape_type=\u00a0\u00bb\u00a0\u00bb][vc_column column_padding=\u00a0\u00bbno-extra-padding\u00a0\u00bb column_padding_tablet=\u00a0\u00bbinherit\u00a0\u00bb column_padding_phone=\u00a0\u00bbinherit\u00a0\u00bb column_padding_position=\u00a0\u00bball\u00a0\u00bb bottom_margin=\u00a0\u00bb0&Prime; column_element_direction_desktop=\u00a0\u00bbdefault\u00a0\u00bb column_element_spacing=\u00a0\u00bbdefault\u00a0\u00bb desktop_text_alignment=\u00a0\u00bbdefault\u00a0\u00bb tablet_text_alignment=\u00a0\u00bbdefault\u00a0\u00bb phone_text_alignment=\u00a0\u00bbdefault\u00a0\u00bb&#8230;<\/p>\n","protected":false},"author":1,"featured_media":0,"parent":0,"menu_order":0,"comment_status":"closed","ping_status":"closed","template":"","meta":{"_acf_changed":false,"footnotes":""},"class_list":["post-5018","page","type-page","status-publish"],"acf":[],"yoast_head":"<!-- This site is optimized with the Yoast SEO plugin v27.4 - https:\/\/yoast.com\/product\/yoast-seo-wordpress\/ -->\n<title>Ressources techniques | Fluides de transfert de chaleur Duratherm<\/title>\n<meta name=\"description\" content=\"Vous avez besoin de calculer les taux de transfert de chaleur ou de comprendre tous les termes utilis\u00e9s dans l&#039;industrie ? Consultez notre liste de ressources techniques.\" \/>\n<meta name=\"robots\" content=\"index, follow, max-snippet:-1, max-image-preview:large, max-video-preview:-1\" \/>\n<link rel=\"canonical\" href=\"https:\/\/durathermcanada.ca\/fr\/ressources\/\" \/>\n<meta property=\"og:locale\" content=\"fr_CA\" \/>\n<meta property=\"og:type\" content=\"article\" \/>\n<meta property=\"og:title\" content=\"Ressources techniques | Fluides de transfert de chaleur Duratherm\" \/>\n<meta property=\"og:description\" content=\"Vous avez besoin de calculer les taux de transfert de chaleur ou de comprendre tous les termes utilis\u00e9s dans l&#039;industrie ? Consultez notre liste de ressources techniques.\" \/>\n<meta property=\"og:url\" content=\"https:\/\/durathermcanada.ca\/fr\/ressources\/\" \/>\n<meta property=\"og:site_name\" content=\"Duratherm Fluids Canada\" \/>\n<meta property=\"article:modified_time\" content=\"2025-08-18T16:41:02+00:00\" \/>\n<meta name=\"twitter:card\" content=\"summary_large_image\" \/>\n<meta name=\"twitter:label1\" content=\"Estimation du temps de lecture\" \/>\n\t<meta name=\"twitter:data1\" content=\"7 minutes\" \/>\n<script type=\"application\/ld+json\" class=\"yoast-schema-graph\">{\"@context\":\"https:\\\/\\\/schema.org\",\"@graph\":[{\"@type\":\"WebPage\",\"@id\":\"https:\\\/\\\/durathermcanada.ca\\\/fr\\\/ressources\\\/\",\"url\":\"https:\\\/\\\/durathermcanada.ca\\\/fr\\\/ressources\\\/\",\"name\":\"Ressources techniques | Fluides de transfert de chaleur Duratherm\",\"isPartOf\":{\"@id\":\"https:\\\/\\\/durathermcanada.ca\\\/fr\\\/#website\"},\"datePublished\":\"2022-07-29T12:51:09+00:00\",\"dateModified\":\"2025-08-18T16:41:02+00:00\",\"description\":\"Vous avez besoin de calculer les taux de transfert de chaleur ou de comprendre tous les termes utilis\u00e9s dans l'industrie ? Consultez notre liste de ressources techniques.\",\"breadcrumb\":{\"@id\":\"https:\\\/\\\/durathermcanada.ca\\\/fr\\\/ressources\\\/#breadcrumb\"},\"inLanguage\":\"fr-CA\",\"potentialAction\":[{\"@type\":\"ReadAction\",\"target\":[\"https:\\\/\\\/durathermcanada.ca\\\/fr\\\/ressources\\\/\"]}]},{\"@type\":\"BreadcrumbList\",\"@id\":\"https:\\\/\\\/durathermcanada.ca\\\/fr\\\/ressources\\\/#breadcrumb\",\"itemListElement\":[{\"@type\":\"ListItem\",\"position\":1,\"name\":\"Home\",\"item\":\"https:\\\/\\\/durathermcanada.ca\\\/fr\\\/\"},{\"@type\":\"ListItem\",\"position\":2,\"name\":\"Ressources techniques\"}]},{\"@type\":\"WebSite\",\"@id\":\"https:\\\/\\\/durathermcanada.ca\\\/fr\\\/#website\",\"url\":\"https:\\\/\\\/durathermcanada.ca\\\/fr\\\/\",\"name\":\"Duratherm Fluids\",\"description\":\"\",\"publisher\":{\"@id\":\"https:\\\/\\\/durathermcanada.ca\\\/fr\\\/#organization\"},\"potentialAction\":[{\"@type\":\"SearchAction\",\"target\":{\"@type\":\"EntryPoint\",\"urlTemplate\":\"https:\\\/\\\/durathermcanada.ca\\\/fr\\\/?s={search_term_string}\"},\"query-input\":{\"@type\":\"PropertyValueSpecification\",\"valueRequired\":true,\"valueName\":\"search_term_string\"}}],\"inLanguage\":\"fr-CA\"},{\"@type\":\"Organization\",\"@id\":\"https:\\\/\\\/durathermcanada.ca\\\/fr\\\/#organization\",\"name\":\"Duratherm Heat Transfer Fluids\",\"url\":\"https:\\\/\\\/durathermcanada.ca\\\/fr\\\/\",\"logo\":{\"@type\":\"ImageObject\",\"inLanguage\":\"fr-CA\",\"@id\":\"https:\\\/\\\/durathermcanada.ca\\\/fr\\\/#\\\/schema\\\/logo\\\/image\\\/\",\"url\":\"https:\\\/\\\/durathermcanada.ca\\\/wp-content\\\/uploads\\\/2022\\\/04\\\/duratherm-logo-big.svg\",\"contentUrl\":\"https:\\\/\\\/durathermcanada.ca\\\/wp-content\\\/uploads\\\/2022\\\/04\\\/duratherm-logo-big.svg\",\"width\":410,\"height\":75,\"caption\":\"Duratherm Heat Transfer Fluids\"},\"image\":{\"@id\":\"https:\\\/\\\/durathermcanada.ca\\\/fr\\\/#\\\/schema\\\/logo\\\/image\\\/\"}}]}<\/script>\n<!-- \/ Yoast SEO plugin. -->","yoast_head_json":{"title":"Ressources techniques | Fluides de transfert de chaleur Duratherm","description":"Vous avez besoin de calculer les taux de transfert de chaleur ou de comprendre tous les termes utilis\u00e9s dans l'industrie ? Consultez notre liste de ressources techniques.","robots":{"index":"index","follow":"follow","max-snippet":"max-snippet:-1","max-image-preview":"max-image-preview:large","max-video-preview":"max-video-preview:-1"},"canonical":"https:\/\/durathermcanada.ca\/fr\/ressources\/","og_locale":"fr_CA","og_type":"article","og_title":"Ressources techniques | Fluides de transfert de chaleur Duratherm","og_description":"Vous avez besoin de calculer les taux de transfert de chaleur ou de comprendre tous les termes utilis\u00e9s dans l'industrie ? Consultez notre liste de ressources techniques.","og_url":"https:\/\/durathermcanada.ca\/fr\/ressources\/","og_site_name":"Duratherm Fluids Canada","article_modified_time":"2025-08-18T16:41:02+00:00","twitter_card":"summary_large_image","twitter_misc":{"Estimation du temps de lecture":"7 minutes"},"schema":{"@context":"https:\/\/schema.org","@graph":[{"@type":"WebPage","@id":"https:\/\/durathermcanada.ca\/fr\/ressources\/","url":"https:\/\/durathermcanada.ca\/fr\/ressources\/","name":"Ressources techniques | Fluides de transfert de chaleur Duratherm","isPartOf":{"@id":"https:\/\/durathermcanada.ca\/fr\/#website"},"datePublished":"2022-07-29T12:51:09+00:00","dateModified":"2025-08-18T16:41:02+00:00","description":"Vous avez besoin de calculer les taux de transfert de chaleur ou de comprendre tous les termes utilis\u00e9s dans l'industrie ? Consultez notre liste de ressources techniques.","breadcrumb":{"@id":"https:\/\/durathermcanada.ca\/fr\/ressources\/#breadcrumb"},"inLanguage":"fr-CA","potentialAction":[{"@type":"ReadAction","target":["https:\/\/durathermcanada.ca\/fr\/ressources\/"]}]},{"@type":"BreadcrumbList","@id":"https:\/\/durathermcanada.ca\/fr\/ressources\/#breadcrumb","itemListElement":[{"@type":"ListItem","position":1,"name":"Home","item":"https:\/\/durathermcanada.ca\/fr\/"},{"@type":"ListItem","position":2,"name":"Ressources techniques"}]},{"@type":"WebSite","@id":"https:\/\/durathermcanada.ca\/fr\/#website","url":"https:\/\/durathermcanada.ca\/fr\/","name":"Duratherm Fluids","description":"","publisher":{"@id":"https:\/\/durathermcanada.ca\/fr\/#organization"},"potentialAction":[{"@type":"SearchAction","target":{"@type":"EntryPoint","urlTemplate":"https:\/\/durathermcanada.ca\/fr\/?s={search_term_string}"},"query-input":{"@type":"PropertyValueSpecification","valueRequired":true,"valueName":"search_term_string"}}],"inLanguage":"fr-CA"},{"@type":"Organization","@id":"https:\/\/durathermcanada.ca\/fr\/#organization","name":"Duratherm Heat Transfer Fluids","url":"https:\/\/durathermcanada.ca\/fr\/","logo":{"@type":"ImageObject","inLanguage":"fr-CA","@id":"https:\/\/durathermcanada.ca\/fr\/#\/schema\/logo\/image\/","url":"https:\/\/durathermcanada.ca\/wp-content\/uploads\/2022\/04\/duratherm-logo-big.svg","contentUrl":"https:\/\/durathermcanada.ca\/wp-content\/uploads\/2022\/04\/duratherm-logo-big.svg","width":410,"height":75,"caption":"Duratherm Heat Transfer Fluids"},"image":{"@id":"https:\/\/durathermcanada.ca\/fr\/#\/schema\/logo\/image\/"}}]}},"_links":{"self":[{"href":"https:\/\/durathermcanada.ca\/fr\/wp-json\/wp\/v2\/pages\/5018","targetHints":{"allow":["GET"]}}],"collection":[{"href":"https:\/\/durathermcanada.ca\/fr\/wp-json\/wp\/v2\/pages"}],"about":[{"href":"https:\/\/durathermcanada.ca\/fr\/wp-json\/wp\/v2\/types\/page"}],"author":[{"embeddable":true,"href":"https:\/\/durathermcanada.ca\/fr\/wp-json\/wp\/v2\/users\/1"}],"replies":[{"embeddable":true,"href":"https:\/\/durathermcanada.ca\/fr\/wp-json\/wp\/v2\/comments?post=5018"}],"version-history":[{"count":5,"href":"https:\/\/durathermcanada.ca\/fr\/wp-json\/wp\/v2\/pages\/5018\/revisions"}],"predecessor-version":[{"id":5284,"href":"https:\/\/durathermcanada.ca\/fr\/wp-json\/wp\/v2\/pages\/5018\/revisions\/5284"}],"wp:attachment":[{"href":"https:\/\/durathermcanada.ca\/fr\/wp-json\/wp\/v2\/media?parent=5018"}],"curies":[{"name":"wp","href":"https:\/\/api.w.org\/{rel}","templated":true}]}}