{"id":5001,"date":"2022-07-26T16:54:32","date_gmt":"2022-07-26T16:54:32","guid":{"rendered":"https:\/\/durathermcanada.ca\/fluides-de-bain-ouverts\/"},"modified":"2026-03-20T11:22:32","modified_gmt":"2026-03-20T11:22:32","slug":"fluides-de-bain-ouverts","status":"publish","type":"page","link":"https:\/\/durathermcanada.ca\/fr\/bain-ouvert\/","title":{"rendered":"Fluides de bains ouverts"},"content":{"rendered":"[vc_row type=\u00a0\u00bbin_container\u00a0\u00bb full_screen_row_position=\u00a0\u00bbmiddle\u00a0\u00bb column_margin=\u00a0\u00bb30px\u00a0\u00bb column_direction=\u00a0\u00bbdefault\u00a0\u00bb column_direction_tablet=\u00a0\u00bbdefault\u00a0\u00bb column_direction_phone=\u00a0\u00bbdefault\u00a0\u00bb scene_position=\u00a0\u00bbcenter\u00a0\u00bb text_color=\u00a0\u00bbdark\u00a0\u00bb text_align=\u00a0\u00bbleft\u00a0\u00bb row_border_radius=\u00a0\u00bbnone\u00a0\u00bb row_border_radius_applies=\u00a0\u00bbbg\u00a0\u00bb row_position_desktop=\u00a0\u00bbdefault\u00a0\u00bb row_position_tablet=\u00a0\u00bbinherit\u00a0\u00bb row_position_phone=\u00a0\u00bbinherit\u00a0\u00bb overflow=\u00a0\u00bbvisible\u00a0\u00bb advanced_gradient_angle=\u00a0\u00bb0&Prime; overlay_strength=\u00a0\u00bb0.3&Prime; gradient_direction=\u00a0\u00bbleft_to_right\u00a0\u00bb shape_divider_position=\u00a0\u00bbbottom\u00a0\u00bb bg_image_animation=\u00a0\u00bbnone\u00a0\u00bb gradient_type=\u00a0\u00bbdefault\u00a0\u00bb shape_type=\u00a0\u00bb\u00a0\u00bb][vc_column column_padding=\u00a0\u00bbpadding-3-percent\u00a0\u00bb column_padding_tablet=\u00a0\u00bbinherit\u00a0\u00bb column_padding_phone=\u00a0\u00bbinherit\u00a0\u00bb column_padding_position=\u00a0\u00bbright\u00a0\u00bb flex_gap_desktop=\u00a0\u00bb10px\u00a0\u00bb column_element_direction_desktop=\u00a0\u00bbdefault\u00a0\u00bb column_element_spacing=\u00a0\u00bbdefault\u00a0\u00bb desktop_text_alignment=\u00a0\u00bbdefault\u00a0\u00bb tablet_text_alignment=\u00a0\u00bbdefault\u00a0\u00bb phone_text_alignment=\u00a0\u00bbdefault\u00a0\u00bb background_color_opacity=\u00a0\u00bb1&Prime; background_hover_color_opacity=\u00a0\u00bb1&Prime; column_backdrop_filter=\u00a0\u00bbnone\u00a0\u00bb column_shadow=\u00a0\u00bbnone\u00a0\u00bb column_border_radius=\u00a0\u00bbnone\u00a0\u00bb column_link_target=\u00a0\u00bb_self\u00a0\u00bb column_position=\u00a0\u00bbdefault\u00a0\u00bb advanced_gradient_angle=\u00a0\u00bb0&Prime; gradient_direction=\u00a0\u00bbleft_to_right\u00a0\u00bb overlay_strength=\u00a0\u00bb0.3&Prime; width=\u00a0\u00bb2\/3&Prime; tablet_width_inherit=\u00a0\u00bbdefault\u00a0\u00bb animation_type=\u00a0\u00bbdefault\u00a0\u00bb bg_image_animation=\u00a0\u00bbnone\u00a0\u00bb border_type=\u00a0\u00bbsimple\u00a0\u00bb column_border_width=\u00a0\u00bbnone\u00a0\u00bb column_border_style=\u00a0\u00bbsolid\u00a0\u00bb gradient_type=\u00a0\u00bbdefault\u00a0\u00bb][vc_column_text css=\u00a0\u00bb.vc_custom_1752185666946{margin-bottom: 30px !important;}\u00a0\u00bb]\n<h1>Fluides de bains ouverts<\/h1>\n<p>Les bains ouverts sont l&rsquo;une des applications les plus compliqu\u00e9es pour les fluides de transfert de chaleur. N\u00e9gliger les temp\u00e9ratures de fonctionnement, la ventilation ad\u00e9quate du bain ou le choix d&rsquo;un mauvais fluide peut entra\u00eener de graves probl\u00e8mes et des risques potentiels pour la s\u00e9curit\u00e9 du lieu de travail.[\/vc_column_text][tabbed_section style=\u00a0\u00bbminimal\u00a0\u00bb tab_change_animation=\u00a0\u00bbfade\u00a0\u00bb alignment=\u00a0\u00bbleft\u00a0\u00bb spacing=\u00a0\u00bbdefault\u00a0\u00bb tab_color=\u00a0\u00bbAccent-Color\u00a0\u00bb vs_content_animation=\u00a0\u00bbfade\u00a0\u00bb vs_link_animation=\u00a0\u00bbopacity\u00a0\u00bb vs_navigation_alignment=\u00a0\u00bbleft\u00a0\u00bb vs_navigation_width_2=\u00a0\u00bb25%\u00a0\u00bb vs_navigation_func=\u00a0\u00bbdefault\u00a0\u00bb vs_navigation_width=\u00a0\u00bbregular\u00a0\u00bb vs_navigation_spacing=\u00a0\u00bb15px\u00a0\u00bb vs_navigation_mobile_display=\u00a0\u00bbvisible\u00a0\u00bb vs_tab_spacing=\u00a0\u00bb5%\u00a0\u00bb cta_button_style=\u00a0\u00bbaccent-color\u00a0\u00bb icon_size=\u00a0\u00bb24&Prime;][tab icon_family=\u00a0\u00bbnone\u00a0\u00bb title=\u00a0\u00bbD\u00c9FI\u00a0\u00bb id=\u00a0\u00bb1774005727919-4&Prime; tab_id=\u00a0\u00bb1774005727919-5&Prime;][vc_column_text]\n<h2>Pourquoi les bains ouverts sont si complexes ?<\/h2>\n<p>L&rsquo;oxydation est la principale cause de d\u00e9gradation du fluide caloporteur dans les bains ouverts. Cela se produit lorsque le fluide chauff\u00e9 entre en contact avec l&rsquo;air. . Plus la temp\u00e9rature de fonctionnement du bain est \u00e9lev\u00e9e, plus cette r\u00e9action est rapide et intense et plus le fluide se d\u00e9compose rapidement.<\/p>\n<p>Peu de fluides peuvent r\u00e9sister \u00e0 ces conditions extr\u00eames pendant plus de quelques jours. Cependant, Duratherm a d\u00e9velopp\u00e9 une gamme de fluides de transfert de chaleur sp\u00e9cialement con\u00e7us pour cette application exigeante &#8211; voir le tableau des produits ci-dessous.[\/vc_column_text][\/tab][tab icon_family=\u00a0\u00bbnone\u00a0\u00bb title=\u00a0\u00bbPR\u00c9CAUTION\u00a0\u00bb id=\u00a0\u00bb1774005727928-10&Prime; tab_id=\u00a0\u00bb1774005727929-0&Prime;][vc_column_text]\n<h2>Assurer la s\u00e9curit\u00e9<\/h2>\n<p>Un facteur crucial dans les applications en bain ouvert est le d\u00e9gagement gazeux, qui peut se manifester sous forme de fum\u00e9e s&rsquo;accumulant et s&rsquo;\u00e9levant du bain. Les mol\u00e9cules plus l\u00e9g\u00e8res du fluide sont lib\u00e9r\u00e9es lors du chauffage ; n\u00e9anmoins, ces vapeurs peuvent \u00eatre nocives et ne doivent pas \u00eatre inhal\u00e9es, quel que soit le fluide utilis\u00e9. Pour garantir un environnement de travail s\u00fbr, tous les bains doivent disposer d&rsquo;une ventilation ad\u00e9quate pour prot\u00e9ger l&rsquo;op\u00e9rateur des effets des fum\u00e9es et des d\u00e9gagements gazeux. Il est essentiel de reconna\u00eetre que lorsque les temp\u00e9ratures des fluides augmentent, les d\u00e9gagements gazeux s&rsquo;intensifient ; il faut donc en tenir compte lors de la conception et du dimensionnement de votre syst\u00e8me de ventilation.[\/vc_column_text][\/tab][tab icon_family=\u00a0\u00bbnone\u00a0\u00bb title=\u00a0\u00bbOPTIONS\u00a0\u00bb id=\u00a0\u00bb1774005727936-0&Prime; tab_id=\u00a0\u00bb1774005727936-4&Prime;][vc_column_text]\n<h2>Alors, que dois-je faire ?<\/h2>\n<p>L&rsquo;oxydation et les d\u00e9gagements gazeux inh\u00e9rents aux applications en bain ouvert d\u00e9gradent gravement la plupart des fluides de transfert de chaleur en peu de temps. Reconnaissant la n\u00e9cessit\u00e9 de s\u00e9lectionner un produit appropri\u00e9 capable de supporter des conditions s\u00e9v\u00e8res, Duratherm a cr\u00e9\u00e9 une gamme compl\u00e8te de fluides qui ont d\u00e9montr\u00e9 leur s\u00e9curit\u00e9, leur rentabilit\u00e9 et leur durabilit\u00e9 exceptionnelle dans des applications pratiques. Le tableau ci-dessous pr\u00e9sente une s\u00e9lection de fluides aux qualit\u00e9s diverses. Si vous n&rsquo;\u00eates pas s\u00fbr de l&rsquo;option la plus appropri\u00e9e, veuillez nous contacter pour obtenir de l&rsquo;aide.[\/vc_column_text][\/tab][\/tabbed_section][\/vc_column][vc_column column_padding=\u00a0\u00bbno-extra-padding\u00a0\u00bb column_padding_tablet=\u00a0\u00bbinherit\u00a0\u00bb column_padding_phone=\u00a0\u00bbinherit\u00a0\u00bb column_padding_position=\u00a0\u00bball\u00a0\u00bb flex_gap_desktop=\u00a0\u00bb10px\u00a0\u00bb column_element_direction_desktop=\u00a0\u00bbdefault\u00a0\u00bb column_element_spacing=\u00a0\u00bbdefault\u00a0\u00bb desktop_text_alignment=\u00a0\u00bbdefault\u00a0\u00bb tablet_text_alignment=\u00a0\u00bbdefault\u00a0\u00bb phone_text_alignment=\u00a0\u00bbdefault\u00a0\u00bb background_color_opacity=\u00a0\u00bb1&Prime; background_hover_color_opacity=\u00a0\u00bb1&Prime; column_backdrop_filter=\u00a0\u00bbnone\u00a0\u00bb column_shadow=\u00a0\u00bbnone\u00a0\u00bb column_border_radius=\u00a0\u00bbnone\u00a0\u00bb column_link_target=\u00a0\u00bb_self\u00a0\u00bb column_position=\u00a0\u00bbdefault\u00a0\u00bb gradient_direction=\u00a0\u00bbleft_to_right\u00a0\u00bb overlay_strength=\u00a0\u00bb0.3&Prime; width=\u00a0\u00bb1\/3&Prime; tablet_width_inherit=\u00a0\u00bbdefault\u00a0\u00bb animation_type=\u00a0\u00bbdefault\u00a0\u00bb bg_image_animation=\u00a0\u00bbnone\u00a0\u00bb border_type=\u00a0\u00bbsimple\u00a0\u00bb column_border_width=\u00a0\u00bbnone\u00a0\u00bb column_border_style=\u00a0\u00bbsolid\u00a0\u00bb][vc_column_text]\n<h2>Vous avez besoin d\u2019aide ?<br \/>\nNotre \u00e9quipe est l\u00e0 pour vous aider.<\/h2>\n<h3><a href=\"tel:18004464910\">1-800-446-4910<\/a><br \/>\n<a href=\"mailto:inquiry@durathermfluids.com\">inquiry@durathermfluids.com<\/a><\/h3>\n<p>Notre \u00e9quipe d&rsquo;assistance technique est disponible par t\u00e9l\u00e9phone ou par courriel pour discuter de vos besoins et de vos utilisations potentielles. Nous prendrons le temps de vous \u00e9couter et de travailler avec vous pour trouver les meilleures solutions qui s&rsquo;appliquent \u00e0 votre situation.<\/p>\n<h3>Parcourir les autres produits:<\/h3>\n<h5><a href=\"https:\/\/durathermcanada.ca\/fr\/fluide-de-transfert-de-chaleur\/\">FLUIDES THERMIQUES<\/a> | <a href=\"https:\/\/durathermcanada.ca\/fr\/nettoyants\/\">NETTOYANTS DE SYST\u00c8MES<\/a> | <a href=\"https:\/\/durathermcanada.ca\/fr\/liquide-de-refroidissement-glycol\/\">LIQUIDES DE REFROIDISSEMENT AU GLYCOL<\/a><\/h5>\n[\/vc_column_text][\/vc_column][\/vc_row][vc_row type=\u00a0\u00bbfull_width_background\u00a0\u00bb full_screen_row_position=\u00a0\u00bbmiddle\u00a0\u00bb column_margin=\u00a0\u00bbdefault\u00a0\u00bb column_direction=\u00a0\u00bbdefault\u00a0\u00bb column_direction_tablet=\u00a0\u00bbdefault\u00a0\u00bb column_direction_phone=\u00a0\u00bbdefault\u00a0\u00bb bg_color=\u00a0\u00bb#e8e8e8&Prime; scene_position=\u00a0\u00bbcenter\u00a0\u00bb top_padding=\u00a0\u00bb30px\u00a0\u00bb constrain_group_1=\u00a0\u00bbyes\u00a0\u00bb bottom_padding=\u00a0\u00bb30px\u00a0\u00bb text_color=\u00a0\u00bbdark\u00a0\u00bb text_align=\u00a0\u00bbleft\u00a0\u00bb row_border_radius=\u00a0\u00bbnone\u00a0\u00bb row_border_radius_applies=\u00a0\u00bbbg\u00a0\u00bb row_position_desktop=\u00a0\u00bbdefault\u00a0\u00bb row_position_tablet=\u00a0\u00bbinherit\u00a0\u00bb row_position_phone=\u00a0\u00bbinherit\u00a0\u00bb overflow=\u00a0\u00bbvisible\u00a0\u00bb overlay_strength=\u00a0\u00bb0.3&Prime; gradient_direction=\u00a0\u00bbleft_to_right\u00a0\u00bb shape_divider_position=\u00a0\u00bbbottom\u00a0\u00bb bg_image_animation=\u00a0\u00bbnone\u00a0\u00bb gradient_type=\u00a0\u00bbdefault\u00a0\u00bb shape_type=\u00a0\u00bb\u00a0\u00bb][vc_column column_padding=\u00a0\u00bbno-extra-padding\u00a0\u00bb column_padding_tablet=\u00a0\u00bbinherit\u00a0\u00bb column_padding_phone=\u00a0\u00bbinherit\u00a0\u00bb column_padding_position=\u00a0\u00bball\u00a0\u00bb flex_gap_desktop=\u00a0\u00bb10px\u00a0\u00bb column_element_direction_desktop=\u00a0\u00bbdefault\u00a0\u00bb column_element_spacing=\u00a0\u00bbdefault\u00a0\u00bb desktop_text_alignment=\u00a0\u00bbdefault\u00a0\u00bb tablet_text_alignment=\u00a0\u00bbdefault\u00a0\u00bb phone_text_alignment=\u00a0\u00bbdefault\u00a0\u00bb background_color_opacity=\u00a0\u00bb1&Prime; background_hover_color_opacity=\u00a0\u00bb1&Prime; column_backdrop_filter=\u00a0\u00bbnone\u00a0\u00bb column_shadow=\u00a0\u00bbnone\u00a0\u00bb column_border_radius=\u00a0\u00bbnone\u00a0\u00bb column_link_target=\u00a0\u00bb_self\u00a0\u00bb column_position=\u00a0\u00bbdefault\u00a0\u00bb gradient_direction=\u00a0\u00bbleft_to_right\u00a0\u00bb overlay_strength=\u00a0\u00bb0.3&Prime; width=\u00a0\u00bb1\/1&Prime; tablet_width_inherit=\u00a0\u00bbdefault\u00a0\u00bb animation_type=\u00a0\u00bbdefault\u00a0\u00bb bg_image_animation=\u00a0\u00bbnone\u00a0\u00bb border_type=\u00a0\u00bbsimple\u00a0\u00bb column_border_width=\u00a0\u00bbnone\u00a0\u00bb column_border_style=\u00a0\u00bbsolid\u00a0\u00bb][vc_row_inner column_margin=\u00a0\u00bbdefault\u00a0\u00bb column_direction=\u00a0\u00bbdefault\u00a0\u00bb column_direction_tablet=\u00a0\u00bbdefault\u00a0\u00bb column_direction_phone=\u00a0\u00bbdefault\u00a0\u00bb text_align=\u00a0\u00bbleft\u00a0\u00bb row_position=\u00a0\u00bbdefault\u00a0\u00bb row_position_tablet=\u00a0\u00bbinherit\u00a0\u00bb row_position_phone=\u00a0\u00bbinherit\u00a0\u00bb overflow=\u00a0\u00bbvisible\u00a0\u00bb pointer_events=\u00a0\u00bball\u00a0\u00bb][vc_column_inner column_padding=\u00a0\u00bbno-extra-padding\u00a0\u00bb column_padding_tablet=\u00a0\u00bbinherit\u00a0\u00bb column_padding_phone=\u00a0\u00bbinherit\u00a0\u00bb column_padding_position=\u00a0\u00bball\u00a0\u00bb flex_gap_desktop=\u00a0\u00bb10px\u00a0\u00bb column_element_direction_desktop=\u00a0\u00bbhorizontal\u00a0\u00bb column_element_alignment=\u00a0\u00bbcenter\u00a0\u00bb column_element_spacing=\u00a0\u00bbdefault\u00a0\u00bb desktop_text_alignment=\u00a0\u00bbdefault\u00a0\u00bb tablet_text_alignment=\u00a0\u00bbdefault\u00a0\u00bb phone_text_alignment=\u00a0\u00bbdefault\u00a0\u00bb background_color_opacity=\u00a0\u00bb1&Prime; background_hover_color_opacity=\u00a0\u00bb1&Prime; column_backdrop_filter=\u00a0\u00bbnone\u00a0\u00bb column_shadow=\u00a0\u00bbnone\u00a0\u00bb column_border_radius=\u00a0\u00bbnone\u00a0\u00bb column_link_target=\u00a0\u00bb_self\u00a0\u00bb overflow=\u00a0\u00bbvisible\u00a0\u00bb gradient_direction=\u00a0\u00bbleft_to_right\u00a0\u00bb overlay_strength=\u00a0\u00bb0.3&Prime; width=\u00a0\u00bb1\/2&Prime; tablet_width_inherit=\u00a0\u00bbdefault\u00a0\u00bb animation_type=\u00a0\u00bbdefault\u00a0\u00bb bg_image_animation=\u00a0\u00bbnone\u00a0\u00bb border_type=\u00a0\u00bbsimple\u00a0\u00bb column_border_width=\u00a0\u00bbnone\u00a0\u00bb column_border_style=\u00a0\u00bbsolid\u00a0\u00bb column_padding_type=\u00a0\u00bbdefault\u00a0\u00bb gradient_type=\u00a0\u00bbdefault\u00a0\u00bb][dura_unit_switcher size=\u00a0\u00bbsmall\u00a0\u00bb][\/vc_column_inner][vc_column_inner column_padding=\u00a0\u00bbno-extra-padding\u00a0\u00bb column_padding_tablet=\u00a0\u00bbinherit\u00a0\u00bb column_padding_phone=\u00a0\u00bbinherit\u00a0\u00bb column_padding_position=\u00a0\u00bball\u00a0\u00bb flex_gap_desktop=\u00a0\u00bb10px\u00a0\u00bb column_element_direction_desktop=\u00a0\u00bbdefault\u00a0\u00bb column_element_spacing=\u00a0\u00bbdefault\u00a0\u00bb desktop_text_alignment=\u00a0\u00bbdefault\u00a0\u00bb tablet_text_alignment=\u00a0\u00bbdefault\u00a0\u00bb phone_text_alignment=\u00a0\u00bbdefault\u00a0\u00bb background_color_opacity=\u00a0\u00bb1&Prime; background_hover_color_opacity=\u00a0\u00bb1&Prime; column_backdrop_filter=\u00a0\u00bbnone\u00a0\u00bb column_shadow=\u00a0\u00bbnone\u00a0\u00bb column_border_radius=\u00a0\u00bbnone\u00a0\u00bb column_link_target=\u00a0\u00bb_self\u00a0\u00bb overflow=\u00a0\u00bbvisible\u00a0\u00bb el_class=\u00a0\u00bb.tds-download-container\u00a0\u00bb gradient_direction=\u00a0\u00bbleft_to_right\u00a0\u00bb overlay_strength=\u00a0\u00bb0.3&Prime; width=\u00a0\u00bb1\/2&Prime; tablet_width_inherit=\u00a0\u00bbdefault\u00a0\u00bb animation_type=\u00a0\u00bbdefault\u00a0\u00bb bg_image_animation=\u00a0\u00bbnone\u00a0\u00bb border_type=\u00a0\u00bbsimple\u00a0\u00bb column_border_width=\u00a0\u00bbnone\u00a0\u00bb column_border_style=\u00a0\u00bbsolid\u00a0\u00bb column_padding_type=\u00a0\u00bbdefault\u00a0\u00bb gradient_type=\u00a0\u00bbdefault\u00a0\u00bb][dura_tds_download relative_path=\u00a0\u00bb\/pdf_ca\/tds_fr\/open-bath-ca-fr.pdf\u00a0\u00bb][\/vc_column_inner][\/vc_row_inner][dura_open_bath][\/vc_column][\/vc_row]\n","protected":false},"excerpt":{"rendered":"<p>[vc_row type=\u00a0\u00bbin_container\u00a0\u00bb full_screen_row_position=\u00a0\u00bbmiddle\u00a0\u00bb column_margin=\u00a0\u00bb30px\u00a0\u00bb column_direction=\u00a0\u00bbdefault\u00a0\u00bb column_direction_tablet=\u00a0\u00bbdefault\u00a0\u00bb column_direction_phone=\u00a0\u00bbdefault\u00a0\u00bb scene_position=\u00a0\u00bbcenter\u00a0\u00bb text_color=\u00a0\u00bbdark\u00a0\u00bb text_align=\u00a0\u00bbleft\u00a0\u00bb row_border_radius=\u00a0\u00bbnone\u00a0\u00bb row_border_radius_applies=\u00a0\u00bbbg\u00a0\u00bb row_position_desktop=\u00a0\u00bbdefault\u00a0\u00bb row_position_tablet=\u00a0\u00bbinherit\u00a0\u00bb row_position_phone=\u00a0\u00bbinherit\u00a0\u00bb overflow=\u00a0\u00bbvisible\u00a0\u00bb advanced_gradient_angle=\u00a0\u00bb0&Prime; overlay_strength=\u00a0\u00bb0.3&Prime; gradient_direction=\u00a0\u00bbleft_to_right\u00a0\u00bb shape_divider_position=\u00a0\u00bbbottom\u00a0\u00bb bg_image_animation=\u00a0\u00bbnone\u00a0\u00bb gradient_type=\u00a0\u00bbdefault\u00a0\u00bb shape_type=\u00a0\u00bb\u00a0\u00bb][vc_column column_padding=\u00a0\u00bbpadding-3-percent\u00a0\u00bb column_padding_tablet=\u00a0\u00bbinherit\u00a0\u00bb column_padding_phone=\u00a0\u00bbinherit\u00a0\u00bb column_padding_position=\u00a0\u00bbright\u00a0\u00bb flex_gap_desktop=\u00a0\u00bb10px\u00a0\u00bb column_element_direction_desktop=\u00a0\u00bbdefault\u00a0\u00bb column_element_spacing=\u00a0\u00bbdefault\u00a0\u00bb&#8230;<\/p>\n","protected":false},"author":1,"featured_media":0,"parent":0,"menu_order":0,"comment_status":"closed","ping_status":"closed","template":"","meta":{"_acf_changed":false,"footnotes":""},"class_list":["post-5001","page","type-page","status-publish"],"acf":[],"yoast_head":"<!-- This site is optimized with the Yoast SEO plugin v27.4 - https:\/\/yoast.com\/product\/yoast-seo-wordpress\/ -->\n<title>Fluides de bain ouvert | Fluides de transfert de chaleur Duratherm<\/title>\n<meta name=\"description\" content=\"Fluides de transfert de chaleur tr\u00e8s durables, sp\u00e9cialement con\u00e7us pour l&#039;oxydation et les d\u00e9gagements gazeux inh\u00e9rents aux applications en bain ouvert.\" \/>\n<meta name=\"robots\" content=\"index, follow, max-snippet:-1, max-image-preview:large, max-video-preview:-1\" \/>\n<link rel=\"canonical\" href=\"https:\/\/durathermcanada.ca\/fr\/bain-ouvert\/\" \/>\n<meta property=\"og:locale\" content=\"fr_CA\" \/>\n<meta property=\"og:type\" content=\"article\" \/>\n<meta property=\"og:title\" content=\"Fluides de bain ouvert | Fluides de transfert de chaleur Duratherm\" \/>\n<meta property=\"og:description\" content=\"Fluides de transfert de chaleur tr\u00e8s durables, sp\u00e9cialement con\u00e7us pour l&#039;oxydation et les d\u00e9gagements gazeux inh\u00e9rents aux applications en bain ouvert.\" \/>\n<meta property=\"og:url\" content=\"https:\/\/durathermcanada.ca\/fr\/bain-ouvert\/\" \/>\n<meta property=\"og:site_name\" content=\"Duratherm Fluids Canada\" \/>\n<meta property=\"article:modified_time\" content=\"2026-03-20T11:22:32+00:00\" \/>\n<meta name=\"twitter:card\" content=\"summary_large_image\" \/>\n<meta name=\"twitter:label1\" content=\"Estimation du temps de lecture\" \/>\n\t<meta name=\"twitter:data1\" content=\"7 minutes\" \/>\n<script type=\"application\/ld+json\" class=\"yoast-schema-graph\">{\"@context\":\"https:\\\/\\\/schema.org\",\"@graph\":[{\"@type\":\"WebPage\",\"@id\":\"https:\\\/\\\/durathermcanada.ca\\\/fr\\\/bain-ouvert\\\/\",\"url\":\"https:\\\/\\\/durathermcanada.ca\\\/fr\\\/bain-ouvert\\\/\",\"name\":\"Fluides de bain ouvert | Fluides de transfert de chaleur Duratherm\",\"isPartOf\":{\"@id\":\"https:\\\/\\\/durathermcanada.ca\\\/fr\\\/#website\"},\"datePublished\":\"2022-07-26T16:54:32+00:00\",\"dateModified\":\"2026-03-20T11:22:32+00:00\",\"description\":\"Fluides de transfert de chaleur tr\u00e8s durables, sp\u00e9cialement con\u00e7us pour l'oxydation et les d\u00e9gagements gazeux inh\u00e9rents aux applications en bain ouvert.\",\"breadcrumb\":{\"@id\":\"https:\\\/\\\/durathermcanada.ca\\\/fr\\\/bain-ouvert\\\/#breadcrumb\"},\"inLanguage\":\"fr-CA\",\"potentialAction\":[{\"@type\":\"ReadAction\",\"target\":[\"https:\\\/\\\/durathermcanada.ca\\\/fr\\\/bain-ouvert\\\/\"]}]},{\"@type\":\"BreadcrumbList\",\"@id\":\"https:\\\/\\\/durathermcanada.ca\\\/fr\\\/bain-ouvert\\\/#breadcrumb\",\"itemListElement\":[{\"@type\":\"ListItem\",\"position\":1,\"name\":\"Home\",\"item\":\"https:\\\/\\\/durathermcanada.ca\\\/fr\\\/\"},{\"@type\":\"ListItem\",\"position\":2,\"name\":\"Fluides de bains ouverts\"}]},{\"@type\":\"WebSite\",\"@id\":\"https:\\\/\\\/durathermcanada.ca\\\/fr\\\/#website\",\"url\":\"https:\\\/\\\/durathermcanada.ca\\\/fr\\\/\",\"name\":\"Duratherm Fluids\",\"description\":\"\",\"publisher\":{\"@id\":\"https:\\\/\\\/durathermcanada.ca\\\/fr\\\/#organization\"},\"potentialAction\":[{\"@type\":\"SearchAction\",\"target\":{\"@type\":\"EntryPoint\",\"urlTemplate\":\"https:\\\/\\\/durathermcanada.ca\\\/fr\\\/?s={search_term_string}\"},\"query-input\":{\"@type\":\"PropertyValueSpecification\",\"valueRequired\":true,\"valueName\":\"search_term_string\"}}],\"inLanguage\":\"fr-CA\"},{\"@type\":\"Organization\",\"@id\":\"https:\\\/\\\/durathermcanada.ca\\\/fr\\\/#organization\",\"name\":\"Duratherm Heat Transfer Fluids\",\"url\":\"https:\\\/\\\/durathermcanada.ca\\\/fr\\\/\",\"logo\":{\"@type\":\"ImageObject\",\"inLanguage\":\"fr-CA\",\"@id\":\"https:\\\/\\\/durathermcanada.ca\\\/fr\\\/#\\\/schema\\\/logo\\\/image\\\/\",\"url\":\"https:\\\/\\\/durathermcanada.ca\\\/wp-content\\\/uploads\\\/2022\\\/04\\\/duratherm-logo-big.svg\",\"contentUrl\":\"https:\\\/\\\/durathermcanada.ca\\\/wp-content\\\/uploads\\\/2022\\\/04\\\/duratherm-logo-big.svg\",\"width\":410,\"height\":75,\"caption\":\"Duratherm Heat Transfer Fluids\"},\"image\":{\"@id\":\"https:\\\/\\\/durathermcanada.ca\\\/fr\\\/#\\\/schema\\\/logo\\\/image\\\/\"}}]}<\/script>\n<!-- \/ Yoast SEO plugin. -->","yoast_head_json":{"title":"Fluides de bain ouvert | Fluides de transfert de chaleur Duratherm","description":"Fluides de transfert de chaleur tr\u00e8s durables, sp\u00e9cialement con\u00e7us pour l'oxydation et les d\u00e9gagements gazeux inh\u00e9rents aux applications en bain ouvert.","robots":{"index":"index","follow":"follow","max-snippet":"max-snippet:-1","max-image-preview":"max-image-preview:large","max-video-preview":"max-video-preview:-1"},"canonical":"https:\/\/durathermcanada.ca\/fr\/bain-ouvert\/","og_locale":"fr_CA","og_type":"article","og_title":"Fluides de bain ouvert | Fluides de transfert de chaleur Duratherm","og_description":"Fluides de transfert de chaleur tr\u00e8s durables, sp\u00e9cialement con\u00e7us pour l'oxydation et les d\u00e9gagements gazeux inh\u00e9rents aux applications en bain ouvert.","og_url":"https:\/\/durathermcanada.ca\/fr\/bain-ouvert\/","og_site_name":"Duratherm Fluids Canada","article_modified_time":"2026-03-20T11:22:32+00:00","twitter_card":"summary_large_image","twitter_misc":{"Estimation du temps de lecture":"7 minutes"},"schema":{"@context":"https:\/\/schema.org","@graph":[{"@type":"WebPage","@id":"https:\/\/durathermcanada.ca\/fr\/bain-ouvert\/","url":"https:\/\/durathermcanada.ca\/fr\/bain-ouvert\/","name":"Fluides de bain ouvert | Fluides de transfert de chaleur Duratherm","isPartOf":{"@id":"https:\/\/durathermcanada.ca\/fr\/#website"},"datePublished":"2022-07-26T16:54:32+00:00","dateModified":"2026-03-20T11:22:32+00:00","description":"Fluides de transfert de chaleur tr\u00e8s durables, sp\u00e9cialement con\u00e7us pour l'oxydation et les d\u00e9gagements gazeux inh\u00e9rents aux applications en bain ouvert.","breadcrumb":{"@id":"https:\/\/durathermcanada.ca\/fr\/bain-ouvert\/#breadcrumb"},"inLanguage":"fr-CA","potentialAction":[{"@type":"ReadAction","target":["https:\/\/durathermcanada.ca\/fr\/bain-ouvert\/"]}]},{"@type":"BreadcrumbList","@id":"https:\/\/durathermcanada.ca\/fr\/bain-ouvert\/#breadcrumb","itemListElement":[{"@type":"ListItem","position":1,"name":"Home","item":"https:\/\/durathermcanada.ca\/fr\/"},{"@type":"ListItem","position":2,"name":"Fluides de bains ouverts"}]},{"@type":"WebSite","@id":"https:\/\/durathermcanada.ca\/fr\/#website","url":"https:\/\/durathermcanada.ca\/fr\/","name":"Duratherm Fluids","description":"","publisher":{"@id":"https:\/\/durathermcanada.ca\/fr\/#organization"},"potentialAction":[{"@type":"SearchAction","target":{"@type":"EntryPoint","urlTemplate":"https:\/\/durathermcanada.ca\/fr\/?s={search_term_string}"},"query-input":{"@type":"PropertyValueSpecification","valueRequired":true,"valueName":"search_term_string"}}],"inLanguage":"fr-CA"},{"@type":"Organization","@id":"https:\/\/durathermcanada.ca\/fr\/#organization","name":"Duratherm Heat Transfer Fluids","url":"https:\/\/durathermcanada.ca\/fr\/","logo":{"@type":"ImageObject","inLanguage":"fr-CA","@id":"https:\/\/durathermcanada.ca\/fr\/#\/schema\/logo\/image\/","url":"https:\/\/durathermcanada.ca\/wp-content\/uploads\/2022\/04\/duratherm-logo-big.svg","contentUrl":"https:\/\/durathermcanada.ca\/wp-content\/uploads\/2022\/04\/duratherm-logo-big.svg","width":410,"height":75,"caption":"Duratherm Heat Transfer Fluids"},"image":{"@id":"https:\/\/durathermcanada.ca\/fr\/#\/schema\/logo\/image\/"}}]}},"_links":{"self":[{"href":"https:\/\/durathermcanada.ca\/fr\/wp-json\/wp\/v2\/pages\/5001","targetHints":{"allow":["GET"]}}],"collection":[{"href":"https:\/\/durathermcanada.ca\/fr\/wp-json\/wp\/v2\/pages"}],"about":[{"href":"https:\/\/durathermcanada.ca\/fr\/wp-json\/wp\/v2\/types\/page"}],"author":[{"embeddable":true,"href":"https:\/\/durathermcanada.ca\/fr\/wp-json\/wp\/v2\/users\/1"}],"replies":[{"embeddable":true,"href":"https:\/\/durathermcanada.ca\/fr\/wp-json\/wp\/v2\/comments?post=5001"}],"version-history":[{"count":18,"href":"https:\/\/durathermcanada.ca\/fr\/wp-json\/wp\/v2\/pages\/5001\/revisions"}],"predecessor-version":[{"id":5606,"href":"https:\/\/durathermcanada.ca\/fr\/wp-json\/wp\/v2\/pages\/5001\/revisions\/5606"}],"wp:attachment":[{"href":"https:\/\/durathermcanada.ca\/fr\/wp-json\/wp\/v2\/media?parent=5001"}],"curies":[{"name":"wp","href":"https:\/\/api.w.org\/{rel}","templated":true}]}}