{"id":4998,"date":"2023-11-30T13:03:48","date_gmt":"2023-11-30T13:03:48","guid":{"rendered":"https:\/\/durathermcanada.ca\/blanchisserie\/"},"modified":"2025-08-11T14:42:23","modified_gmt":"2025-08-11T14:42:23","slug":"blanchisserie","status":"publish","type":"page","link":"https:\/\/durathermcanada.ca\/fr\/industrie\/blanchisserie\/","title":{"rendered":"Blanchisserie"},"content":{"rendered":"[vc_row type=\u00a0\u00bbin_container\u00a0\u00bb full_screen_row_position=\u00a0\u00bbmiddle\u00a0\u00bb column_margin=\u00a0\u00bbdefault\u00a0\u00bb column_direction=\u00a0\u00bbdefault\u00a0\u00bb column_direction_tablet=\u00a0\u00bbdefault\u00a0\u00bb column_direction_phone=\u00a0\u00bbdefault\u00a0\u00bb scene_position=\u00a0\u00bbcenter\u00a0\u00bb text_color=\u00a0\u00bbdark\u00a0\u00bb text_align=\u00a0\u00bbleft\u00a0\u00bb row_border_radius=\u00a0\u00bbnone\u00a0\u00bb row_border_radius_applies=\u00a0\u00bbbg\u00a0\u00bb overflow=\u00a0\u00bbvisible\u00a0\u00bb overlay_strength=\u00a0\u00bb0.3&Prime; gradient_direction=\u00a0\u00bbleft_to_right\u00a0\u00bb shape_divider_position=\u00a0\u00bbbottom\u00a0\u00bb bg_image_animation=\u00a0\u00bbnone\u00a0\u00bb][vc_column column_padding=\u00a0\u00bbno-extra-padding\u00a0\u00bb column_padding_tablet=\u00a0\u00bbinherit\u00a0\u00bb column_padding_phone=\u00a0\u00bbinherit\u00a0\u00bb column_padding_position=\u00a0\u00bball\u00a0\u00bb column_element_direction_desktop=\u00a0\u00bbdefault\u00a0\u00bb column_element_spacing=\u00a0\u00bbdefault\u00a0\u00bb desktop_text_alignment=\u00a0\u00bbdefault\u00a0\u00bb tablet_text_alignment=\u00a0\u00bbdefault\u00a0\u00bb phone_text_alignment=\u00a0\u00bbdefault\u00a0\u00bb background_color_opacity=\u00a0\u00bb1&Prime; background_hover_color_opacity=\u00a0\u00bb1&Prime; column_backdrop_filter=\u00a0\u00bbnone\u00a0\u00bb column_shadow=\u00a0\u00bbnone\u00a0\u00bb column_border_radius=\u00a0\u00bbnone\u00a0\u00bb column_link_target=\u00a0\u00bb_self\u00a0\u00bb column_position=\u00a0\u00bbdefault\u00a0\u00bb gradient_direction=\u00a0\u00bbleft_to_right\u00a0\u00bb overlay_strength=\u00a0\u00bb0.3&Prime; width=\u00a0\u00bb3\/4&Prime; tablet_width_inherit=\u00a0\u00bbdefault\u00a0\u00bb animation_type=\u00a0\u00bbdefault\u00a0\u00bb bg_image_animation=\u00a0\u00bbnone\u00a0\u00bb border_type=\u00a0\u00bbsimple\u00a0\u00bb column_border_width=\u00a0\u00bbnone\u00a0\u00bb column_border_style=\u00a0\u00bbsolid\u00a0\u00bb][dura_custom_title text_tag=\u00a0\u00bbh1&Prime; alignment=\u00a0\u00bbjustify-content: flex-start;\u00a0\u00bb text_align=\u00a0\u00bbtext-align: left;\u00a0\u00bb]Fluides caloporteurs pour l&rsquo;industrie de la blanchisserie[\/dura_custom_title][dura_industry_selector][vc_column_text]Les propri\u00e9taires de laveries commerciales peuvent \u00e9conomiser des milliers de dollars sur les frais d&rsquo;assurance et de main-d&rsquo;\u0153uvre en utilisant de l&rsquo;huile thermique propre et \u00e0 basse pression. Les fluides de transfert de chaleur s\u00fbrs, efficaces et \u00e9conomiques constituent un substitut convivial \u00e0 la vapeur.<\/p>\n<p>En fonction de votre application et de votre \u00e9quipement de blanchisserie, Duratherm peut vous aider \u00e0 s\u00e9lectionner le fluide appropri\u00e9 et vous offrir des conseils pour garantir une utilisation s\u00fbre et efficace de vos fluides. Pour obtenir la meilleure qualit\u00e9 de finition possible sans les co\u00fbts de main-d&rsquo;\u0153uvre \u00e9lev\u00e9s associ\u00e9s \u00e0 l&rsquo;utilisation d&rsquo;un syst\u00e8me de vapeur \u00e0 haute pression, vous pouvez utiliser une solution plus s\u00fbre, non toxique, \u00e0 base de fluide, au lieu de la vapeur \u00e0 haute pression co\u00fbteuse et \u00e9ventuellement dangereuse.<\/p>\n<p>Dans les laveries commerciales, les \u00e9tablissements de nettoyage professionnel, les blanchisseries industrielles et les secteurs de la sant\u00e9 et de l&rsquo;h\u00e9bergement, les syst\u00e8mes de chauffage \u00e0 l&rsquo;huile thermique sont d\u00e9sormais utilis\u00e9s pour chauffer les s\u00e9choirs, les repasseuses et d&rsquo;autres \u00e9quipements. Par rapport \u00e0 un syst\u00e8me de chauffage \u00e0 la vapeur, cette configuration n\u00e9cessite moins d&rsquo;\u00e9quipements.<\/p>\n<p>Pour votre repasseuse \u00e0 plat, votre machine \u00e0 repasser industrielle, votre nettoyeur \u00e0 sec ou tout autre \u00e9quipement, Duratherm peut vous aider \u00e0 trouver le fluide appropri\u00e9. Nous proposons une <a href=\"https:\/\/durathermcanada.ca\/fr\/pourquoi\/analyse\/\">analyse gratuite des fluides<\/a> ainsi qu&rsquo;une aide technique et un d\u00e9pannage gratuits. <a href=\"https:\/\/durathermcanada.ca\/fr\/contact\/\">Contactez-nous d\u00e8s maintenant.<\/a>[\/vc_column_text][\/vc_column][vc_column column_padding=\u00a0\u00bbno-extra-padding\u00a0\u00bb column_padding_tablet=\u00a0\u00bbinherit\u00a0\u00bb column_padding_phone=\u00a0\u00bbinherit\u00a0\u00bb column_padding_position=\u00a0\u00bball\u00a0\u00bb column_element_direction_desktop=\u00a0\u00bbdefault\u00a0\u00bb column_element_spacing=\u00a0\u00bbdefault\u00a0\u00bb desktop_text_alignment=\u00a0\u00bbdefault\u00a0\u00bb tablet_text_alignment=\u00a0\u00bbdefault\u00a0\u00bb phone_text_alignment=\u00a0\u00bbdefault\u00a0\u00bb background_color_opacity=\u00a0\u00bb1&Prime; background_hover_color_opacity=\u00a0\u00bb1&Prime; column_backdrop_filter=\u00a0\u00bbnone\u00a0\u00bb column_shadow=\u00a0\u00bbnone\u00a0\u00bb column_border_radius=\u00a0\u00bbnone\u00a0\u00bb column_link_target=\u00a0\u00bb_self\u00a0\u00bb column_position=\u00a0\u00bbdefault\u00a0\u00bb gradient_direction=\u00a0\u00bbleft_to_right\u00a0\u00bb overlay_strength=\u00a0\u00bb0.3&Prime; width=\u00a0\u00bb1\/4&Prime; tablet_width_inherit=\u00a0\u00bbdefault\u00a0\u00bb animation_type=\u00a0\u00bbdefault\u00a0\u00bb bg_image_animation=\u00a0\u00bbnone\u00a0\u00bb border_type=\u00a0\u00bbsimple\u00a0\u00bb column_border_width=\u00a0\u00bbnone\u00a0\u00bb column_border_style=\u00a0\u00bbsolid\u00a0\u00bb][image_with_animation image_url=\u00a0\u00bb3493&Prime; image_size=\u00a0\u00bbfull\u00a0\u00bb animation_type=\u00a0\u00bbentrance\u00a0\u00bb animation=\u00a0\u00bbNone\u00a0\u00bb animation_movement_type=\u00a0\u00bbtransform_y\u00a0\u00bb hover_animation=\u00a0\u00bbnone\u00a0\u00bb alignment=\u00a0\u00bb\u00a0\u00bb border_radius=\u00a0\u00bbnone\u00a0\u00bb box_shadow=\u00a0\u00bbnone\u00a0\u00bb image_loading=\u00a0\u00bbdefault\u00a0\u00bb max_width=\u00a0\u00bb100%\u00a0\u00bb max_width_mobile=\u00a0\u00bbdefault\u00a0\u00bb][\/vc_column][\/vc_row][vc_row type=\u00a0\u00bbfull_width_background\u00a0\u00bb full_screen_row_position=\u00a0\u00bbmiddle\u00a0\u00bb column_margin=\u00a0\u00bbdefault\u00a0\u00bb column_direction=\u00a0\u00bbdefault\u00a0\u00bb column_direction_tablet=\u00a0\u00bbdefault\u00a0\u00bb column_direction_phone=\u00a0\u00bbdefault\u00a0\u00bb bg_color=\u00a0\u00bb#f2efef\u00a0\u00bb scene_position=\u00a0\u00bbcenter\u00a0\u00bb top_padding=\u00a0\u00bb30px\u00a0\u00bb bottom_padding=\u00a0\u00bb50px\u00a0\u00bb text_color=\u00a0\u00bbdark\u00a0\u00bb text_align=\u00a0\u00bbleft\u00a0\u00bb row_border_radius=\u00a0\u00bbnone\u00a0\u00bb row_border_radius_applies=\u00a0\u00bbbg\u00a0\u00bb overflow=\u00a0\u00bbvisible\u00a0\u00bb overlay_strength=\u00a0\u00bb0.3&Prime; gradient_direction=\u00a0\u00bbleft_to_right\u00a0\u00bb shape_divider_position=\u00a0\u00bbbottom\u00a0\u00bb bg_image_animation=\u00a0\u00bbnone\u00a0\u00bb gradient_type=\u00a0\u00bbdefault\u00a0\u00bb shape_type=\u00a0\u00bb\u00a0\u00bb][vc_column column_padding=\u00a0\u00bbno-extra-padding\u00a0\u00bb column_padding_tablet=\u00a0\u00bbinherit\u00a0\u00bb column_padding_phone=\u00a0\u00bbinherit\u00a0\u00bb column_padding_position=\u00a0\u00bball\u00a0\u00bb column_element_direction_desktop=\u00a0\u00bbdefault\u00a0\u00bb column_element_spacing=\u00a0\u00bbdefault\u00a0\u00bb desktop_text_alignment=\u00a0\u00bbdefault\u00a0\u00bb tablet_text_alignment=\u00a0\u00bbdefault\u00a0\u00bb phone_text_alignment=\u00a0\u00bbdefault\u00a0\u00bb background_color_opacity=\u00a0\u00bb1&Prime; background_hover_color_opacity=\u00a0\u00bb1&Prime; column_backdrop_filter=\u00a0\u00bbnone\u00a0\u00bb column_shadow=\u00a0\u00bbnone\u00a0\u00bb column_border_radius=\u00a0\u00bbnone\u00a0\u00bb column_link_target=\u00a0\u00bb_self\u00a0\u00bb column_position=\u00a0\u00bbdefault\u00a0\u00bb gradient_direction=\u00a0\u00bbleft_to_right\u00a0\u00bb overlay_strength=\u00a0\u00bb0.3&Prime; width=\u00a0\u00bb1\/1&Prime; tablet_width_inherit=\u00a0\u00bbdefault\u00a0\u00bb animation_type=\u00a0\u00bbdefault\u00a0\u00bb bg_image_animation=\u00a0\u00bbnone\u00a0\u00bb border_type=\u00a0\u00bbsimple\u00a0\u00bb column_border_width=\u00a0\u00bbnone\u00a0\u00bb column_border_style=\u00a0\u00bbsolid\u00a0\u00bb][dura_industry_grid industry_name=\u00a0\u00bblaundry\u00a0\u00bb][\/vc_column][\/vc_row]\n","protected":false},"excerpt":{"rendered":"<p>[vc_row type=\u00a0\u00bbin_container\u00a0\u00bb full_screen_row_position=\u00a0\u00bbmiddle\u00a0\u00bb column_margin=\u00a0\u00bbdefault\u00a0\u00bb column_direction=\u00a0\u00bbdefault\u00a0\u00bb column_direction_tablet=\u00a0\u00bbdefault\u00a0\u00bb column_direction_phone=\u00a0\u00bbdefault\u00a0\u00bb scene_position=\u00a0\u00bbcenter\u00a0\u00bb text_color=\u00a0\u00bbdark\u00a0\u00bb text_align=\u00a0\u00bbleft\u00a0\u00bb row_border_radius=\u00a0\u00bbnone\u00a0\u00bb row_border_radius_applies=\u00a0\u00bbbg\u00a0\u00bb overflow=\u00a0\u00bbvisible\u00a0\u00bb overlay_strength=\u00a0\u00bb0.3&Prime; gradient_direction=\u00a0\u00bbleft_to_right\u00a0\u00bb shape_divider_position=\u00a0\u00bbbottom\u00a0\u00bb bg_image_animation=\u00a0\u00bbnone\u00a0\u00bb][vc_column column_padding=\u00a0\u00bbno-extra-padding\u00a0\u00bb column_padding_tablet=\u00a0\u00bbinherit\u00a0\u00bb column_padding_phone=\u00a0\u00bbinherit\u00a0\u00bb column_padding_position=\u00a0\u00bball\u00a0\u00bb column_element_direction_desktop=\u00a0\u00bbdefault\u00a0\u00bb column_element_spacing=\u00a0\u00bbdefault\u00a0\u00bb desktop_text_alignment=\u00a0\u00bbdefault\u00a0\u00bb tablet_text_alignment=\u00a0\u00bbdefault\u00a0\u00bb phone_text_alignment=\u00a0\u00bbdefault\u00a0\u00bb background_color_opacity=\u00a0\u00bb1&Prime; background_hover_color_opacity=\u00a0\u00bb1&Prime; column_backdrop_filter=\u00a0\u00bbnone\u00a0\u00bb column_shadow=\u00a0\u00bbnone\u00a0\u00bb&#8230;<\/p>\n","protected":false},"author":1,"featured_media":0,"parent":0,"menu_order":0,"comment_status":"closed","ping_status":"closed","template":"","meta":{"_acf_changed":false,"footnotes":""},"class_list":["post-4998","page","type-page","status-publish"],"acf":[],"yoast_head":"<!-- This site is optimized with the Yoast SEO plugin v27.4 - https:\/\/yoast.com\/product\/yoast-seo-wordpress\/ -->\n<title>Huile thermique pour les \u00e9quipements de nettoyage \u00e0 sec et de blanchisserie | Duratherm<\/title>\n<meta name=\"description\" content=\"Simplifiez vos op\u00e9rations de blanchisserie gr\u00e2ce \u00e0 la production de vapeur d&#039;huile thermique \u00e0 basse pression et \u00e9conomisez des dizaines de milliers de dollars en frais de personnel et d&#039;assurance.\" \/>\n<meta name=\"robots\" content=\"index, follow, max-snippet:-1, max-image-preview:large, max-video-preview:-1\" \/>\n<link rel=\"canonical\" href=\"https:\/\/durathermcanada.ca\/fr\/industrie\/blanchisserie\/\" \/>\n<meta property=\"og:locale\" content=\"fr_CA\" \/>\n<meta property=\"og:type\" content=\"article\" \/>\n<meta property=\"og:title\" content=\"Huile thermique pour les \u00e9quipements de nettoyage \u00e0 sec et de blanchisserie | Duratherm\" \/>\n<meta property=\"og:description\" content=\"Simplifiez vos op\u00e9rations de blanchisserie gr\u00e2ce \u00e0 la production de vapeur d&#039;huile thermique \u00e0 basse pression et \u00e9conomisez des dizaines de milliers de dollars en frais de personnel et d&#039;assurance.\" \/>\n<meta property=\"og:url\" content=\"https:\/\/durathermcanada.ca\/fr\/industrie\/blanchisserie\/\" \/>\n<meta property=\"og:site_name\" content=\"Duratherm Fluids Canada\" \/>\n<meta property=\"article:modified_time\" content=\"2025-08-11T14:42:23+00:00\" \/>\n<meta name=\"twitter:card\" content=\"summary_large_image\" \/>\n<meta name=\"twitter:label1\" content=\"Estimation du temps de lecture\" \/>\n\t<meta name=\"twitter:data1\" content=\"4 minutes\" \/>\n<script type=\"application\/ld+json\" class=\"yoast-schema-graph\">{\"@context\":\"https:\\\/\\\/schema.org\",\"@graph\":[{\"@type\":\"WebPage\",\"@id\":\"https:\\\/\\\/durathermcanada.ca\\\/fr\\\/industrie\\\/blanchisserie\\\/\",\"url\":\"https:\\\/\\\/durathermcanada.ca\\\/fr\\\/industrie\\\/blanchisserie\\\/\",\"name\":\"Huile thermique pour les \u00e9quipements de nettoyage \u00e0 sec et de blanchisserie | Duratherm\",\"isPartOf\":{\"@id\":\"https:\\\/\\\/durathermcanada.ca\\\/fr\\\/#website\"},\"datePublished\":\"2023-11-30T13:03:48+00:00\",\"dateModified\":\"2025-08-11T14:42:23+00:00\",\"description\":\"Simplifiez vos op\u00e9rations de blanchisserie gr\u00e2ce \u00e0 la production de vapeur d'huile thermique \u00e0 basse pression et \u00e9conomisez des dizaines de milliers de dollars en frais de personnel et d'assurance.\",\"breadcrumb\":{\"@id\":\"https:\\\/\\\/durathermcanada.ca\\\/fr\\\/industrie\\\/blanchisserie\\\/#breadcrumb\"},\"inLanguage\":\"fr-CA\",\"potentialAction\":[{\"@type\":\"ReadAction\",\"target\":[\"https:\\\/\\\/durathermcanada.ca\\\/fr\\\/industrie\\\/blanchisserie\\\/\"]}]},{\"@type\":\"BreadcrumbList\",\"@id\":\"https:\\\/\\\/durathermcanada.ca\\\/fr\\\/industrie\\\/blanchisserie\\\/#breadcrumb\",\"itemListElement\":[{\"@type\":\"ListItem\",\"position\":1,\"name\":\"Home\",\"item\":\"https:\\\/\\\/durathermcanada.ca\\\/fr\\\/\"},{\"@type\":\"ListItem\",\"position\":2,\"name\":\"Blanchisserie\"}]},{\"@type\":\"WebSite\",\"@id\":\"https:\\\/\\\/durathermcanada.ca\\\/fr\\\/#website\",\"url\":\"https:\\\/\\\/durathermcanada.ca\\\/fr\\\/\",\"name\":\"Duratherm Fluids\",\"description\":\"\",\"publisher\":{\"@id\":\"https:\\\/\\\/durathermcanada.ca\\\/fr\\\/#organization\"},\"potentialAction\":[{\"@type\":\"SearchAction\",\"target\":{\"@type\":\"EntryPoint\",\"urlTemplate\":\"https:\\\/\\\/durathermcanada.ca\\\/fr\\\/?s={search_term_string}\"},\"query-input\":{\"@type\":\"PropertyValueSpecification\",\"valueRequired\":true,\"valueName\":\"search_term_string\"}}],\"inLanguage\":\"fr-CA\"},{\"@type\":\"Organization\",\"@id\":\"https:\\\/\\\/durathermcanada.ca\\\/fr\\\/#organization\",\"name\":\"Duratherm Heat Transfer Fluids\",\"url\":\"https:\\\/\\\/durathermcanada.ca\\\/fr\\\/\",\"logo\":{\"@type\":\"ImageObject\",\"inLanguage\":\"fr-CA\",\"@id\":\"https:\\\/\\\/durathermcanada.ca\\\/fr\\\/#\\\/schema\\\/logo\\\/image\\\/\",\"url\":\"https:\\\/\\\/durathermcanada.ca\\\/wp-content\\\/uploads\\\/2022\\\/04\\\/duratherm-logo-big.svg\",\"contentUrl\":\"https:\\\/\\\/durathermcanada.ca\\\/wp-content\\\/uploads\\\/2022\\\/04\\\/duratherm-logo-big.svg\",\"width\":410,\"height\":75,\"caption\":\"Duratherm Heat Transfer Fluids\"},\"image\":{\"@id\":\"https:\\\/\\\/durathermcanada.ca\\\/fr\\\/#\\\/schema\\\/logo\\\/image\\\/\"}}]}<\/script>\n<!-- \/ Yoast SEO plugin. -->","yoast_head_json":{"title":"Huile thermique pour les \u00e9quipements de nettoyage \u00e0 sec et de blanchisserie | Duratherm","description":"Simplifiez vos op\u00e9rations de blanchisserie gr\u00e2ce \u00e0 la production de vapeur d'huile thermique \u00e0 basse pression et \u00e9conomisez des dizaines de milliers de dollars en frais de personnel et d'assurance.","robots":{"index":"index","follow":"follow","max-snippet":"max-snippet:-1","max-image-preview":"max-image-preview:large","max-video-preview":"max-video-preview:-1"},"canonical":"https:\/\/durathermcanada.ca\/fr\/industrie\/blanchisserie\/","og_locale":"fr_CA","og_type":"article","og_title":"Huile thermique pour les \u00e9quipements de nettoyage \u00e0 sec et de blanchisserie | Duratherm","og_description":"Simplifiez vos op\u00e9rations de blanchisserie gr\u00e2ce \u00e0 la production de vapeur d'huile thermique \u00e0 basse pression et \u00e9conomisez des dizaines de milliers de dollars en frais de personnel et d'assurance.","og_url":"https:\/\/durathermcanada.ca\/fr\/industrie\/blanchisserie\/","og_site_name":"Duratherm Fluids Canada","article_modified_time":"2025-08-11T14:42:23+00:00","twitter_card":"summary_large_image","twitter_misc":{"Estimation du temps de lecture":"4 minutes"},"schema":{"@context":"https:\/\/schema.org","@graph":[{"@type":"WebPage","@id":"https:\/\/durathermcanada.ca\/fr\/industrie\/blanchisserie\/","url":"https:\/\/durathermcanada.ca\/fr\/industrie\/blanchisserie\/","name":"Huile thermique pour les \u00e9quipements de nettoyage \u00e0 sec et de blanchisserie | Duratherm","isPartOf":{"@id":"https:\/\/durathermcanada.ca\/fr\/#website"},"datePublished":"2023-11-30T13:03:48+00:00","dateModified":"2025-08-11T14:42:23+00:00","description":"Simplifiez vos op\u00e9rations de blanchisserie gr\u00e2ce \u00e0 la production de vapeur d'huile thermique \u00e0 basse pression et \u00e9conomisez des dizaines de milliers de dollars en frais de personnel et d'assurance.","breadcrumb":{"@id":"https:\/\/durathermcanada.ca\/fr\/industrie\/blanchisserie\/#breadcrumb"},"inLanguage":"fr-CA","potentialAction":[{"@type":"ReadAction","target":["https:\/\/durathermcanada.ca\/fr\/industrie\/blanchisserie\/"]}]},{"@type":"BreadcrumbList","@id":"https:\/\/durathermcanada.ca\/fr\/industrie\/blanchisserie\/#breadcrumb","itemListElement":[{"@type":"ListItem","position":1,"name":"Home","item":"https:\/\/durathermcanada.ca\/fr\/"},{"@type":"ListItem","position":2,"name":"Blanchisserie"}]},{"@type":"WebSite","@id":"https:\/\/durathermcanada.ca\/fr\/#website","url":"https:\/\/durathermcanada.ca\/fr\/","name":"Duratherm Fluids","description":"","publisher":{"@id":"https:\/\/durathermcanada.ca\/fr\/#organization"},"potentialAction":[{"@type":"SearchAction","target":{"@type":"EntryPoint","urlTemplate":"https:\/\/durathermcanada.ca\/fr\/?s={search_term_string}"},"query-input":{"@type":"PropertyValueSpecification","valueRequired":true,"valueName":"search_term_string"}}],"inLanguage":"fr-CA"},{"@type":"Organization","@id":"https:\/\/durathermcanada.ca\/fr\/#organization","name":"Duratherm Heat Transfer Fluids","url":"https:\/\/durathermcanada.ca\/fr\/","logo":{"@type":"ImageObject","inLanguage":"fr-CA","@id":"https:\/\/durathermcanada.ca\/fr\/#\/schema\/logo\/image\/","url":"https:\/\/durathermcanada.ca\/wp-content\/uploads\/2022\/04\/duratherm-logo-big.svg","contentUrl":"https:\/\/durathermcanada.ca\/wp-content\/uploads\/2022\/04\/duratherm-logo-big.svg","width":410,"height":75,"caption":"Duratherm Heat Transfer Fluids"},"image":{"@id":"https:\/\/durathermcanada.ca\/fr\/#\/schema\/logo\/image\/"}}]}},"_links":{"self":[{"href":"https:\/\/durathermcanada.ca\/fr\/wp-json\/wp\/v2\/pages\/4998","targetHints":{"allow":["GET"]}}],"collection":[{"href":"https:\/\/durathermcanada.ca\/fr\/wp-json\/wp\/v2\/pages"}],"about":[{"href":"https:\/\/durathermcanada.ca\/fr\/wp-json\/wp\/v2\/types\/page"}],"author":[{"embeddable":true,"href":"https:\/\/durathermcanada.ca\/fr\/wp-json\/wp\/v2\/users\/1"}],"replies":[{"embeddable":true,"href":"https:\/\/durathermcanada.ca\/fr\/wp-json\/wp\/v2\/comments?post=4998"}],"version-history":[{"count":3,"href":"https:\/\/durathermcanada.ca\/fr\/wp-json\/wp\/v2\/pages\/4998\/revisions"}],"predecessor-version":[{"id":5271,"href":"https:\/\/durathermcanada.ca\/fr\/wp-json\/wp\/v2\/pages\/4998\/revisions\/5271"}],"wp:attachment":[{"href":"https:\/\/durathermcanada.ca\/fr\/wp-json\/wp\/v2\/media?parent=4998"}],"curies":[{"name":"wp","href":"https:\/\/api.w.org\/{rel}","templated":true}]}}