{"id":4971,"date":"2023-11-30T13:02:22","date_gmt":"2023-11-30T13:02:22","guid":{"rendered":"https:\/\/durathermcanada.ca\/fluides-de-transfert-de-chaleur-par-secteur-dactivite\/biocarburant\/"},"modified":"2025-08-11T14:41:06","modified_gmt":"2025-08-11T14:41:06","slug":"biocarburant","status":"publish","type":"page","link":"https:\/\/durathermcanada.ca\/fr\/industrie\/biocarburant\/","title":{"rendered":"Biocarburant"},"content":{"rendered":"[vc_row type=\u00a0\u00bbin_container\u00a0\u00bb full_screen_row_position=\u00a0\u00bbmiddle\u00a0\u00bb column_margin=\u00a0\u00bbdefault\u00a0\u00bb column_direction=\u00a0\u00bbdefault\u00a0\u00bb column_direction_tablet=\u00a0\u00bbdefault\u00a0\u00bb column_direction_phone=\u00a0\u00bbdefault\u00a0\u00bb scene_position=\u00a0\u00bbcenter\u00a0\u00bb text_color=\u00a0\u00bbdark\u00a0\u00bb text_align=\u00a0\u00bbleft\u00a0\u00bb row_border_radius=\u00a0\u00bbnone\u00a0\u00bb row_border_radius_applies=\u00a0\u00bbbg\u00a0\u00bb overflow=\u00a0\u00bbvisible\u00a0\u00bb overlay_strength=\u00a0\u00bb0.3&Prime; gradient_direction=\u00a0\u00bbleft_to_right\u00a0\u00bb shape_divider_position=\u00a0\u00bbbottom\u00a0\u00bb bg_image_animation=\u00a0\u00bbnone\u00a0\u00bb][vc_column column_padding=\u00a0\u00bbno-extra-padding\u00a0\u00bb column_padding_tablet=\u00a0\u00bbinherit\u00a0\u00bb column_padding_phone=\u00a0\u00bbinherit\u00a0\u00bb column_padding_position=\u00a0\u00bball\u00a0\u00bb column_element_direction_desktop=\u00a0\u00bbdefault\u00a0\u00bb column_element_spacing=\u00a0\u00bbdefault\u00a0\u00bb desktop_text_alignment=\u00a0\u00bbdefault\u00a0\u00bb tablet_text_alignment=\u00a0\u00bbdefault\u00a0\u00bb phone_text_alignment=\u00a0\u00bbdefault\u00a0\u00bb background_color_opacity=\u00a0\u00bb1&Prime; background_hover_color_opacity=\u00a0\u00bb1&Prime; column_backdrop_filter=\u00a0\u00bbnone\u00a0\u00bb column_shadow=\u00a0\u00bbnone\u00a0\u00bb column_border_radius=\u00a0\u00bbnone\u00a0\u00bb column_link_target=\u00a0\u00bb_self\u00a0\u00bb column_position=\u00a0\u00bbdefault\u00a0\u00bb gradient_direction=\u00a0\u00bbleft_to_right\u00a0\u00bb overlay_strength=\u00a0\u00bb0.3&Prime; width=\u00a0\u00bb3\/4&Prime; tablet_width_inherit=\u00a0\u00bbdefault\u00a0\u00bb animation_type=\u00a0\u00bbdefault\u00a0\u00bb bg_image_animation=\u00a0\u00bbnone\u00a0\u00bb border_type=\u00a0\u00bbsimple\u00a0\u00bb column_border_width=\u00a0\u00bbnone\u00a0\u00bb column_border_style=\u00a0\u00bbsolid\u00a0\u00bb][dura_custom_title text_tag=\u00a0\u00bbh1&Prime; alignment=\u00a0\u00bbjustify-content: flex-start;\u00a0\u00bb text_align=\u00a0\u00bbtext-align: left;\u00a0\u00bb]Fluides caloporteurs pour l&rsquo;industrie des biocarburants[\/dura_custom_title][dura_industry_selector][vc_column_text]Vous aurez besoin d&rsquo;une huile thermique haute temp\u00e9rature longue dur\u00e9e pour g\u00e9n\u00e9rer les r\u00e9actions de transfert de chaleur n\u00e9cessaires au processus de distillation et obtenir la meilleure qualit\u00e9 de produit possible. Notre fluide est utilis\u00e9 dans de nombreux processus de production de biodiesel, car il est non toxique et non dangereux, et il peut facilement r\u00e9pondre aux exigences de temp\u00e9rature de mani\u00e8re s\u00fbre et efficace.<\/p>\n<p>Selon la technologie de biocarburant que vous utilisez, la temp\u00e9rature requise du fluide variera. Vous pouvez trouver les fluides thermiques id\u00e9aux pour votre application particuli\u00e8re avec l&rsquo;aide de Duratherm.<\/p>\n<p>Nous sommes l\u00e0 pour vous aider, que vous ayez besoin d&rsquo;une assistance technique et d&rsquo;un d\u00e9pannage gratuits, que vous ayez des questions sur les fluides et les proc\u00e9dures, ou que vous ayez besoin d&rsquo;une maintenance pr\u00e9ventive. Nous proposons \u00e9galement une<a href=\"https:\/\/durathermcanada.ca\/fr\/pourquoi\/analyse\/\"> analyse gratuite des fluides<\/a>. <a href=\"https:\/\/durathermcanada.ca\/fr\/contact\/\">Contactez-nous d\u00e8s maintenant.<\/a>[\/vc_column_text][\/vc_column][vc_column column_padding=\u00a0\u00bbno-extra-padding\u00a0\u00bb column_padding_tablet=\u00a0\u00bbinherit\u00a0\u00bb column_padding_phone=\u00a0\u00bbinherit\u00a0\u00bb column_padding_position=\u00a0\u00bball\u00a0\u00bb column_element_direction_desktop=\u00a0\u00bbdefault\u00a0\u00bb column_element_spacing=\u00a0\u00bbdefault\u00a0\u00bb desktop_text_alignment=\u00a0\u00bbdefault\u00a0\u00bb tablet_text_alignment=\u00a0\u00bbdefault\u00a0\u00bb phone_text_alignment=\u00a0\u00bbdefault\u00a0\u00bb background_color_opacity=\u00a0\u00bb1&Prime; background_hover_color_opacity=\u00a0\u00bb1&Prime; column_backdrop_filter=\u00a0\u00bbnone\u00a0\u00bb column_shadow=\u00a0\u00bbnone\u00a0\u00bb column_border_radius=\u00a0\u00bbnone\u00a0\u00bb column_link_target=\u00a0\u00bb_self\u00a0\u00bb column_position=\u00a0\u00bbdefault\u00a0\u00bb gradient_direction=\u00a0\u00bbleft_to_right\u00a0\u00bb overlay_strength=\u00a0\u00bb0.3&Prime; width=\u00a0\u00bb1\/4&Prime; tablet_width_inherit=\u00a0\u00bbdefault\u00a0\u00bb animation_type=\u00a0\u00bbdefault\u00a0\u00bb bg_image_animation=\u00a0\u00bbnone\u00a0\u00bb border_type=\u00a0\u00bbsimple\u00a0\u00bb column_border_width=\u00a0\u00bbnone\u00a0\u00bb column_border_style=\u00a0\u00bbsolid\u00a0\u00bb][image_with_animation image_url=\u00a0\u00bb3490&Prime; image_size=\u00a0\u00bbfull\u00a0\u00bb animation_type=\u00a0\u00bbentrance\u00a0\u00bb animation=\u00a0\u00bbNone\u00a0\u00bb animation_movement_type=\u00a0\u00bbtransform_y\u00a0\u00bb hover_animation=\u00a0\u00bbnone\u00a0\u00bb alignment=\u00a0\u00bb\u00a0\u00bb border_radius=\u00a0\u00bbnone\u00a0\u00bb box_shadow=\u00a0\u00bbnone\u00a0\u00bb image_loading=\u00a0\u00bbdefault\u00a0\u00bb max_width=\u00a0\u00bb100%\u00a0\u00bb max_width_mobile=\u00a0\u00bbdefault\u00a0\u00bb][\/vc_column][\/vc_row][vc_row type=\u00a0\u00bbfull_width_background\u00a0\u00bb full_screen_row_position=\u00a0\u00bbmiddle\u00a0\u00bb column_margin=\u00a0\u00bbdefault\u00a0\u00bb column_direction=\u00a0\u00bbdefault\u00a0\u00bb column_direction_tablet=\u00a0\u00bbdefault\u00a0\u00bb column_direction_phone=\u00a0\u00bbdefault\u00a0\u00bb bg_color=\u00a0\u00bb#f2efef\u00a0\u00bb scene_position=\u00a0\u00bbcenter\u00a0\u00bb top_padding=\u00a0\u00bb30px\u00a0\u00bb bottom_padding=\u00a0\u00bb50px\u00a0\u00bb text_color=\u00a0\u00bbdark\u00a0\u00bb text_align=\u00a0\u00bbleft\u00a0\u00bb row_border_radius=\u00a0\u00bbnone\u00a0\u00bb row_border_radius_applies=\u00a0\u00bbbg\u00a0\u00bb overflow=\u00a0\u00bbvisible\u00a0\u00bb overlay_strength=\u00a0\u00bb0.3&Prime; gradient_direction=\u00a0\u00bbleft_to_right\u00a0\u00bb shape_divider_position=\u00a0\u00bbbottom\u00a0\u00bb bg_image_animation=\u00a0\u00bbnone\u00a0\u00bb gradient_type=\u00a0\u00bbdefault\u00a0\u00bb shape_type=\u00a0\u00bb\u00a0\u00bb][vc_column column_padding=\u00a0\u00bbno-extra-padding\u00a0\u00bb column_padding_tablet=\u00a0\u00bbinherit\u00a0\u00bb column_padding_phone=\u00a0\u00bbinherit\u00a0\u00bb column_padding_position=\u00a0\u00bball\u00a0\u00bb column_element_direction_desktop=\u00a0\u00bbdefault\u00a0\u00bb column_element_spacing=\u00a0\u00bbdefault\u00a0\u00bb desktop_text_alignment=\u00a0\u00bbdefault\u00a0\u00bb tablet_text_alignment=\u00a0\u00bbdefault\u00a0\u00bb phone_text_alignment=\u00a0\u00bbdefault\u00a0\u00bb background_color_opacity=\u00a0\u00bb1&Prime; background_hover_color_opacity=\u00a0\u00bb1&Prime; column_backdrop_filter=\u00a0\u00bbnone\u00a0\u00bb column_shadow=\u00a0\u00bbnone\u00a0\u00bb column_border_radius=\u00a0\u00bbnone\u00a0\u00bb column_link_target=\u00a0\u00bb_self\u00a0\u00bb column_position=\u00a0\u00bbdefault\u00a0\u00bb gradient_direction=\u00a0\u00bbleft_to_right\u00a0\u00bb overlay_strength=\u00a0\u00bb0.3&Prime; width=\u00a0\u00bb1\/1&Prime; tablet_width_inherit=\u00a0\u00bbdefault\u00a0\u00bb animation_type=\u00a0\u00bbdefault\u00a0\u00bb bg_image_animation=\u00a0\u00bbnone\u00a0\u00bb border_type=\u00a0\u00bbsimple\u00a0\u00bb column_border_width=\u00a0\u00bbnone\u00a0\u00bb column_border_style=\u00a0\u00bbsolid\u00a0\u00bb][dura_industry_grid industry_name=\u00a0\u00bbbiofuel\u00a0\u00bb][\/vc_column][\/vc_row]\n","protected":false},"excerpt":{"rendered":"<p>[vc_row type=\u00a0\u00bbin_container\u00a0\u00bb full_screen_row_position=\u00a0\u00bbmiddle\u00a0\u00bb column_margin=\u00a0\u00bbdefault\u00a0\u00bb column_direction=\u00a0\u00bbdefault\u00a0\u00bb column_direction_tablet=\u00a0\u00bbdefault\u00a0\u00bb column_direction_phone=\u00a0\u00bbdefault\u00a0\u00bb scene_position=\u00a0\u00bbcenter\u00a0\u00bb text_color=\u00a0\u00bbdark\u00a0\u00bb text_align=\u00a0\u00bbleft\u00a0\u00bb row_border_radius=\u00a0\u00bbnone\u00a0\u00bb row_border_radius_applies=\u00a0\u00bbbg\u00a0\u00bb overflow=\u00a0\u00bbvisible\u00a0\u00bb overlay_strength=\u00a0\u00bb0.3&Prime; gradient_direction=\u00a0\u00bbleft_to_right\u00a0\u00bb shape_divider_position=\u00a0\u00bbbottom\u00a0\u00bb bg_image_animation=\u00a0\u00bbnone\u00a0\u00bb][vc_column column_padding=\u00a0\u00bbno-extra-padding\u00a0\u00bb column_padding_tablet=\u00a0\u00bbinherit\u00a0\u00bb column_padding_phone=\u00a0\u00bbinherit\u00a0\u00bb column_padding_position=\u00a0\u00bball\u00a0\u00bb column_element_direction_desktop=\u00a0\u00bbdefault\u00a0\u00bb column_element_spacing=\u00a0\u00bbdefault\u00a0\u00bb desktop_text_alignment=\u00a0\u00bbdefault\u00a0\u00bb tablet_text_alignment=\u00a0\u00bbdefault\u00a0\u00bb phone_text_alignment=\u00a0\u00bbdefault\u00a0\u00bb background_color_opacity=\u00a0\u00bb1&Prime; background_hover_color_opacity=\u00a0\u00bb1&Prime; column_backdrop_filter=\u00a0\u00bbnone\u00a0\u00bb column_shadow=\u00a0\u00bbnone\u00a0\u00bb&#8230;<\/p>\n","protected":false},"author":1,"featured_media":0,"parent":4965,"menu_order":0,"comment_status":"closed","ping_status":"closed","template":"","meta":{"_acf_changed":false,"footnotes":""},"class_list":["post-4971","page","type-page","status-publish"],"acf":[],"yoast_head":"<!-- This site is optimized with the Yoast SEO plugin v27.4 - https:\/\/yoast.com\/product\/yoast-seo-wordpress\/ -->\n<title>Huile thermique pour biodiesel, biocarburants \u00e0 base de bio\u00e9thanol | Duratherm<\/title>\n<meta name=\"description\" content=\"Pr\u00e9servez l&#039;\u00e9cologie de vos op\u00e9rations sans renoncer \u00e0 un contr\u00f4le pr\u00e9cis de la temp\u00e9rature ni \u00e0 la longue dur\u00e9e de vie de votre fluide thermique. Utilisez l&#039;huile thermique non toxique de Duratherm.\" \/>\n<meta name=\"robots\" content=\"index, follow, max-snippet:-1, max-image-preview:large, max-video-preview:-1\" \/>\n<link rel=\"canonical\" href=\"https:\/\/durathermcanada.ca\/fr\/industrie\/biocarburant\/\" \/>\n<meta property=\"og:locale\" content=\"fr_CA\" \/>\n<meta property=\"og:type\" content=\"article\" \/>\n<meta property=\"og:title\" content=\"Huile thermique pour biodiesel, biocarburants \u00e0 base de bio\u00e9thanol | Duratherm\" \/>\n<meta property=\"og:description\" content=\"Pr\u00e9servez l&#039;\u00e9cologie de vos op\u00e9rations sans renoncer \u00e0 un contr\u00f4le pr\u00e9cis de la temp\u00e9rature ni \u00e0 la longue dur\u00e9e de vie de votre fluide thermique. Utilisez l&#039;huile thermique non toxique de Duratherm.\" \/>\n<meta property=\"og:url\" content=\"https:\/\/durathermcanada.ca\/fr\/industrie\/biocarburant\/\" \/>\n<meta property=\"og:site_name\" content=\"Duratherm Fluids Canada\" \/>\n<meta property=\"article:modified_time\" content=\"2025-08-11T14:41:06+00:00\" \/>\n<meta name=\"twitter:card\" content=\"summary_large_image\" \/>\n<meta name=\"twitter:label1\" content=\"Estimation du temps de lecture\" \/>\n\t<meta name=\"twitter:data1\" content=\"3 minutes\" \/>\n<script type=\"application\/ld+json\" class=\"yoast-schema-graph\">{\"@context\":\"https:\\\/\\\/schema.org\",\"@graph\":[{\"@type\":\"WebPage\",\"@id\":\"https:\\\/\\\/durathermcanada.ca\\\/fr\\\/industrie\\\/biocarburant\\\/\",\"url\":\"https:\\\/\\\/durathermcanada.ca\\\/fr\\\/industrie\\\/biocarburant\\\/\",\"name\":\"Huile thermique pour biodiesel, biocarburants \u00e0 base de bio\u00e9thanol | Duratherm\",\"isPartOf\":{\"@id\":\"https:\\\/\\\/durathermcanada.ca\\\/fr\\\/#website\"},\"datePublished\":\"2023-11-30T13:02:22+00:00\",\"dateModified\":\"2025-08-11T14:41:06+00:00\",\"description\":\"Pr\u00e9servez l'\u00e9cologie de vos op\u00e9rations sans renoncer \u00e0 un contr\u00f4le pr\u00e9cis de la temp\u00e9rature ni \u00e0 la longue dur\u00e9e de vie de votre fluide thermique. Utilisez l'huile thermique non toxique de Duratherm.\",\"breadcrumb\":{\"@id\":\"https:\\\/\\\/durathermcanada.ca\\\/fr\\\/industrie\\\/biocarburant\\\/#breadcrumb\"},\"inLanguage\":\"fr-CA\",\"potentialAction\":[{\"@type\":\"ReadAction\",\"target\":[\"https:\\\/\\\/durathermcanada.ca\\\/fr\\\/industrie\\\/biocarburant\\\/\"]}]},{\"@type\":\"BreadcrumbList\",\"@id\":\"https:\\\/\\\/durathermcanada.ca\\\/fr\\\/industrie\\\/biocarburant\\\/#breadcrumb\",\"itemListElement\":[{\"@type\":\"ListItem\",\"position\":1,\"name\":\"Home\",\"item\":\"https:\\\/\\\/durathermcanada.ca\\\/fr\\\/\"},{\"@type\":\"ListItem\",\"position\":2,\"name\":\"Fluides de transfert de chaleur par secteur d&rsquo;activit\u00e9\",\"item\":\"https:\\\/\\\/durathermcanada.ca\\\/fr\\\/secteur-dactivite\\\/\"},{\"@type\":\"ListItem\",\"position\":3,\"name\":\"Biocarburant\"}]},{\"@type\":\"WebSite\",\"@id\":\"https:\\\/\\\/durathermcanada.ca\\\/fr\\\/#website\",\"url\":\"https:\\\/\\\/durathermcanada.ca\\\/fr\\\/\",\"name\":\"Duratherm Fluids\",\"description\":\"\",\"publisher\":{\"@id\":\"https:\\\/\\\/durathermcanada.ca\\\/fr\\\/#organization\"},\"potentialAction\":[{\"@type\":\"SearchAction\",\"target\":{\"@type\":\"EntryPoint\",\"urlTemplate\":\"https:\\\/\\\/durathermcanada.ca\\\/fr\\\/?s={search_term_string}\"},\"query-input\":{\"@type\":\"PropertyValueSpecification\",\"valueRequired\":true,\"valueName\":\"search_term_string\"}}],\"inLanguage\":\"fr-CA\"},{\"@type\":\"Organization\",\"@id\":\"https:\\\/\\\/durathermcanada.ca\\\/fr\\\/#organization\",\"name\":\"Duratherm Heat Transfer Fluids\",\"url\":\"https:\\\/\\\/durathermcanada.ca\\\/fr\\\/\",\"logo\":{\"@type\":\"ImageObject\",\"inLanguage\":\"fr-CA\",\"@id\":\"https:\\\/\\\/durathermcanada.ca\\\/fr\\\/#\\\/schema\\\/logo\\\/image\\\/\",\"url\":\"https:\\\/\\\/durathermcanada.ca\\\/wp-content\\\/uploads\\\/2022\\\/04\\\/duratherm-logo-big.svg\",\"contentUrl\":\"https:\\\/\\\/durathermcanada.ca\\\/wp-content\\\/uploads\\\/2022\\\/04\\\/duratherm-logo-big.svg\",\"width\":410,\"height\":75,\"caption\":\"Duratherm Heat Transfer Fluids\"},\"image\":{\"@id\":\"https:\\\/\\\/durathermcanada.ca\\\/fr\\\/#\\\/schema\\\/logo\\\/image\\\/\"}}]}<\/script>\n<!-- \/ Yoast SEO plugin. -->","yoast_head_json":{"title":"Huile thermique pour biodiesel, biocarburants \u00e0 base de bio\u00e9thanol | Duratherm","description":"Pr\u00e9servez l'\u00e9cologie de vos op\u00e9rations sans renoncer \u00e0 un contr\u00f4le pr\u00e9cis de la temp\u00e9rature ni \u00e0 la longue dur\u00e9e de vie de votre fluide thermique. Utilisez l'huile thermique non toxique de Duratherm.","robots":{"index":"index","follow":"follow","max-snippet":"max-snippet:-1","max-image-preview":"max-image-preview:large","max-video-preview":"max-video-preview:-1"},"canonical":"https:\/\/durathermcanada.ca\/fr\/industrie\/biocarburant\/","og_locale":"fr_CA","og_type":"article","og_title":"Huile thermique pour biodiesel, biocarburants \u00e0 base de bio\u00e9thanol | Duratherm","og_description":"Pr\u00e9servez l'\u00e9cologie de vos op\u00e9rations sans renoncer \u00e0 un contr\u00f4le pr\u00e9cis de la temp\u00e9rature ni \u00e0 la longue dur\u00e9e de vie de votre fluide thermique. Utilisez l'huile thermique non toxique de Duratherm.","og_url":"https:\/\/durathermcanada.ca\/fr\/industrie\/biocarburant\/","og_site_name":"Duratherm Fluids Canada","article_modified_time":"2025-08-11T14:41:06+00:00","twitter_card":"summary_large_image","twitter_misc":{"Estimation du temps de lecture":"3 minutes"},"schema":{"@context":"https:\/\/schema.org","@graph":[{"@type":"WebPage","@id":"https:\/\/durathermcanada.ca\/fr\/industrie\/biocarburant\/","url":"https:\/\/durathermcanada.ca\/fr\/industrie\/biocarburant\/","name":"Huile thermique pour biodiesel, biocarburants \u00e0 base de bio\u00e9thanol | Duratherm","isPartOf":{"@id":"https:\/\/durathermcanada.ca\/fr\/#website"},"datePublished":"2023-11-30T13:02:22+00:00","dateModified":"2025-08-11T14:41:06+00:00","description":"Pr\u00e9servez l'\u00e9cologie de vos op\u00e9rations sans renoncer \u00e0 un contr\u00f4le pr\u00e9cis de la temp\u00e9rature ni \u00e0 la longue dur\u00e9e de vie de votre fluide thermique. Utilisez l'huile thermique non toxique de Duratherm.","breadcrumb":{"@id":"https:\/\/durathermcanada.ca\/fr\/industrie\/biocarburant\/#breadcrumb"},"inLanguage":"fr-CA","potentialAction":[{"@type":"ReadAction","target":["https:\/\/durathermcanada.ca\/fr\/industrie\/biocarburant\/"]}]},{"@type":"BreadcrumbList","@id":"https:\/\/durathermcanada.ca\/fr\/industrie\/biocarburant\/#breadcrumb","itemListElement":[{"@type":"ListItem","position":1,"name":"Home","item":"https:\/\/durathermcanada.ca\/fr\/"},{"@type":"ListItem","position":2,"name":"Fluides de transfert de chaleur par secteur d&rsquo;activit\u00e9","item":"https:\/\/durathermcanada.ca\/fr\/secteur-dactivite\/"},{"@type":"ListItem","position":3,"name":"Biocarburant"}]},{"@type":"WebSite","@id":"https:\/\/durathermcanada.ca\/fr\/#website","url":"https:\/\/durathermcanada.ca\/fr\/","name":"Duratherm Fluids","description":"","publisher":{"@id":"https:\/\/durathermcanada.ca\/fr\/#organization"},"potentialAction":[{"@type":"SearchAction","target":{"@type":"EntryPoint","urlTemplate":"https:\/\/durathermcanada.ca\/fr\/?s={search_term_string}"},"query-input":{"@type":"PropertyValueSpecification","valueRequired":true,"valueName":"search_term_string"}}],"inLanguage":"fr-CA"},{"@type":"Organization","@id":"https:\/\/durathermcanada.ca\/fr\/#organization","name":"Duratherm Heat Transfer Fluids","url":"https:\/\/durathermcanada.ca\/fr\/","logo":{"@type":"ImageObject","inLanguage":"fr-CA","@id":"https:\/\/durathermcanada.ca\/fr\/#\/schema\/logo\/image\/","url":"https:\/\/durathermcanada.ca\/wp-content\/uploads\/2022\/04\/duratherm-logo-big.svg","contentUrl":"https:\/\/durathermcanada.ca\/wp-content\/uploads\/2022\/04\/duratherm-logo-big.svg","width":410,"height":75,"caption":"Duratherm Heat Transfer Fluids"},"image":{"@id":"https:\/\/durathermcanada.ca\/fr\/#\/schema\/logo\/image\/"}}]}},"_links":{"self":[{"href":"https:\/\/durathermcanada.ca\/fr\/wp-json\/wp\/v2\/pages\/4971","targetHints":{"allow":["GET"]}}],"collection":[{"href":"https:\/\/durathermcanada.ca\/fr\/wp-json\/wp\/v2\/pages"}],"about":[{"href":"https:\/\/durathermcanada.ca\/fr\/wp-json\/wp\/v2\/types\/page"}],"author":[{"embeddable":true,"href":"https:\/\/durathermcanada.ca\/fr\/wp-json\/wp\/v2\/users\/1"}],"replies":[{"embeddable":true,"href":"https:\/\/durathermcanada.ca\/fr\/wp-json\/wp\/v2\/comments?post=4971"}],"version-history":[{"count":3,"href":"https:\/\/durathermcanada.ca\/fr\/wp-json\/wp\/v2\/pages\/4971\/revisions"}],"predecessor-version":[{"id":5270,"href":"https:\/\/durathermcanada.ca\/fr\/wp-json\/wp\/v2\/pages\/4971\/revisions\/5270"}],"up":[{"embeddable":true,"href":"https:\/\/durathermcanada.ca\/fr\/wp-json\/wp\/v2\/pages\/4965"}],"wp:attachment":[{"href":"https:\/\/durathermcanada.ca\/fr\/wp-json\/wp\/v2\/media?parent=4971"}],"curies":[{"name":"wp","href":"https:\/\/api.w.org\/{rel}","templated":true}]}}