{"id":4968,"date":"2023-11-30T12:37:44","date_gmt":"2023-11-30T12:37:44","guid":{"rendered":"https:\/\/durathermcanada.ca\/fluides-de-transfert-de-chaleur-par-secteur-dactivite\/asphalte\/"},"modified":"2025-08-11T14:35:20","modified_gmt":"2025-08-11T14:35:20","slug":"asphalte","status":"publish","type":"page","link":"https:\/\/durathermcanada.ca\/fr\/industrie\/asphalte\/","title":{"rendered":"Asphalte"},"content":{"rendered":"[vc_row type=\u00a0\u00bbin_container\u00a0\u00bb full_screen_row_position=\u00a0\u00bbmiddle\u00a0\u00bb column_margin=\u00a0\u00bbdefault\u00a0\u00bb column_direction=\u00a0\u00bbdefault\u00a0\u00bb column_direction_tablet=\u00a0\u00bbdefault\u00a0\u00bb column_direction_phone=\u00a0\u00bbdefault\u00a0\u00bb scene_position=\u00a0\u00bbcenter\u00a0\u00bb text_color=\u00a0\u00bbdark\u00a0\u00bb text_align=\u00a0\u00bbleft\u00a0\u00bb row_border_radius=\u00a0\u00bbnone\u00a0\u00bb row_border_radius_applies=\u00a0\u00bbbg\u00a0\u00bb overflow=\u00a0\u00bbvisible\u00a0\u00bb overlay_strength=\u00a0\u00bb0.3&Prime; gradient_direction=\u00a0\u00bbleft_to_right\u00a0\u00bb shape_divider_position=\u00a0\u00bbbottom\u00a0\u00bb bg_image_animation=\u00a0\u00bbnone\u00a0\u00bb][vc_column column_padding=\u00a0\u00bbno-extra-padding\u00a0\u00bb column_padding_tablet=\u00a0\u00bbinherit\u00a0\u00bb column_padding_phone=\u00a0\u00bbinherit\u00a0\u00bb column_padding_position=\u00a0\u00bball\u00a0\u00bb column_element_direction_desktop=\u00a0\u00bbdefault\u00a0\u00bb column_element_spacing=\u00a0\u00bbdefault\u00a0\u00bb desktop_text_alignment=\u00a0\u00bbdefault\u00a0\u00bb tablet_text_alignment=\u00a0\u00bbdefault\u00a0\u00bb phone_text_alignment=\u00a0\u00bbdefault\u00a0\u00bb background_color_opacity=\u00a0\u00bb1&Prime; background_hover_color_opacity=\u00a0\u00bb1&Prime; column_backdrop_filter=\u00a0\u00bbnone\u00a0\u00bb column_shadow=\u00a0\u00bbnone\u00a0\u00bb column_border_radius=\u00a0\u00bbnone\u00a0\u00bb column_link_target=\u00a0\u00bb_self\u00a0\u00bb column_position=\u00a0\u00bbdefault\u00a0\u00bb gradient_direction=\u00a0\u00bbleft_to_right\u00a0\u00bb overlay_strength=\u00a0\u00bb0.3&Prime; width=\u00a0\u00bb3\/4&Prime; tablet_width_inherit=\u00a0\u00bbdefault\u00a0\u00bb animation_type=\u00a0\u00bbdefault\u00a0\u00bb bg_image_animation=\u00a0\u00bbnone\u00a0\u00bb border_type=\u00a0\u00bbsimple\u00a0\u00bb column_border_width=\u00a0\u00bbnone\u00a0\u00bb column_border_style=\u00a0\u00bbsolid\u00a0\u00bb][dura_custom_title text_tag=\u00a0\u00bbh1&Prime; alignment=\u00a0\u00bbjustify-content: flex-start;\u00a0\u00bb text_align=\u00a0\u00bbtext-align: left;\u00a0\u00bb]Fluides caloporteurs pour l&rsquo;industrie de l&rsquo;asphalte[\/dura_custom_title][dura_industry_selector][vc_column_text]Une gestion efficace des co\u00fbts li\u00e9s aux installations, \u00e0 la production et aux \u00e9quipements est essentielle au bon fonctionnement du secteur de l&rsquo;asphalte.<\/p>\n<p>Le fluide thermique est la derni\u00e8re chose dont vous voulez vous soucier lorsque vous \u00eates confront\u00e9 quotidiennement \u00e0 des questions de s\u00e9curit\u00e9, de r\u00e9glementation et de contr\u00f4le qualit\u00e9. Pour obtenir l&rsquo;huile chaude la plus abordable et la moins toxique qui soit, vous pouvez compter sur Duratherm pour satisfaire les demandes de vos clients tout en pr\u00e9servant la s\u00e9curit\u00e9 de vos employ\u00e9s.<\/p>\n<p>Notre huile thermique est utilis\u00e9e pour la production, le chauffage et le stockage dans les usines d&rsquo;asphalte situ\u00e9es partout en Am\u00e9rique du Nord. Vous pouvez compter sur Duratherm, que ce soit pour le traitement par lots, le chauffage d&rsquo;agr\u00e9gats dans des conditions extr\u00eamement froides ou le chauffage de milliers de gallons d&rsquo;asphalte entrepos\u00e9s dans des terminaux.<\/p>\n<p>Nous pouvons r\u00e9pondre \u00e0 toutes vos questions concernant l&rsquo;utilisation d&rsquo;huile chaude et vous aider \u00e0 trouver le fluide thermique le plus \u00e9conomique et le plus efficace pour vos machines. Afin de garantir le bon fonctionnement de vos op\u00e9rations d&rsquo;asphaltage, nous vous offrons \u00e9galement une <a href=\"https:\/\/durathermcanada.ca\/fr\/pourquoi\/analyse\/\">analyse gratuite des fluides,<\/a> un service de d\u00e9pannage et une assistance technique. <a href=\"https:\/\/durathermcanada.ca\/fr\/contact\/\">Contactez-nous d\u00e8s maintenant.<\/a>[\/vc_column_text][\/vc_column][vc_column column_padding=\u00a0\u00bbno-extra-padding\u00a0\u00bb column_padding_tablet=\u00a0\u00bbinherit\u00a0\u00bb column_padding_phone=\u00a0\u00bbinherit\u00a0\u00bb column_padding_position=\u00a0\u00bball\u00a0\u00bb column_element_direction_desktop=\u00a0\u00bbdefault\u00a0\u00bb column_element_spacing=\u00a0\u00bbdefault\u00a0\u00bb desktop_text_alignment=\u00a0\u00bbdefault\u00a0\u00bb tablet_text_alignment=\u00a0\u00bbdefault\u00a0\u00bb phone_text_alignment=\u00a0\u00bbdefault\u00a0\u00bb background_color_opacity=\u00a0\u00bb1&Prime; background_hover_color_opacity=\u00a0\u00bb1&Prime; column_backdrop_filter=\u00a0\u00bbnone\u00a0\u00bb column_shadow=\u00a0\u00bbnone\u00a0\u00bb column_border_radius=\u00a0\u00bbnone\u00a0\u00bb column_link_target=\u00a0\u00bb_self\u00a0\u00bb column_position=\u00a0\u00bbdefault\u00a0\u00bb gradient_direction=\u00a0\u00bbleft_to_right\u00a0\u00bb overlay_strength=\u00a0\u00bb0.3&Prime; width=\u00a0\u00bb1\/4&Prime; tablet_width_inherit=\u00a0\u00bbdefault\u00a0\u00bb animation_type=\u00a0\u00bbdefault\u00a0\u00bb bg_image_animation=\u00a0\u00bbnone\u00a0\u00bb border_type=\u00a0\u00bbsimple\u00a0\u00bb column_border_width=\u00a0\u00bbnone\u00a0\u00bb column_border_style=\u00a0\u00bbsolid\u00a0\u00bb][image_with_animation image_url=\u00a0\u00bb3462&Prime; image_size=\u00a0\u00bbfull\u00a0\u00bb animation_type=\u00a0\u00bbentrance\u00a0\u00bb animation=\u00a0\u00bbNone\u00a0\u00bb animation_movement_type=\u00a0\u00bbtransform_y\u00a0\u00bb hover_animation=\u00a0\u00bbnone\u00a0\u00bb alignment=\u00a0\u00bb\u00a0\u00bb border_radius=\u00a0\u00bbnone\u00a0\u00bb box_shadow=\u00a0\u00bbnone\u00a0\u00bb image_loading=\u00a0\u00bbdefault\u00a0\u00bb max_width=\u00a0\u00bb100%\u00a0\u00bb max_width_mobile=\u00a0\u00bbdefault\u00a0\u00bb][\/vc_column][\/vc_row][vc_row type=\u00a0\u00bbfull_width_background\u00a0\u00bb full_screen_row_position=\u00a0\u00bbmiddle\u00a0\u00bb column_margin=\u00a0\u00bbdefault\u00a0\u00bb column_direction=\u00a0\u00bbdefault\u00a0\u00bb column_direction_tablet=\u00a0\u00bbdefault\u00a0\u00bb column_direction_phone=\u00a0\u00bbdefault\u00a0\u00bb bg_color=\u00a0\u00bb#f2efef\u00a0\u00bb scene_position=\u00a0\u00bbcenter\u00a0\u00bb top_padding=\u00a0\u00bb30px\u00a0\u00bb bottom_padding=\u00a0\u00bb50px\u00a0\u00bb text_color=\u00a0\u00bbdark\u00a0\u00bb text_align=\u00a0\u00bbleft\u00a0\u00bb row_border_radius=\u00a0\u00bbnone\u00a0\u00bb row_border_radius_applies=\u00a0\u00bbbg\u00a0\u00bb overflow=\u00a0\u00bbvisible\u00a0\u00bb overlay_strength=\u00a0\u00bb0.3&Prime; gradient_direction=\u00a0\u00bbleft_to_right\u00a0\u00bb shape_divider_position=\u00a0\u00bbbottom\u00a0\u00bb bg_image_animation=\u00a0\u00bbnone\u00a0\u00bb gradient_type=\u00a0\u00bbdefault\u00a0\u00bb shape_type=\u00a0\u00bb\u00a0\u00bb][vc_column column_padding=\u00a0\u00bbno-extra-padding\u00a0\u00bb column_padding_tablet=\u00a0\u00bbinherit\u00a0\u00bb column_padding_phone=\u00a0\u00bbinherit\u00a0\u00bb column_padding_position=\u00a0\u00bball\u00a0\u00bb column_element_direction_desktop=\u00a0\u00bbdefault\u00a0\u00bb column_element_spacing=\u00a0\u00bbdefault\u00a0\u00bb desktop_text_alignment=\u00a0\u00bbdefault\u00a0\u00bb tablet_text_alignment=\u00a0\u00bbdefault\u00a0\u00bb phone_text_alignment=\u00a0\u00bbdefault\u00a0\u00bb background_color_opacity=\u00a0\u00bb1&Prime; background_hover_color_opacity=\u00a0\u00bb1&Prime; column_backdrop_filter=\u00a0\u00bbnone\u00a0\u00bb column_shadow=\u00a0\u00bbnone\u00a0\u00bb column_border_radius=\u00a0\u00bbnone\u00a0\u00bb column_link_target=\u00a0\u00bb_self\u00a0\u00bb column_position=\u00a0\u00bbdefault\u00a0\u00bb gradient_direction=\u00a0\u00bbleft_to_right\u00a0\u00bb overlay_strength=\u00a0\u00bb0.3&Prime; width=\u00a0\u00bb1\/1&Prime; tablet_width_inherit=\u00a0\u00bbdefault\u00a0\u00bb animation_type=\u00a0\u00bbdefault\u00a0\u00bb bg_image_animation=\u00a0\u00bbnone\u00a0\u00bb border_type=\u00a0\u00bbsimple\u00a0\u00bb column_border_width=\u00a0\u00bbnone\u00a0\u00bb column_border_style=\u00a0\u00bbsolid\u00a0\u00bb][dura_industry_grid industry_name=\u00a0\u00bbasphalt\u00a0\u00bb][\/vc_column][\/vc_row]\n","protected":false},"excerpt":{"rendered":"<p>[vc_row type=\u00a0\u00bbin_container\u00a0\u00bb full_screen_row_position=\u00a0\u00bbmiddle\u00a0\u00bb column_margin=\u00a0\u00bbdefault\u00a0\u00bb column_direction=\u00a0\u00bbdefault\u00a0\u00bb column_direction_tablet=\u00a0\u00bbdefault\u00a0\u00bb column_direction_phone=\u00a0\u00bbdefault\u00a0\u00bb scene_position=\u00a0\u00bbcenter\u00a0\u00bb text_color=\u00a0\u00bbdark\u00a0\u00bb text_align=\u00a0\u00bbleft\u00a0\u00bb row_border_radius=\u00a0\u00bbnone\u00a0\u00bb row_border_radius_applies=\u00a0\u00bbbg\u00a0\u00bb overflow=\u00a0\u00bbvisible\u00a0\u00bb overlay_strength=\u00a0\u00bb0.3&Prime; gradient_direction=\u00a0\u00bbleft_to_right\u00a0\u00bb shape_divider_position=\u00a0\u00bbbottom\u00a0\u00bb bg_image_animation=\u00a0\u00bbnone\u00a0\u00bb][vc_column column_padding=\u00a0\u00bbno-extra-padding\u00a0\u00bb column_padding_tablet=\u00a0\u00bbinherit\u00a0\u00bb column_padding_phone=\u00a0\u00bbinherit\u00a0\u00bb column_padding_position=\u00a0\u00bball\u00a0\u00bb column_element_direction_desktop=\u00a0\u00bbdefault\u00a0\u00bb column_element_spacing=\u00a0\u00bbdefault\u00a0\u00bb desktop_text_alignment=\u00a0\u00bbdefault\u00a0\u00bb tablet_text_alignment=\u00a0\u00bbdefault\u00a0\u00bb phone_text_alignment=\u00a0\u00bbdefault\u00a0\u00bb background_color_opacity=\u00a0\u00bb1&Prime; background_hover_color_opacity=\u00a0\u00bb1&Prime; column_backdrop_filter=\u00a0\u00bbnone\u00a0\u00bb column_shadow=\u00a0\u00bbnone\u00a0\u00bb&#8230;<\/p>\n","protected":false},"author":1,"featured_media":0,"parent":4965,"menu_order":0,"comment_status":"closed","ping_status":"closed","template":"","meta":{"_acf_changed":false,"footnotes":""},"class_list":["post-4968","page","type-page","status-publish"],"acf":[],"yoast_head":"<!-- This site is optimized with the Yoast SEO plugin v27.4 - https:\/\/yoast.com\/product\/yoast-seo-wordpress\/ -->\n<title>Huile chaude pour les processus de production d&#039;asphalte et les terminaux | Duratherm<\/title>\n<meta name=\"description\" content=\"Les usines de production d&#039;asphalte utilisent l&#039;huile chaude Duratherm pour des op\u00e9rations beaucoup plus \u00e9conomiques que celles r\u00e9alis\u00e9es avec les fluides thermiques concurrents.\" \/>\n<meta name=\"robots\" content=\"index, follow, max-snippet:-1, max-image-preview:large, max-video-preview:-1\" \/>\n<link rel=\"canonical\" href=\"https:\/\/durathermcanada.ca\/fr\/industrie\/asphalte\/\" \/>\n<meta property=\"og:locale\" content=\"fr_CA\" \/>\n<meta property=\"og:type\" content=\"article\" \/>\n<meta property=\"og:title\" content=\"Huile chaude pour les processus de production d&#039;asphalte et les terminaux | Duratherm\" \/>\n<meta property=\"og:description\" content=\"Les usines de production d&#039;asphalte utilisent l&#039;huile chaude Duratherm pour des op\u00e9rations beaucoup plus \u00e9conomiques que celles r\u00e9alis\u00e9es avec les fluides thermiques concurrents.\" \/>\n<meta property=\"og:url\" content=\"https:\/\/durathermcanada.ca\/fr\/industrie\/asphalte\/\" \/>\n<meta property=\"og:site_name\" content=\"Duratherm Fluids Canada\" \/>\n<meta property=\"article:modified_time\" content=\"2025-08-11T14:35:20+00:00\" \/>\n<meta name=\"twitter:card\" content=\"summary_large_image\" \/>\n<meta name=\"twitter:label1\" content=\"Estimation du temps de lecture\" \/>\n\t<meta name=\"twitter:data1\" content=\"4 minutes\" \/>\n<script type=\"application\/ld+json\" class=\"yoast-schema-graph\">{\"@context\":\"https:\\\/\\\/schema.org\",\"@graph\":[{\"@type\":\"WebPage\",\"@id\":\"https:\\\/\\\/durathermcanada.ca\\\/fr\\\/industrie\\\/asphalte\\\/\",\"url\":\"https:\\\/\\\/durathermcanada.ca\\\/fr\\\/industrie\\\/asphalte\\\/\",\"name\":\"Huile chaude pour les processus de production d'asphalte et les terminaux | Duratherm\",\"isPartOf\":{\"@id\":\"https:\\\/\\\/durathermcanada.ca\\\/fr\\\/#website\"},\"datePublished\":\"2023-11-30T12:37:44+00:00\",\"dateModified\":\"2025-08-11T14:35:20+00:00\",\"description\":\"Les usines de production d'asphalte utilisent l'huile chaude Duratherm pour des op\u00e9rations beaucoup plus \u00e9conomiques que celles r\u00e9alis\u00e9es avec les fluides thermiques concurrents.\",\"breadcrumb\":{\"@id\":\"https:\\\/\\\/durathermcanada.ca\\\/fr\\\/industrie\\\/asphalte\\\/#breadcrumb\"},\"inLanguage\":\"fr-CA\",\"potentialAction\":[{\"@type\":\"ReadAction\",\"target\":[\"https:\\\/\\\/durathermcanada.ca\\\/fr\\\/industrie\\\/asphalte\\\/\"]}]},{\"@type\":\"BreadcrumbList\",\"@id\":\"https:\\\/\\\/durathermcanada.ca\\\/fr\\\/industrie\\\/asphalte\\\/#breadcrumb\",\"itemListElement\":[{\"@type\":\"ListItem\",\"position\":1,\"name\":\"Home\",\"item\":\"https:\\\/\\\/durathermcanada.ca\\\/fr\\\/\"},{\"@type\":\"ListItem\",\"position\":2,\"name\":\"Fluides de transfert de chaleur par secteur d&rsquo;activit\u00e9\",\"item\":\"https:\\\/\\\/durathermcanada.ca\\\/fr\\\/secteur-dactivite\\\/\"},{\"@type\":\"ListItem\",\"position\":3,\"name\":\"Asphalte\"}]},{\"@type\":\"WebSite\",\"@id\":\"https:\\\/\\\/durathermcanada.ca\\\/fr\\\/#website\",\"url\":\"https:\\\/\\\/durathermcanada.ca\\\/fr\\\/\",\"name\":\"Duratherm Fluids\",\"description\":\"\",\"publisher\":{\"@id\":\"https:\\\/\\\/durathermcanada.ca\\\/fr\\\/#organization\"},\"potentialAction\":[{\"@type\":\"SearchAction\",\"target\":{\"@type\":\"EntryPoint\",\"urlTemplate\":\"https:\\\/\\\/durathermcanada.ca\\\/fr\\\/?s={search_term_string}\"},\"query-input\":{\"@type\":\"PropertyValueSpecification\",\"valueRequired\":true,\"valueName\":\"search_term_string\"}}],\"inLanguage\":\"fr-CA\"},{\"@type\":\"Organization\",\"@id\":\"https:\\\/\\\/durathermcanada.ca\\\/fr\\\/#organization\",\"name\":\"Duratherm Heat Transfer Fluids\",\"url\":\"https:\\\/\\\/durathermcanada.ca\\\/fr\\\/\",\"logo\":{\"@type\":\"ImageObject\",\"inLanguage\":\"fr-CA\",\"@id\":\"https:\\\/\\\/durathermcanada.ca\\\/fr\\\/#\\\/schema\\\/logo\\\/image\\\/\",\"url\":\"https:\\\/\\\/durathermcanada.ca\\\/wp-content\\\/uploads\\\/2022\\\/04\\\/duratherm-logo-big.svg\",\"contentUrl\":\"https:\\\/\\\/durathermcanada.ca\\\/wp-content\\\/uploads\\\/2022\\\/04\\\/duratherm-logo-big.svg\",\"width\":410,\"height\":75,\"caption\":\"Duratherm Heat Transfer Fluids\"},\"image\":{\"@id\":\"https:\\\/\\\/durathermcanada.ca\\\/fr\\\/#\\\/schema\\\/logo\\\/image\\\/\"}}]}<\/script>\n<!-- \/ Yoast SEO plugin. -->","yoast_head_json":{"title":"Huile chaude pour les processus de production d'asphalte et les terminaux | Duratherm","description":"Les usines de production d'asphalte utilisent l'huile chaude Duratherm pour des op\u00e9rations beaucoup plus \u00e9conomiques que celles r\u00e9alis\u00e9es avec les fluides thermiques concurrents.","robots":{"index":"index","follow":"follow","max-snippet":"max-snippet:-1","max-image-preview":"max-image-preview:large","max-video-preview":"max-video-preview:-1"},"canonical":"https:\/\/durathermcanada.ca\/fr\/industrie\/asphalte\/","og_locale":"fr_CA","og_type":"article","og_title":"Huile chaude pour les processus de production d'asphalte et les terminaux | Duratherm","og_description":"Les usines de production d'asphalte utilisent l'huile chaude Duratherm pour des op\u00e9rations beaucoup plus \u00e9conomiques que celles r\u00e9alis\u00e9es avec les fluides thermiques concurrents.","og_url":"https:\/\/durathermcanada.ca\/fr\/industrie\/asphalte\/","og_site_name":"Duratherm Fluids Canada","article_modified_time":"2025-08-11T14:35:20+00:00","twitter_card":"summary_large_image","twitter_misc":{"Estimation du temps de lecture":"4 minutes"},"schema":{"@context":"https:\/\/schema.org","@graph":[{"@type":"WebPage","@id":"https:\/\/durathermcanada.ca\/fr\/industrie\/asphalte\/","url":"https:\/\/durathermcanada.ca\/fr\/industrie\/asphalte\/","name":"Huile chaude pour les processus de production d'asphalte et les terminaux | Duratherm","isPartOf":{"@id":"https:\/\/durathermcanada.ca\/fr\/#website"},"datePublished":"2023-11-30T12:37:44+00:00","dateModified":"2025-08-11T14:35:20+00:00","description":"Les usines de production d'asphalte utilisent l'huile chaude Duratherm pour des op\u00e9rations beaucoup plus \u00e9conomiques que celles r\u00e9alis\u00e9es avec les fluides thermiques concurrents.","breadcrumb":{"@id":"https:\/\/durathermcanada.ca\/fr\/industrie\/asphalte\/#breadcrumb"},"inLanguage":"fr-CA","potentialAction":[{"@type":"ReadAction","target":["https:\/\/durathermcanada.ca\/fr\/industrie\/asphalte\/"]}]},{"@type":"BreadcrumbList","@id":"https:\/\/durathermcanada.ca\/fr\/industrie\/asphalte\/#breadcrumb","itemListElement":[{"@type":"ListItem","position":1,"name":"Home","item":"https:\/\/durathermcanada.ca\/fr\/"},{"@type":"ListItem","position":2,"name":"Fluides de transfert de chaleur par secteur d&rsquo;activit\u00e9","item":"https:\/\/durathermcanada.ca\/fr\/secteur-dactivite\/"},{"@type":"ListItem","position":3,"name":"Asphalte"}]},{"@type":"WebSite","@id":"https:\/\/durathermcanada.ca\/fr\/#website","url":"https:\/\/durathermcanada.ca\/fr\/","name":"Duratherm Fluids","description":"","publisher":{"@id":"https:\/\/durathermcanada.ca\/fr\/#organization"},"potentialAction":[{"@type":"SearchAction","target":{"@type":"EntryPoint","urlTemplate":"https:\/\/durathermcanada.ca\/fr\/?s={search_term_string}"},"query-input":{"@type":"PropertyValueSpecification","valueRequired":true,"valueName":"search_term_string"}}],"inLanguage":"fr-CA"},{"@type":"Organization","@id":"https:\/\/durathermcanada.ca\/fr\/#organization","name":"Duratherm Heat Transfer Fluids","url":"https:\/\/durathermcanada.ca\/fr\/","logo":{"@type":"ImageObject","inLanguage":"fr-CA","@id":"https:\/\/durathermcanada.ca\/fr\/#\/schema\/logo\/image\/","url":"https:\/\/durathermcanada.ca\/wp-content\/uploads\/2022\/04\/duratherm-logo-big.svg","contentUrl":"https:\/\/durathermcanada.ca\/wp-content\/uploads\/2022\/04\/duratherm-logo-big.svg","width":410,"height":75,"caption":"Duratherm Heat Transfer Fluids"},"image":{"@id":"https:\/\/durathermcanada.ca\/fr\/#\/schema\/logo\/image\/"}}]}},"_links":{"self":[{"href":"https:\/\/durathermcanada.ca\/fr\/wp-json\/wp\/v2\/pages\/4968","targetHints":{"allow":["GET"]}}],"collection":[{"href":"https:\/\/durathermcanada.ca\/fr\/wp-json\/wp\/v2\/pages"}],"about":[{"href":"https:\/\/durathermcanada.ca\/fr\/wp-json\/wp\/v2\/types\/page"}],"author":[{"embeddable":true,"href":"https:\/\/durathermcanada.ca\/fr\/wp-json\/wp\/v2\/users\/1"}],"replies":[{"embeddable":true,"href":"https:\/\/durathermcanada.ca\/fr\/wp-json\/wp\/v2\/comments?post=4968"}],"version-history":[{"count":3,"href":"https:\/\/durathermcanada.ca\/fr\/wp-json\/wp\/v2\/pages\/4968\/revisions"}],"predecessor-version":[{"id":5263,"href":"https:\/\/durathermcanada.ca\/fr\/wp-json\/wp\/v2\/pages\/4968\/revisions\/5263"}],"up":[{"embeddable":true,"href":"https:\/\/durathermcanada.ca\/fr\/wp-json\/wp\/v2\/pages\/4965"}],"wp:attachment":[{"href":"https:\/\/durathermcanada.ca\/fr\/wp-json\/wp\/v2\/media?parent=4968"}],"curies":[{"name":"wp","href":"https:\/\/api.w.org\/{rel}","templated":true}]}}