{"id":4938,"date":"2024-07-04T16:56:49","date_gmt":"2024-07-04T16:56:49","guid":{"rendered":"https:\/\/durathermcanada.ca\/conseils-et-modes-demploi\/etudes-de-cas\/"},"modified":"2025-09-10T15:06:13","modified_gmt":"2025-09-10T15:06:13","slug":"etudes-de-cas","status":"publish","type":"page","link":"https:\/\/durathermcanada.ca\/fr\/nouvelles\/etudes-de-cas\/","title":{"rendered":"\u00c9tudes de cas"},"content":{"rendered":"[vc_row type=\u00a0\u00bbfull_width_background\u00a0\u00bb full_screen_row_position=\u00a0\u00bbmiddle\u00a0\u00bb column_margin=\u00a0\u00bbdefault\u00a0\u00bb column_direction=\u00a0\u00bbdefault\u00a0\u00bb column_direction_tablet=\u00a0\u00bbdefault\u00a0\u00bb column_direction_phone=\u00a0\u00bbdefault\u00a0\u00bb scene_position=\u00a0\u00bbcenter\u00a0\u00bb text_color=\u00a0\u00bbdark\u00a0\u00bb text_align=\u00a0\u00bbleft\u00a0\u00bb row_border_radius=\u00a0\u00bbnone\u00a0\u00bb row_border_radius_applies=\u00a0\u00bbbg\u00a0\u00bb overflow=\u00a0\u00bbvisible\u00a0\u00bb overlay_strength=\u00a0\u00bb0.3&Prime; gradient_direction=\u00a0\u00bbleft_to_right\u00a0\u00bb shape_divider_position=\u00a0\u00bbbottom\u00a0\u00bb bg_image_animation=\u00a0\u00bbnone\u00a0\u00bb gradient_type=\u00a0\u00bbdefault\u00a0\u00bb shape_type=\u00a0\u00bb\u00a0\u00bb][vc_column top_padding_desktop=\u00a0\u00bb40px\u00a0\u00bb right_padding_desktop=\u00a0\u00bb40px\u00a0\u00bb column_element_direction_desktop=\u00a0\u00bbdefault\u00a0\u00bb column_element_spacing=\u00a0\u00bbdefault\u00a0\u00bb desktop_text_alignment=\u00a0\u00bbdefault\u00a0\u00bb tablet_text_alignment=\u00a0\u00bbdefault\u00a0\u00bb phone_text_alignment=\u00a0\u00bbdefault\u00a0\u00bb background_color_opacity=\u00a0\u00bb1&Prime; background_hover_color_opacity=\u00a0\u00bb1&Prime; column_backdrop_filter=\u00a0\u00bbnone\u00a0\u00bb column_shadow=\u00a0\u00bbnone\u00a0\u00bb column_border_radius=\u00a0\u00bbnone\u00a0\u00bb column_link_target=\u00a0\u00bb_self\u00a0\u00bb column_position=\u00a0\u00bbdefault\u00a0\u00bb gradient_direction=\u00a0\u00bbleft_to_right\u00a0\u00bb overlay_strength=\u00a0\u00bb0.3&Prime; width=\u00a0\u00bb2\/3&Prime; tablet_width_inherit=\u00a0\u00bbdefault\u00a0\u00bb animation_type=\u00a0\u00bbdefault\u00a0\u00bb bg_image_animation=\u00a0\u00bbnone\u00a0\u00bb border_type=\u00a0\u00bbsimple\u00a0\u00bb column_border_width=\u00a0\u00bbnone\u00a0\u00bb column_border_style=\u00a0\u00bbsolid\u00a0\u00bb column_padding_type=\u00a0\u00bbadvanced\u00a0\u00bb gradient_type=\u00a0\u00bbdefault\u00a0\u00bb][dura_custom_title text_tag=\u00a0\u00bbh1&Prime; alignment=\u00a0\u00bbjustify-content: flex-start;\u00a0\u00bb text_align=\u00a0\u00bbtext-align: left;\u00a0\u00bb text_color=\u00a0\u00bb#58595b\u00a0\u00bb font_weight=\u00a0\u00bb500&Prime; font_size=\u00a0\u00bb30px\u00a0\u00bb]Conseils et modes d\u2019emploi[\/dura_custom_title][vc_column_text css=\u00a0\u00bb.vc_custom_1731436272509{margin-bottom: 40px !important;}\u00a0\u00bb]Il peut arriver que vous ayez des questions sur le choix d&rsquo;un fluide de transfert de chaleur, sur ce qu&rsquo;il faut rechercher lors de l&rsquo;achat et de l&rsquo;entretien de votre syst\u00e8me de transfert de chaleur, sur le d\u00e9pannage et bien plus encore. Notre section Conseils et astuces est votre source pour toutes sortes d&rsquo;informations utiles.[\/vc_column_text][dura_category_list Layout=\u00a0\u00bbhorizontal\u00a0\u00bb layout=\u00a0\u00bbhorizontal\u00a0\u00bb][nectar_blog layout=\u00a0\u00bbstd-blog-fullwidth\u00a0\u00bb blog_standard_style=\u00a0\u00bbfeatured_img_left\u00a0\u00bb load_in_animation=\u00a0\u00bbnone\u00a0\u00bb category=\u00a0\u00bbcase-studies\u00a0\u00bb enable_pagination=\u00a0\u00bbtrue\u00a0\u00bb pagination_type=\u00a0\u00bbdefault\u00a0\u00bb order=\u00a0\u00bbDESC\u00a0\u00bb orderby=\u00a0\u00bbdate\u00a0\u00bb blog_remove_post_date=\u00a0\u00bbtrue\u00a0\u00bb blog_remove_post_author=\u00a0\u00bbtrue\u00a0\u00bb blog_remove_post_comment_number=\u00a0\u00bbtrue\u00a0\u00bb blog_remove_post_nectar_love=\u00a0\u00bbtrue\u00a0\u00bb posts_per_page=\u00a0\u00bb10&Prime;][\/vc_column][vc_column top_padding_desktop=\u00a0\u00bb40px\u00a0\u00bb constrain_group_100=\u00a0\u00bbyes\u00a0\u00bb bottom_padding_desktop=\u00a0\u00bb40px\u00a0\u00bb left_padding_desktop=\u00a0\u00bb20px\u00a0\u00bb column_element_direction_desktop=\u00a0\u00bbdefault\u00a0\u00bb column_element_spacing=\u00a0\u00bbdefault\u00a0\u00bb desktop_text_alignment=\u00a0\u00bbdefault\u00a0\u00bb tablet_text_alignment=\u00a0\u00bbdefault\u00a0\u00bb phone_text_alignment=\u00a0\u00bbdefault\u00a0\u00bb background_color=\u00a0\u00bb#efeff2&Prime; background_color_opacity=\u00a0\u00bb1&Prime; background_hover_color_opacity=\u00a0\u00bb1&Prime; column_backdrop_filter=\u00a0\u00bbnone\u00a0\u00bb column_shadow=\u00a0\u00bbnone\u00a0\u00bb column_border_radius=\u00a0\u00bbnone\u00a0\u00bb column_link_target=\u00a0\u00bb_self\u00a0\u00bb column_position=\u00a0\u00bbdefault\u00a0\u00bb advanced_gradient_angle=\u00a0\u00bb0&Prime; gradient_direction=\u00a0\u00bbleft_to_right\u00a0\u00bb overlay_strength=\u00a0\u00bb0.3&Prime; width=\u00a0\u00bb1\/3&Prime; tablet_width_inherit=\u00a0\u00bbdefault\u00a0\u00bb animation_type=\u00a0\u00bbdefault\u00a0\u00bb bg_image_animation=\u00a0\u00bbnone\u00a0\u00bb border_type=\u00a0\u00bbsimple\u00a0\u00bb column_border_width=\u00a0\u00bbnone\u00a0\u00bb column_border_style=\u00a0\u00bbsolid\u00a0\u00bb gradient_type=\u00a0\u00bbdefault\u00a0\u00bb column_padding_type=\u00a0\u00bbadvanced\u00a0\u00bb][dura_custom_title text_tag=\u00a0\u00bbh2&Prime; alignment=\u00a0\u00bbjustify-content: flex-start;\u00a0\u00bb text_align=\u00a0\u00bbtext-align: left;\u00a0\u00bb]Cat\u00e9gories[\/dura_custom_title][dura_category_list Layout=\u00a0\u00bbhorizontal\u00a0\u00bb layout=\u00a0\u00bbvertical\u00a0\u00bb][dura_custom_title text_tag=\u00a0\u00bbh2&Prime; alignment=\u00a0\u00bbjustify-content: flex-start;\u00a0\u00bb text_align=\u00a0\u00bbtext-align: left;\u00a0\u00bb]Nous joindre[\/dura_custom_title][vc_column_text]<a class=\"sidebar-call\" href=\"tel:18004464910\">1-800-446-491<\/a><br \/>\n<a class=\"sidebar-email\" href=\"mailto:inquiry@durathermfluids.com\">inquiry@durathermfluids.com<\/a>[\/vc_column_text][nectar_btn size=\u00a0\u00bbsmall\u00a0\u00bb button_style=\u00a0\u00bbregular\u00a0\u00bb button_color_2=\u00a0\u00bbExtra-Color-2&Prime; solid_text_color_override=\u00a0\u00bb#2d2d2d\u00a0\u00bb icon_family=\u00a0\u00bbnone\u00a0\u00bb el_class=\u00a0\u00bbwhite-button\u00a0\u00bb text=\u00a0\u00bbContactez-nous\u00a0\u00bb url=\u00a0\u00bbhttps:\/\/durathermcanada.ca\/contact\/\u00a0\u00bb margin_top=\u00a0\u00bb20px\u00a0\u00bb][\/vc_column][\/vc_row][vc_row type=\u00a0\u00bbin_container\u00a0\u00bb full_screen_row_position=\u00a0\u00bbmiddle\u00a0\u00bb column_margin=\u00a0\u00bbdefault\u00a0\u00bb column_direction=\u00a0\u00bbdefault\u00a0\u00bb column_direction_tablet=\u00a0\u00bbdefault\u00a0\u00bb column_direction_phone=\u00a0\u00bbdefault\u00a0\u00bb scene_position=\u00a0\u00bbcenter\u00a0\u00bb text_color=\u00a0\u00bbdark\u00a0\u00bb text_align=\u00a0\u00bbleft\u00a0\u00bb row_border_radius=\u00a0\u00bbnone\u00a0\u00bb row_border_radius_applies=\u00a0\u00bbbg\u00a0\u00bb overflow=\u00a0\u00bbvisible\u00a0\u00bb overlay_strength=\u00a0\u00bb0.3&Prime; gradient_direction=\u00a0\u00bbleft_to_right\u00a0\u00bb shape_divider_position=\u00a0\u00bbbottom\u00a0\u00bb bg_image_animation=\u00a0\u00bbnone\u00a0\u00bb][vc_column column_padding=\u00a0\u00bbno-extra-padding\u00a0\u00bb column_padding_tablet=\u00a0\u00bbinherit\u00a0\u00bb column_padding_phone=\u00a0\u00bbinherit\u00a0\u00bb column_padding_position=\u00a0\u00bball\u00a0\u00bb column_element_direction_desktop=\u00a0\u00bbdefault\u00a0\u00bb column_element_spacing=\u00a0\u00bbdefault\u00a0\u00bb desktop_text_alignment=\u00a0\u00bbdefault\u00a0\u00bb tablet_text_alignment=\u00a0\u00bbdefault\u00a0\u00bb phone_text_alignment=\u00a0\u00bbdefault\u00a0\u00bb background_color_opacity=\u00a0\u00bb1&Prime; background_hover_color_opacity=\u00a0\u00bb1&Prime; column_backdrop_filter=\u00a0\u00bbnone\u00a0\u00bb column_shadow=\u00a0\u00bbnone\u00a0\u00bb column_border_radius=\u00a0\u00bbnone\u00a0\u00bb column_link_target=\u00a0\u00bb_self\u00a0\u00bb column_position=\u00a0\u00bbdefault\u00a0\u00bb gradient_direction=\u00a0\u00bbleft_to_right\u00a0\u00bb overlay_strength=\u00a0\u00bb0.3&Prime; width=\u00a0\u00bb2\/3&Prime; tablet_width_inherit=\u00a0\u00bbdefault\u00a0\u00bb animation_type=\u00a0\u00bbdefault\u00a0\u00bb bg_image_animation=\u00a0\u00bbnone\u00a0\u00bb border_type=\u00a0\u00bbsimple\u00a0\u00bb column_border_width=\u00a0\u00bbnone\u00a0\u00bb column_border_style=\u00a0\u00bbsolid\u00a0\u00bb][\/vc_column][vc_column column_padding=\u00a0\u00bbno-extra-padding\u00a0\u00bb column_padding_tablet=\u00a0\u00bbinherit\u00a0\u00bb column_padding_phone=\u00a0\u00bbinherit\u00a0\u00bb column_padding_position=\u00a0\u00bball\u00a0\u00bb column_element_direction_desktop=\u00a0\u00bbdefault\u00a0\u00bb column_element_spacing=\u00a0\u00bbdefault\u00a0\u00bb desktop_text_alignment=\u00a0\u00bbdefault\u00a0\u00bb tablet_text_alignment=\u00a0\u00bbdefault\u00a0\u00bb phone_text_alignment=\u00a0\u00bbdefault\u00a0\u00bb background_color_opacity=\u00a0\u00bb1&Prime; background_hover_color_opacity=\u00a0\u00bb1&Prime; column_backdrop_filter=\u00a0\u00bbnone\u00a0\u00bb column_shadow=\u00a0\u00bbnone\u00a0\u00bb column_border_radius=\u00a0\u00bbnone\u00a0\u00bb column_link_target=\u00a0\u00bb_self\u00a0\u00bb column_position=\u00a0\u00bbdefault\u00a0\u00bb gradient_direction=\u00a0\u00bbleft_to_right\u00a0\u00bb overlay_strength=\u00a0\u00bb0.3&Prime; width=\u00a0\u00bb1\/3&Prime; tablet_width_inherit=\u00a0\u00bbdefault\u00a0\u00bb animation_type=\u00a0\u00bbdefault\u00a0\u00bb bg_image_animation=\u00a0\u00bbnone\u00a0\u00bb border_type=\u00a0\u00bbsimple\u00a0\u00bb column_border_width=\u00a0\u00bbnone\u00a0\u00bb column_border_style=\u00a0\u00bbsolid\u00a0\u00bb][\/vc_column][\/vc_row]\n","protected":false},"excerpt":{"rendered":"<p>[vc_row type=\u00a0\u00bbfull_width_background\u00a0\u00bb full_screen_row_position=\u00a0\u00bbmiddle\u00a0\u00bb column_margin=\u00a0\u00bbdefault\u00a0\u00bb column_direction=\u00a0\u00bbdefault\u00a0\u00bb column_direction_tablet=\u00a0\u00bbdefault\u00a0\u00bb column_direction_phone=\u00a0\u00bbdefault\u00a0\u00bb scene_position=\u00a0\u00bbcenter\u00a0\u00bb text_color=\u00a0\u00bbdark\u00a0\u00bb text_align=\u00a0\u00bbleft\u00a0\u00bb row_border_radius=\u00a0\u00bbnone\u00a0\u00bb row_border_radius_applies=\u00a0\u00bbbg\u00a0\u00bb overflow=\u00a0\u00bbvisible\u00a0\u00bb overlay_strength=\u00a0\u00bb0.3&Prime; gradient_direction=\u00a0\u00bbleft_to_right\u00a0\u00bb shape_divider_position=\u00a0\u00bbbottom\u00a0\u00bb bg_image_animation=\u00a0\u00bbnone\u00a0\u00bb gradient_type=\u00a0\u00bbdefault\u00a0\u00bb shape_type=\u00a0\u00bb\u00a0\u00bb][vc_column top_padding_desktop=\u00a0\u00bb40px\u00a0\u00bb right_padding_desktop=\u00a0\u00bb40px\u00a0\u00bb column_element_direction_desktop=\u00a0\u00bbdefault\u00a0\u00bb column_element_spacing=\u00a0\u00bbdefault\u00a0\u00bb desktop_text_alignment=\u00a0\u00bbdefault\u00a0\u00bb tablet_text_alignment=\u00a0\u00bbdefault\u00a0\u00bb phone_text_alignment=\u00a0\u00bbdefault\u00a0\u00bb background_color_opacity=\u00a0\u00bb1&Prime; background_hover_color_opacity=\u00a0\u00bb1&Prime; column_backdrop_filter=\u00a0\u00bbnone\u00a0\u00bb column_shadow=\u00a0\u00bbnone\u00a0\u00bb&#8230;<\/p>\n","protected":false},"author":1,"featured_media":0,"parent":4935,"menu_order":0,"comment_status":"closed","ping_status":"closed","template":"","meta":{"_acf_changed":false,"footnotes":""},"class_list":["post-4938","page","type-page","status-publish"],"acf":[],"yoast_head":"<!-- This site is optimized with the Yoast SEO plugin v27.4 - https:\/\/yoast.com\/product\/yoast-seo-wordpress\/ -->\n<title>\u00c9tudes de cas | Fluides de transfert de chaleur Duratherm<\/title>\n<meta name=\"description\" content=\"Lisez ces \u00e9tudes de cas pour d\u00e9couvrir comment Duratherm a contribu\u00e9 \u00e0 am\u00e9liorer les performances des syst\u00e8mes de transfert de chaleur pour ses clients.\" \/>\n<meta name=\"robots\" content=\"index, follow, max-snippet:-1, max-image-preview:large, max-video-preview:-1\" \/>\n<link rel=\"canonical\" href=\"https:\/\/durathermcanada.ca\/fr\/nouvelles\/etudes-de-cas\/\" \/>\n<meta property=\"og:locale\" content=\"fr_CA\" \/>\n<meta property=\"og:type\" content=\"article\" \/>\n<meta property=\"og:title\" content=\"\u00c9tudes de cas | Fluides de transfert de chaleur Duratherm\" \/>\n<meta property=\"og:description\" content=\"Lisez ces \u00e9tudes de cas pour d\u00e9couvrir comment Duratherm a contribu\u00e9 \u00e0 am\u00e9liorer les performances des syst\u00e8mes de transfert de chaleur pour ses clients.\" \/>\n<meta property=\"og:url\" content=\"https:\/\/durathermcanada.ca\/fr\/nouvelles\/etudes-de-cas\/\" \/>\n<meta property=\"og:site_name\" content=\"Duratherm Fluids Canada\" \/>\n<meta property=\"article:modified_time\" content=\"2025-09-10T15:06:13+00:00\" \/>\n<meta name=\"twitter:card\" content=\"summary_large_image\" \/>\n<meta name=\"twitter:label1\" content=\"Estimation du temps de lecture\" \/>\n\t<meta name=\"twitter:data1\" content=\"4 minutes\" \/>\n<script type=\"application\/ld+json\" class=\"yoast-schema-graph\">{\"@context\":\"https:\\\/\\\/schema.org\",\"@graph\":[{\"@type\":\"WebPage\",\"@id\":\"https:\\\/\\\/durathermcanada.ca\\\/fr\\\/nouvelles\\\/etudes-de-cas\\\/\",\"url\":\"https:\\\/\\\/durathermcanada.ca\\\/fr\\\/nouvelles\\\/etudes-de-cas\\\/\",\"name\":\"\u00c9tudes de cas | Fluides de transfert de chaleur Duratherm\",\"isPartOf\":{\"@id\":\"https:\\\/\\\/durathermcanada.ca\\\/fr\\\/#website\"},\"datePublished\":\"2024-07-04T16:56:49+00:00\",\"dateModified\":\"2025-09-10T15:06:13+00:00\",\"description\":\"Lisez ces \u00e9tudes de cas pour d\u00e9couvrir comment Duratherm a contribu\u00e9 \u00e0 am\u00e9liorer les performances des syst\u00e8mes de transfert de chaleur pour ses clients.\",\"breadcrumb\":{\"@id\":\"https:\\\/\\\/durathermcanada.ca\\\/fr\\\/nouvelles\\\/etudes-de-cas\\\/#breadcrumb\"},\"inLanguage\":\"fr-CA\",\"potentialAction\":[{\"@type\":\"ReadAction\",\"target\":[\"https:\\\/\\\/durathermcanada.ca\\\/fr\\\/nouvelles\\\/etudes-de-cas\\\/\"]}]},{\"@type\":\"BreadcrumbList\",\"@id\":\"https:\\\/\\\/durathermcanada.ca\\\/fr\\\/nouvelles\\\/etudes-de-cas\\\/#breadcrumb\",\"itemListElement\":[{\"@type\":\"ListItem\",\"position\":1,\"name\":\"Home\",\"item\":\"https:\\\/\\\/durathermcanada.ca\\\/fr\\\/\"},{\"@type\":\"ListItem\",\"position\":2,\"name\":\"Conseils et modes d&#8217;emploi\",\"item\":\"https:\\\/\\\/durathermcanada.ca\\\/fr\\\/nouvelles\\\/\"},{\"@type\":\"ListItem\",\"position\":3,\"name\":\"\u00c9tudes de cas\"}]},{\"@type\":\"WebSite\",\"@id\":\"https:\\\/\\\/durathermcanada.ca\\\/fr\\\/#website\",\"url\":\"https:\\\/\\\/durathermcanada.ca\\\/fr\\\/\",\"name\":\"Duratherm Fluids\",\"description\":\"\",\"publisher\":{\"@id\":\"https:\\\/\\\/durathermcanada.ca\\\/fr\\\/#organization\"},\"potentialAction\":[{\"@type\":\"SearchAction\",\"target\":{\"@type\":\"EntryPoint\",\"urlTemplate\":\"https:\\\/\\\/durathermcanada.ca\\\/fr\\\/?s={search_term_string}\"},\"query-input\":{\"@type\":\"PropertyValueSpecification\",\"valueRequired\":true,\"valueName\":\"search_term_string\"}}],\"inLanguage\":\"fr-CA\"},{\"@type\":\"Organization\",\"@id\":\"https:\\\/\\\/durathermcanada.ca\\\/fr\\\/#organization\",\"name\":\"Duratherm Heat Transfer Fluids\",\"url\":\"https:\\\/\\\/durathermcanada.ca\\\/fr\\\/\",\"logo\":{\"@type\":\"ImageObject\",\"inLanguage\":\"fr-CA\",\"@id\":\"https:\\\/\\\/durathermcanada.ca\\\/fr\\\/#\\\/schema\\\/logo\\\/image\\\/\",\"url\":\"https:\\\/\\\/durathermcanada.ca\\\/wp-content\\\/uploads\\\/2022\\\/04\\\/duratherm-logo-big.svg\",\"contentUrl\":\"https:\\\/\\\/durathermcanada.ca\\\/wp-content\\\/uploads\\\/2022\\\/04\\\/duratherm-logo-big.svg\",\"width\":410,\"height\":75,\"caption\":\"Duratherm Heat Transfer Fluids\"},\"image\":{\"@id\":\"https:\\\/\\\/durathermcanada.ca\\\/fr\\\/#\\\/schema\\\/logo\\\/image\\\/\"}}]}<\/script>\n<!-- \/ Yoast SEO plugin. -->","yoast_head_json":{"title":"\u00c9tudes de cas | Fluides de transfert de chaleur Duratherm","description":"Lisez ces \u00e9tudes de cas pour d\u00e9couvrir comment Duratherm a contribu\u00e9 \u00e0 am\u00e9liorer les performances des syst\u00e8mes de transfert de chaleur pour ses clients.","robots":{"index":"index","follow":"follow","max-snippet":"max-snippet:-1","max-image-preview":"max-image-preview:large","max-video-preview":"max-video-preview:-1"},"canonical":"https:\/\/durathermcanada.ca\/fr\/nouvelles\/etudes-de-cas\/","og_locale":"fr_CA","og_type":"article","og_title":"\u00c9tudes de cas | Fluides de transfert de chaleur Duratherm","og_description":"Lisez ces \u00e9tudes de cas pour d\u00e9couvrir comment Duratherm a contribu\u00e9 \u00e0 am\u00e9liorer les performances des syst\u00e8mes de transfert de chaleur pour ses clients.","og_url":"https:\/\/durathermcanada.ca\/fr\/nouvelles\/etudes-de-cas\/","og_site_name":"Duratherm Fluids Canada","article_modified_time":"2025-09-10T15:06:13+00:00","twitter_card":"summary_large_image","twitter_misc":{"Estimation du temps de lecture":"4 minutes"},"schema":{"@context":"https:\/\/schema.org","@graph":[{"@type":"WebPage","@id":"https:\/\/durathermcanada.ca\/fr\/nouvelles\/etudes-de-cas\/","url":"https:\/\/durathermcanada.ca\/fr\/nouvelles\/etudes-de-cas\/","name":"\u00c9tudes de cas | Fluides de transfert de chaleur Duratherm","isPartOf":{"@id":"https:\/\/durathermcanada.ca\/fr\/#website"},"datePublished":"2024-07-04T16:56:49+00:00","dateModified":"2025-09-10T15:06:13+00:00","description":"Lisez ces \u00e9tudes de cas pour d\u00e9couvrir comment Duratherm a contribu\u00e9 \u00e0 am\u00e9liorer les performances des syst\u00e8mes de transfert de chaleur pour ses clients.","breadcrumb":{"@id":"https:\/\/durathermcanada.ca\/fr\/nouvelles\/etudes-de-cas\/#breadcrumb"},"inLanguage":"fr-CA","potentialAction":[{"@type":"ReadAction","target":["https:\/\/durathermcanada.ca\/fr\/nouvelles\/etudes-de-cas\/"]}]},{"@type":"BreadcrumbList","@id":"https:\/\/durathermcanada.ca\/fr\/nouvelles\/etudes-de-cas\/#breadcrumb","itemListElement":[{"@type":"ListItem","position":1,"name":"Home","item":"https:\/\/durathermcanada.ca\/fr\/"},{"@type":"ListItem","position":2,"name":"Conseils et modes d&#8217;emploi","item":"https:\/\/durathermcanada.ca\/fr\/nouvelles\/"},{"@type":"ListItem","position":3,"name":"\u00c9tudes de cas"}]},{"@type":"WebSite","@id":"https:\/\/durathermcanada.ca\/fr\/#website","url":"https:\/\/durathermcanada.ca\/fr\/","name":"Duratherm Fluids","description":"","publisher":{"@id":"https:\/\/durathermcanada.ca\/fr\/#organization"},"potentialAction":[{"@type":"SearchAction","target":{"@type":"EntryPoint","urlTemplate":"https:\/\/durathermcanada.ca\/fr\/?s={search_term_string}"},"query-input":{"@type":"PropertyValueSpecification","valueRequired":true,"valueName":"search_term_string"}}],"inLanguage":"fr-CA"},{"@type":"Organization","@id":"https:\/\/durathermcanada.ca\/fr\/#organization","name":"Duratherm Heat Transfer Fluids","url":"https:\/\/durathermcanada.ca\/fr\/","logo":{"@type":"ImageObject","inLanguage":"fr-CA","@id":"https:\/\/durathermcanada.ca\/fr\/#\/schema\/logo\/image\/","url":"https:\/\/durathermcanada.ca\/wp-content\/uploads\/2022\/04\/duratherm-logo-big.svg","contentUrl":"https:\/\/durathermcanada.ca\/wp-content\/uploads\/2022\/04\/duratherm-logo-big.svg","width":410,"height":75,"caption":"Duratherm Heat Transfer Fluids"},"image":{"@id":"https:\/\/durathermcanada.ca\/fr\/#\/schema\/logo\/image\/"}}]}},"_links":{"self":[{"href":"https:\/\/durathermcanada.ca\/fr\/wp-json\/wp\/v2\/pages\/4938","targetHints":{"allow":["GET"]}}],"collection":[{"href":"https:\/\/durathermcanada.ca\/fr\/wp-json\/wp\/v2\/pages"}],"about":[{"href":"https:\/\/durathermcanada.ca\/fr\/wp-json\/wp\/v2\/types\/page"}],"author":[{"embeddable":true,"href":"https:\/\/durathermcanada.ca\/fr\/wp-json\/wp\/v2\/users\/1"}],"replies":[{"embeddable":true,"href":"https:\/\/durathermcanada.ca\/fr\/wp-json\/wp\/v2\/comments?post=4938"}],"version-history":[{"count":5,"href":"https:\/\/durathermcanada.ca\/fr\/wp-json\/wp\/v2\/pages\/4938\/revisions"}],"predecessor-version":[{"id":5574,"href":"https:\/\/durathermcanada.ca\/fr\/wp-json\/wp\/v2\/pages\/4938\/revisions\/5574"}],"up":[{"embeddable":true,"href":"https:\/\/durathermcanada.ca\/fr\/wp-json\/wp\/v2\/pages\/4935"}],"wp:attachment":[{"href":"https:\/\/durathermcanada.ca\/fr\/wp-json\/wp\/v2\/media?parent=4938"}],"curies":[{"name":"wp","href":"https:\/\/api.w.org\/{rel}","templated":true}]}}